{"id":8360,"date":"2021-11-15T21:53:06","date_gmt":"2021-11-16T03:53:06","guid":{"rendered":"https:\/\/dev-temp.borderlessmag.org\/wordpress\/?page_id=8360"},"modified":"2022-09-30T12:30:49","modified_gmt":"2022-09-30T17:30:49","slug":"reedicion-de","status":"publish","type":"page","link":"https:\/\/borderlessmag.org\/es\/republishing\/","title":{"rendered":"Volver a publicar"},"content":{"rendered":"<div id=\"fws_69d0d77328345\"  data-column-margin=\"default\" data-midnight=\"dark\" data-top-percent=\"2%\"  class=\"wpb_row vc_row-fluid vc_row\"  style=\"padding-top: calc(100vw * 0.02); padding-bottom: 0px; \"><div class=\"row-bg-wrap\" data-bg-animation=\"none\" data-bg-animation-delay=\"\" data-bg-overlay=\"false\"><div class=\"inner-wrap row-bg-layer\" ><div class=\"row-bg viewport-desktop\"  style=\"\"><\/div><\/div><\/div><div class=\"row_col_wrap_12 col span_12 dark left\">\n\t<div  class=\"vc_col-sm-12 wpb_column column_container vc_column_container col no-extra-padding inherit_tablet inherit_phone\"  data-padding-pos=\"all\" data-has-bg-color=\"false\" data-bg-color=\"\" data-bg-opacity=\"1\" data-animation=\"\" data-delay=\"0\" >\n\t\t<div class=\"vc_column-inner\" >\n\t\t\t<div class=\"wpb_wrapper\">\n\t\t\t\t\n<div class=\"wpb_text_column wpb_content_element\" >\n\t<p>Prestamos un servicio p\u00fablico.<\/p>\n<p>El periodismo es vital para nuestra democracia. Y creemos que debe ser gratuito y accesible para todos. Por eso no tenemos un muro de pago en nuestro sitio, no cobramos una cuota de suscripci\u00f3n ni saturamos nuestros art\u00edculos con anuncios que no tienen nada que ver con nuestra comunidad.<\/p>\n<p>Ofrecemos nuestras historias a los medios de comunicaci\u00f3n para que las publiquen gratuitamente. \u00bfLe interesa obtener permiso para volver a publicar nuestro trabajo? Env\u00edenos un correo electr\u00f3nico a <a href=\"mailto:info@borderlessmag.org\">info@borderlessmag.org<\/a><\/p>\n<p>\u00bfSab\u00eda que ofrecemos talleres para periodistas sobre c\u00f3mo informar mejor sobre inmigraci\u00f3n? <a href=\"https:\/\/borderlessmag.org\/es\/wordpress\/laboratorio-de-informes-de-inmigracion\/\">Consulte nuestro Laboratorio de Informes sobre Inmigraci\u00f3n para obtener m\u00e1s informaci\u00f3n.<\/a><\/p>\n<\/div>\n\n\n\n\n\t\t\t<\/div> \n\t\t<\/div>\n\t<\/div> \n<\/div><\/div>","protected":false},"excerpt":{"rendered":"Prestamos un servicio p\u00fablico. El periodismo es vital para nuestra democracia. Y creemos que debe ser gratuito y accesible para todos. Por eso no tenemos un muro de pago en nuestro sitio, no cobramos una cuota de suscripci\u00f3n ni saturamos nuestros art\u00edculos con anuncios que no tienen nada que ver con nuestra comunidad. Ofrecemos nuestros art\u00edculos a los medios de comunicaci\u00f3n para su publicaci\u00f3n gratuita. \u00bfLe interesa obtener permiso para volver a publicar nuestro trabajo? Env\u00edenos un correo electr\u00f3nico a info@borderlessmag.org \u00bfSab\u00eda que ofrecemos talleres para periodistas sobre c\u00f3mo informar mejor sobre inmigraci\u00f3n? Consulte nuestro Laboratorio de informaci\u00f3n sobre inmigraci\u00f3n para obtener m\u00e1s informaci\u00f3n.","protected":false},"author":2,"featured_media":8441,"parent":0,"menu_order":0,"comment_status":"closed","ping_status":"closed","template":"","meta":{"inline_featured_image":false,"footnotes":""},"coauthors":[204],"class_list":["post-8360","page","type-page","status-publish","has-post-thumbnail"],"yoast_head":"<!-- This site is optimized with the Yoast SEO Premium plugin v27.3 (Yoast SEO v27.3) - https:\/\/yoast.com\/product\/yoast-seo-premium-wordpress\/ -->\n<title>Republishing &#8211; Borderless Magazine NFP<\/title>\n<meta name=\"description\" content=\"Republishing &#8211; Borderless Magazine NFP\" \/>\n<meta name=\"robots\" content=\"index, follow, max-snippet:-1, max-image-preview:large, max-video-preview:-1\" \/>\n<link rel=\"canonical\" href=\"https:\/\/borderlessmag.org\/es\/reedicion-de\/\" \/>\n<meta property=\"og:locale\" content=\"es_MX\" \/>\n<meta property=\"og:type\" content=\"article\" \/>\n<meta property=\"og:title\" content=\"Republishing &#8211; Borderless Magazine NFP\" \/>\n<meta property=\"og:description\" content=\"Republishing &#8211; Borderless Magazine NFP\" \/>\n<meta property=\"og:url\" content=\"https:\/\/borderlessmag.org\/es\/reedicion-de\/\" \/>\n<meta property=\"og:site_name\" content=\"Borderless Magazine NFP\" \/>\n<meta property=\"article:publisher\" content=\"https:\/\/www.facebook.com\/BorderlessMagazine\" \/>\n<meta property=\"article:modified_time\" content=\"2022-09-30T17:30:49+00:00\" \/>\n<meta property=\"og:image\" content=\"https:\/\/borderlessmag.org\/wordpress\/wp-content\/uploads\/2021\/12\/B-Logo.png\" \/>\n\t<meta property=\"og:image:width\" content=\"200\" \/>\n\t<meta property=\"og:image:height\" content=\"200\" \/>\n\t<meta property=\"og:image:type\" content=\"image\/png\" \/>\n<meta name=\"twitter:card\" content=\"summary_large_image\" \/>\n<meta name=\"twitter:label1\" content=\"Tiempo de lectura\" \/>\n\t<meta name=\"twitter:data1\" content=\"1 minuto\" \/>\n\t<meta name=\"twitter:label2\" content=\"Written by\" \/>\n\t<meta name=\"twitter:data2\" content=\"Brenton King\" \/>\n<script type=\"application\/ld+json\" class=\"yoast-schema-graph\">{\"@context\":\"https:\\\/\\\/schema.org\",\"@graph\":[{\"@type\":\"NewsArticle\",\"@id\":\"https:\\\/\\\/borderlessmag.org\\\/republishing\\\/#article\",\"isPartOf\":{\"@id\":\"https:\\\/\\\/borderlessmag.org\\\/republishing\\\/\"},\"author\":{\"name\":\"Brenton King\",\"@id\":\"https:\\\/\\\/borderlessmag.org\\\/#\\\/schema\\\/person\\\/e5757a2d987d1c83b79c8da68d5b8710\"},\"headline\":\"Republishing\",\"datePublished\":\"2021-11-16T03:53:06+00:00\",\"dateModified\":\"2022-09-30T17:30:49+00:00\",\"mainEntityOfPage\":{\"@id\":\"https:\\\/\\\/borderlessmag.org\\\/republishing\\\/\"},\"wordCount\":246,\"publisher\":{\"@id\":\"https:\\\/\\\/borderlessmag.org\\\/#organization\"},\"image\":{\"@id\":\"https:\\\/\\\/borderlessmag.org\\\/republishing\\\/#primaryimage\"},\"thumbnailUrl\":\"https:\\\/\\\/borderlessmag.org\\\/wordpress\\\/wp-content\\\/uploads\\\/2021\\\/12\\\/B-Logo.png\",\"inLanguage\":\"es\"},{\"@type\":\"WebPage\",\"@id\":\"https:\\\/\\\/borderlessmag.org\\\/republishing\\\/\",\"url\":\"https:\\\/\\\/borderlessmag.org\\\/republishing\\\/\",\"name\":\"Republishing &#8211; Borderless Magazine NFP\",\"isPartOf\":{\"@id\":\"https:\\\/\\\/borderlessmag.org\\\/#website\"},\"primaryImageOfPage\":{\"@id\":\"https:\\\/\\\/borderlessmag.org\\\/republishing\\\/#primaryimage\"},\"image\":{\"@id\":\"https:\\\/\\\/borderlessmag.org\\\/republishing\\\/#primaryimage\"},\"thumbnailUrl\":\"https:\\\/\\\/borderlessmag.org\\\/wordpress\\\/wp-content\\\/uploads\\\/2021\\\/12\\\/B-Logo.png\",\"datePublished\":\"2021-11-16T03:53:06+00:00\",\"dateModified\":\"2022-09-30T17:30:49+00:00\",\"description\":\"Republishing &#8211; Borderless Magazine NFP\",\"inLanguage\":\"es\",\"potentialAction\":[{\"@type\":\"ReadAction\",\"target\":[\"https:\\\/\\\/borderlessmag.org\\\/republishing\\\/\"]}]},{\"@type\":\"ImageObject\",\"inLanguage\":\"es\",\"@id\":\"https:\\\/\\\/borderlessmag.org\\\/republishing\\\/#primaryimage\",\"url\":\"https:\\\/\\\/borderlessmag.org\\\/wordpress\\\/wp-content\\\/uploads\\\/2021\\\/12\\\/B-Logo.png\",\"contentUrl\":\"https:\\\/\\\/borderlessmag.org\\\/wordpress\\\/wp-content\\\/uploads\\\/2021\\\/12\\\/B-Logo.png\"},{\"@type\":\"WebSite\",\"@id\":\"https:\\\/\\\/borderlessmag.org\\\/#website\",\"url\":\"https:\\\/\\\/borderlessmag.org\\\/\",\"name\":\"Borderless Magazine NFP\",\"description\":\"Stories about immigration and immigrants\",\"publisher\":{\"@id\":\"https:\\\/\\\/borderlessmag.org\\\/#organization\"},\"alternateName\":\"Borderless\",\"potentialAction\":[{\"@type\":\"SearchAction\",\"target\":{\"@type\":\"EntryPoint\",\"urlTemplate\":\"https:\\\/\\\/borderlessmag.org\\\/?s={search_term_string}\"},\"query-input\":{\"@type\":\"PropertyValueSpecification\",\"valueRequired\":true,\"valueName\":\"search_term_string\"}}],\"inLanguage\":\"es\"},{\"@type\":\"Organization\",\"@id\":\"https:\\\/\\\/borderlessmag.org\\\/#organization\",\"name\":\"Borderless Magazine NFP\",\"alternateName\":\"Borderless Mag\",\"url\":\"https:\\\/\\\/borderlessmag.org\\\/\",\"logo\":{\"@type\":\"ImageObject\",\"inLanguage\":\"es\",\"@id\":\"https:\\\/\\\/borderlessmag.org\\\/#\\\/schema\\\/logo\\\/image\\\/\",\"url\":\"https:\\\/\\\/borderlessmag.org\\\/wordpress\\\/wp-content\\\/uploads\\\/2025\\\/08\\\/BorderlessLogo_main_square.jpg\",\"contentUrl\":\"https:\\\/\\\/borderlessmag.org\\\/wordpress\\\/wp-content\\\/uploads\\\/2025\\\/08\\\/BorderlessLogo_main_square.jpg\",\"width\":696,\"height\":696,\"caption\":\"Borderless Magazine NFP\"},\"image\":{\"@id\":\"https:\\\/\\\/borderlessmag.org\\\/#\\\/schema\\\/logo\\\/image\\\/\"},\"sameAs\":[\"https:\\\/\\\/www.facebook.com\\\/BorderlessMagazine\",\"https:\\\/\\\/www.instagram.com\\\/borderless_mag\\\/\",\"https:\\\/\\\/www.tiktok.com\\\/@borderless_mag\"]},{\"@type\":\"Person\",\"@id\":\"https:\\\/\\\/borderlessmag.org\\\/#\\\/schema\\\/person\\\/e5757a2d987d1c83b79c8da68d5b8710\",\"name\":\"Brenton King\",\"image\":{\"@type\":\"ImageObject\",\"inLanguage\":\"es\",\"@id\":\"https:\\\/\\\/secure.gravatar.com\\\/avatar\\\/5caaccf5321c343871a568fc3f9d6ca8a6b2b05ed7b7a195f9316d8dd4771459?s=96&d=mm&r=g06ca93669788780951b69029adc2b42a\",\"url\":\"https:\\\/\\\/secure.gravatar.com\\\/avatar\\\/5caaccf5321c343871a568fc3f9d6ca8a6b2b05ed7b7a195f9316d8dd4771459?s=96&d=mm&r=g\",\"contentUrl\":\"https:\\\/\\\/secure.gravatar.com\\\/avatar\\\/5caaccf5321c343871a568fc3f9d6ca8a6b2b05ed7b7a195f9316d8dd4771459?s=96&d=mm&r=g\",\"caption\":\"Brenton King\"},\"url\":\"https:\\\/\\\/borderlessmag.org\\\/es\\\/author\\\/wynneswps\\\/\"}]}<\/script>\n<!-- \/ Yoast SEO Premium plugin. -->","yoast_head_json":{"title":"Reedici\u00f3n - Borderless Magazine PFN","description":"Reedici\u00f3n - Borderless Magazine PFN","robots":{"index":"index","follow":"follow","max-snippet":"max-snippet:-1","max-image-preview":"max-image-preview:large","max-video-preview":"max-video-preview:-1"},"canonical":"https:\/\/borderlessmag.org\/es\/reedicion-de\/","og_locale":"es_MX","og_type":"article","og_title":"Republishing &#8211; Borderless Magazine NFP","og_description":"Republishing &#8211; Borderless Magazine NFP","og_url":"https:\/\/borderlessmag.org\/es\/reedicion-de\/","og_site_name":"Borderless Magazine NFP","article_publisher":"https:\/\/www.facebook.com\/BorderlessMagazine","article_modified_time":"2022-09-30T17:30:49+00:00","og_image":[{"width":200,"height":200,"url":"https:\/\/borderlessmag.org\/wordpress\/wp-content\/uploads\/2021\/12\/B-Logo.png","type":"image\/png"}],"twitter_card":"summary_large_image","twitter_misc":{"Tiempo de lectura":"1 minuto","Written by":"Brenton King"},"schema":{"@context":"https:\/\/schema.org","@graph":[{"@type":"NewsArticle","@id":"https:\/\/borderlessmag.org\/republishing\/#article","isPartOf":{"@id":"https:\/\/borderlessmag.org\/republishing\/"},"author":{"name":"Brenton King","@id":"https:\/\/borderlessmag.org\/#\/schema\/person\/e5757a2d987d1c83b79c8da68d5b8710"},"headline":"Republishing","datePublished":"2021-11-16T03:53:06+00:00","dateModified":"2022-09-30T17:30:49+00:00","mainEntityOfPage":{"@id":"https:\/\/borderlessmag.org\/republishing\/"},"wordCount":246,"publisher":{"@id":"https:\/\/borderlessmag.org\/#organization"},"image":{"@id":"https:\/\/borderlessmag.org\/republishing\/#primaryimage"},"thumbnailUrl":"https:\/\/borderlessmag.org\/wordpress\/wp-content\/uploads\/2021\/12\/B-Logo.png","inLanguage":"es"},{"@type":"WebPage","@id":"https:\/\/borderlessmag.org\/republishing\/","url":"https:\/\/borderlessmag.org\/republishing\/","name":"Reedici\u00f3n - Borderless Magazine PFN","isPartOf":{"@id":"https:\/\/borderlessmag.org\/#website"},"primaryImageOfPage":{"@id":"https:\/\/borderlessmag.org\/republishing\/#primaryimage"},"image":{"@id":"https:\/\/borderlessmag.org\/republishing\/#primaryimage"},"thumbnailUrl":"https:\/\/borderlessmag.org\/wordpress\/wp-content\/uploads\/2021\/12\/B-Logo.png","datePublished":"2021-11-16T03:53:06+00:00","dateModified":"2022-09-30T17:30:49+00:00","description":"Reedici\u00f3n - Borderless Magazine PFN","inLanguage":"es","potentialAction":[{"@type":"ReadAction","target":["https:\/\/borderlessmag.org\/republishing\/"]}]},{"@type":"ImageObject","inLanguage":"es","@id":"https:\/\/borderlessmag.org\/republishing\/#primaryimage","url":"https:\/\/borderlessmag.org\/wordpress\/wp-content\/uploads\/2021\/12\/B-Logo.png","contentUrl":"https:\/\/borderlessmag.org\/wordpress\/wp-content\/uploads\/2021\/12\/B-Logo.png"},{"@type":"WebSite","@id":"https:\/\/borderlessmag.org\/#website","url":"https:\/\/borderlessmag.org\/","name":"Revista Borderless NFP","description":"Historias sobre inmigraci\u00f3n e inmigrantes","publisher":{"@id":"https:\/\/borderlessmag.org\/#organization"},"alternateName":"Borderless","potentialAction":[{"@type":"SearchAction","target":{"@type":"EntryPoint","urlTemplate":"https:\/\/borderlessmag.org\/?s={search_term_string}"},"query-input":{"@type":"PropertyValueSpecification","valueRequired":true,"valueName":"search_term_string"}}],"inLanguage":"es"},{"@type":"Organization","@id":"https:\/\/borderlessmag.org\/#organization","name":"Revista Borderless NFP","alternateName":"Borderless Mag","url":"https:\/\/borderlessmag.org\/","logo":{"@type":"ImageObject","inLanguage":"es","@id":"https:\/\/borderlessmag.org\/#\/schema\/logo\/image\/","url":"https:\/\/borderlessmag.org\/wordpress\/wp-content\/uploads\/2025\/08\/BorderlessLogo_main_square.jpg","contentUrl":"https:\/\/borderlessmag.org\/wordpress\/wp-content\/uploads\/2025\/08\/BorderlessLogo_main_square.jpg","width":696,"height":696,"caption":"Borderless Magazine NFP"},"image":{"@id":"https:\/\/borderlessmag.org\/#\/schema\/logo\/image\/"},"sameAs":["https:\/\/www.facebook.com\/BorderlessMagazine","https:\/\/www.instagram.com\/borderless_mag\/","https:\/\/www.tiktok.com\/@borderless_mag"]},{"@type":"Person","@id":"https:\/\/borderlessmag.org\/#\/schema\/person\/e5757a2d987d1c83b79c8da68d5b8710","name":"Brenton King","image":{"@type":"ImageObject","inLanguage":"es","@id":"https:\/\/secure.gravatar.com\/avatar\/5caaccf5321c343871a568fc3f9d6ca8a6b2b05ed7b7a195f9316d8dd4771459?s=96&d=mm&r=g06ca93669788780951b69029adc2b42a","url":"https:\/\/secure.gravatar.com\/avatar\/5caaccf5321c343871a568fc3f9d6ca8a6b2b05ed7b7a195f9316d8dd4771459?s=96&d=mm&r=g","contentUrl":"https:\/\/secure.gravatar.com\/avatar\/5caaccf5321c343871a568fc3f9d6ca8a6b2b05ed7b7a195f9316d8dd4771459?s=96&d=mm&r=g","caption":"Brenton King"},"url":"https:\/\/borderlessmag.org\/es\/author\/wynneswps\/"}]}},"_links":{"self":[{"href":"https:\/\/borderlessmag.org\/es\/wp-json\/wp\/v2\/pages\/8360","targetHints":{"allow":["GET"]}}],"collection":[{"href":"https:\/\/borderlessmag.org\/es\/wp-json\/wp\/v2\/pages"}],"about":[{"href":"https:\/\/borderlessmag.org\/es\/wp-json\/wp\/v2\/types\/page"}],"author":[{"embeddable":true,"href":"https:\/\/borderlessmag.org\/es\/wp-json\/wp\/v2\/users\/2"}],"replies":[{"embeddable":true,"href":"https:\/\/borderlessmag.org\/es\/wp-json\/wp\/v2\/comments?post=8360"}],"version-history":[{"count":0,"href":"https:\/\/borderlessmag.org\/es\/wp-json\/wp\/v2\/pages\/8360\/revisions"}],"wp:featuredmedia":[{"embeddable":true,"href":"https:\/\/borderlessmag.org\/es\/wp-json\/wp\/v2\/media\/8441"}],"wp:attachment":[{"href":"https:\/\/borderlessmag.org\/es\/wp-json\/wp\/v2\/media?parent=8360"}],"wp:term":[{"taxonomy":"author","embeddable":true,"href":"https:\/\/borderlessmag.org\/es\/wp-json\/wp\/v2\/coauthors?post=8360"}],"curies":[{"name":"wp","href":"https:\/\/api.w.org\/{rel}","templated":true}]}}