{"id":8347,"date":"2021-11-15T21:32:41","date_gmt":"2021-11-16T03:32:41","guid":{"rendered":"https:\/\/dev-temp.borderlessmag.org\/wordpress\/?page_id=8347"},"modified":"2024-06-18T14:54:15","modified_gmt":"2024-06-18T19:54:15","slug":"formas-de-donar","status":"publish","type":"page","link":"https:\/\/borderlessmag.org\/es\/ways-to-give\/","title":{"rendered":"Formas de donar"},"content":{"rendered":"<div id=\"fws_69d2769da2c53\"  data-column-margin=\"default\" data-midnight=\"dark\" data-top-percent=\"2%\"  class=\"wpb_row vc_row-fluid vc_row\"  style=\"padding-top: calc(100vw * 0.02); padding-bottom: 0px; \"><div class=\"row-bg-wrap\" data-bg-animation=\"none\" data-bg-animation-delay=\"\" data-bg-overlay=\"false\"><div class=\"inner-wrap row-bg-layer\" ><div class=\"row-bg viewport-desktop\"  style=\"\"><\/div><\/div><\/div><div class=\"row_col_wrap_12 col span_12 dark left\">\n\t<div  class=\"vc_col-sm-12 wpb_column column_container vc_column_container col no-extra-padding inherit_tablet inherit_phone\"  data-padding-pos=\"all\" data-has-bg-color=\"false\" data-bg-color=\"\" data-bg-opacity=\"1\" data-animation=\"\" data-delay=\"0\" >\n\t\t<div class=\"vc_column-inner\" >\n\t\t\t<div class=\"wpb_wrapper\">\n\t\t\t\t\n<div class=\"wpb_text_column wpb_content_element\" >\n\t<p><a href=\"https:\/\/www.guidestar.org\/profile\/shared\/eda1df53-d002-4af7-95c5-dbeb47972bef\" target=\"_blank\" rel=\"noopener\"><img decoding=\"async\" src=\"https:\/\/widgets.guidestar.org\/TransparencySeal\/9811343\" \/><\/a><\/p>\n<p>Nos impulsa nuestra comunidad.<\/p>\n<p>La comunidad est\u00e1 en el centro de todo lo que hacemos en Borderless Magazine, incluida nuestra financiaci\u00f3n. Podemos prestar un servicio p\u00fablico y mantener nuestro trabajo gratuito y accesible para todos gracias a la generosidad de lectores como usted.<\/p>\n<p>Estamos muy agradecidos a las numerosas personas, fundaciones y empresas que apoyan nuestro trabajo y hacen posible nuestros programas de informaci\u00f3n, formaci\u00f3n de medios de comunicaci\u00f3n y tutor\u00eda.<\/p>\n<p>Borderless Magazine NFP es una organizaci\u00f3n con estatus 501c(3), y las donaciones son deducibles de impuestos. Nuestro EIN es 83-1266434.<\/p>\n<p>Puedes unirte a nuestros simpatizantes<\/p>\n<h3 id=\"becoming-a-member\">Afiliaci\u00f3n<\/h3>\n<p>Tenga en cuenta\u00a0<a href=\"https:\/\/borderless.fundjournalism.org\/donate\/\">dona y \u00fanete a nuestra comunidad hoy mismo<\/a><\/p>\n<h3 id=\"making-a-major-gift\">Hacer una donaci\u00f3n importante<\/h3>\n<p>Si est\u00e1 interesado en hacer una donaci\u00f3n superior a $500, p\u00f3ngase en contacto con Nissa Rhee en nissa@borderlessmag.org.<\/p>\n<h3 id=\"offering-a-corporate-sponsorship\">Ofrecer un patrocinio empresarial<\/h3>\n<p>P\u00f3ngase en contacto con Nissa Rhee en nissa@borderlessmag.org para hablar de las oportunidades de patrocinio.<\/p>\n<h3 id=\"shopping-in-our-online-store\">Comprar en nuestra tienda en l\u00ednea<\/h3>\n<p>Encuentra tu nueva camiseta, m\u00e1scara, sudadera y mucho m\u00e1s en\u00a0<a href=\"https:\/\/www.bonfire.com\/store\/borderless-magazine-store\/\">nuestra tienda<\/a>.<\/p>\n<h3 id=\"making-a-planned-gift\">Donaciones planificadas<\/h3>\n<p>Usted puede crear su propio legado haciendo una donaci\u00f3n planificada. Esta donaci\u00f3n ben\u00e9fica puede adoptar la forma de una donaci\u00f3n en efectivo, bienes, activos o ingresos de un fideicomiso ben\u00e9fico. Suele financiarse en el momento del fallecimiento del donante o despu\u00e9s. P\u00f3ngase en contacto con Nissa Rhee en nissa@borderlessmag.org para saber c\u00f3mo hacer una donaci\u00f3n planificada.<\/p>\n<h3 id=\"donating-stocks-securities\">Donaci\u00f3n de acciones y valores<\/h3>\n<p>La donaci\u00f3n de valores apreciados ofrece importantes ventajas, como una deducci\u00f3n ben\u00e9fica inmediata y la evitaci\u00f3n de los impuestos sobre plusval\u00edas que se devengar\u00edan en caso de venta. P\u00f3ngase en contacto con Nissa Rhee en nissa@borderlessmag.org para saber c\u00f3mo donar sus acciones y valores.<\/p>\n<h3 id=\"having-your-employer-make-a-matching-gift\">Donaciones de contrapartida de su empresa<\/h3>\n<p>\u00bfOfrece su lugar de trabajo un programa de contrapartida de donaciones ben\u00e9ficas? P\u00f3ngase en contacto con el departamento de Recursos Humanos de su empresa para solicitar un formulario de donativos de contrapartida, rell\u00e9nelo y env\u00edenoslo. Nosotros completaremos nuestra parte y se la devolveremos a su empresa. Los fondos de contrapartida se nos enviar\u00e1n directamente.<\/p>\n<h3 id=\"mailing-a-check\">Env\u00edo de cheques<\/h3>\n<p>Por favor, haga su cheque a nombre de Revista Borderless NFP<\/p>\n<h3 id=\"mailing-address\">Direcci\u00f3n postal<\/h3>\n<p>Revista Borderless<br \/>\n4753 N. Broadway, planta 2<br \/>\nChicago, Illinois 60640<\/p>\n<h3 id=\"starting-a-fundraiser\">Iniciar una recaudaci\u00f3n de fondos<\/h3>\n<p>Re\u00fane a tus amigos y familiares para apoyar tu causa iniciando una recaudaci\u00f3n de fondos en nombre de Borderless Magazine en\u00a0<a href=\"https:\/\/www.facebook.com\/fund\/BorderlessMagazine\/\">Facebook.<\/a><\/p>\n<h2 id=\"editorial-independence-policy\">Pol\u00edtica de independencia editorial<\/h2>\n<p>Somos miembros de la\u00a0<a href=\"http:\/\/inn.org\/\">Instituto de Noticias sobre las Organizaciones sin \u00c1nimo de Lucro<\/a>y suscribimos sus normas de independencia editorial:<\/p>\n<p>Nuestra organizaci\u00f3n conserva plena autoridad sobre el contenido editorial para proteger los mejores intereses period\u00edsticos y empresariales de nuestra organizaci\u00f3n. Mantenemos un cortafuegos entre las decisiones de cobertura informativa y las fuentes de todos los ingresos. La aceptaci\u00f3n de apoyo financiero no constituye una aprobaci\u00f3n impl\u00edcita o real de los donantes o de sus productos, servicios u opiniones.<\/p>\n<p>Aceptamos donaciones, subvenciones y patrocinios de particulares y organizaciones para el sostenimiento general de nuestras actividades, pero nuestras decisiones informativas se toman de forma independiente y no en funci\u00f3n del apoyo de los donantes.<\/p>\n<p>Nuestra organizaci\u00f3n puede considerar la posibilidad de hacer donaciones para apoyar la cobertura de temas concretos, pero mantiene el control editorial de la cobertura. No cederemos ning\u00fan derecho de revisi\u00f3n o influencia del contenido editorial, ni de distribuci\u00f3n no autorizada del contenido editorial.<\/p>\n<p>Nuestra organizaci\u00f3n har\u00e1 p\u00fablicos todos los donantes que aporten un total de $5.000 o m\u00e1s al a\u00f1o. Aceptaremos donaciones an\u00f3nimas para apoyo general s\u00f3lo si est\u00e1 claro que se han establecido suficientes salvaguardias de que el gasto de esa donaci\u00f3n se realiza de forma independiente por nuestra organizaci\u00f3n y de conformidad con las Normas de afiliaci\u00f3n de la INN.<\/p>\n<p>Gracias a todos los que nos apoyan:<\/p>\n<ul>\n<li aria-level=\"1\">Fundaci\u00f3n Ben\u00e9fica Barr<\/li>\n<li aria-level=\"1\"><a href=\"https:\/\/borealisphilanthropy.org\/grantmaking\/racial-equity-in-journalism-fund\/\">Fondo para la Igualdad Racial en el Periodismo de Borealis Philanthropy<\/a><\/li>\n<li aria-level=\"1\">Fondo Comunitario de Chicago<\/li>\n<li aria-level=\"1\">Fundaci\u00f3n Chicago Headline Club<\/li>\n<li aria-level=\"1\"><a href=\"https:\/\/crossroadsfund.org\/\">Fondo Crossroads<\/a><\/li>\n<li aria-level=\"1\"><a href=\"https:\/\/www.facebook.com\/journalismproject\">Proyecto de periodismo en Facebook<\/a><\/li>\n<li aria-level=\"1\"><a href=\"https:\/\/fieldfoundation.org\/\">Fundaci\u00f3n Field<\/a><\/li>\n<li aria-level=\"1\"><a href=\"https:\/\/goodfolk.agency\/\">Agencia GoodFolk<\/a><\/li>\n<li aria-level=\"1\">Fondo Google News Equity<\/li>\n<li aria-level=\"1\">Iniciativa Google Noticias<\/li>\n<li aria-level=\"1\">Reto a la innovaci\u00f3n en Norteam\u00e9rica de GNI<\/li>\n<li aria-level=\"1\"><a href=\"https:\/\/www.groundliftmedia.com\/\">GroundLift Media<\/a><\/li>\n<li aria-level=\"1\">Fundaci\u00f3n Comunidades Saludables<\/li>\n<li aria-level=\"1\">Fundaci\u00f3n Heising-Simons<\/li>\n<li aria-level=\"1\"><a href=\"https:\/\/www.ilhumanities.org\/\">Humanidades de Illinois<\/a><\/li>\n<li aria-level=\"1\">Instituto de Noticias sobre las Organizaciones sin \u00c1nimo de Lucro<\/li>\n<li aria-level=\"1\"><a href=\"https:\/\/www.iwmf.org\/\">International Women\u2019s Media Foundation<\/a><\/li>\n<li aria-level=\"1\"><a href=\"https:\/\/www.daytonfoundation.org\/\">Fondo Ivanhoe<\/a><\/li>\n<li aria-level=\"1\"><a href=\"https:\/\/knightfoundation.org\/\">Fundaci\u00f3n John S. y James L. Knight<\/a><\/li>\n<li aria-level=\"1\">Fundaci\u00f3n Joyce<\/li>\n<li aria-level=\"1\">Fundaci\u00f3n Kresge<\/li>\n<li aria-level=\"1\">Editores locales independientes de noticias en l\u00ednea<\/li>\n<li aria-level=\"1\"><a href=\"https:\/\/www.lenfestinstitute.org\/\">Instituto Lenfest de Periodismo<\/a><\/li>\n<li aria-level=\"1\"><a href=\"https:\/\/www.localmedia.org\/\">Asociaci\u00f3n de Medios de Comunicaci\u00f3n Locales<\/a><\/li>\n<li aria-level=\"1\">Fundaci\u00f3n Miami<\/li>\n<li aria-level=\"1\">Fondo Com\u00fan para la Justicia Racial<\/li>\n<li aria-level=\"1\"><a href=\"https:\/\/donate.mccormickfoundation.org\/\">Fundaci\u00f3n Robert R. McCormick<\/a><\/li>\n<li aria-level=\"1\"><a href=\"https:\/\/pen.org\/\">PEN Am\u00e9rica<\/a><\/li>\n<li aria-level=\"1\"><a href=\"http:\/\/sjnnchicago.medill.northwestern.edu\/\">Nexo de noticias sobre justicia social<\/a><\/li>\n<li aria-level=\"1\">United Way<\/li>\n<li aria-level=\"1\"><a href=\"https:\/\/www.wintrustbank.com\/\">Banco Wintrust<\/a><\/li>\n<\/ul>\n<\/div>\n\n\n\n\n\t\t\t<\/div> \n\t\t<\/div>\n\t<\/div> \n<\/div><\/div>","protected":false},"excerpt":{"rendered":"Nos impulsa nuestra comunidad. La comunidad est\u00e1 en el centro de todo lo que hacemos en Borderless Magazine, incluida nuestra financiaci\u00f3n. Podemos prestar un servicio p\u00fablico y mantener nuestro trabajo gratuito y accesible para todos gracias a la generosidad de lectores como usted. Estamos muy agradecidos a las numerosas personas, fundaciones y empresas que apoyan nuestro trabajo y hacen posible nuestros reportajes, formaci\u00f3n en medios de comunicaci\u00f3n y programas de tutor\u00eda. Borderless Magazine NFP es una organizaci\u00f3n con estatus 501c(3), y las donaciones son deducibles de impuestos. Nuestro EIN es 83-1266434. Usted puede unirse a nuestros partidarios por: Haci\u00e9ndose miembro Por favor, considere donar y unirse...","protected":false},"author":2,"featured_media":8441,"parent":0,"menu_order":0,"comment_status":"closed","ping_status":"closed","template":"","meta":{"inline_featured_image":false,"footnotes":""},"coauthors":[204],"class_list":["post-8347","page","type-page","status-publish","has-post-thumbnail"],"yoast_head":"<!-- This site is optimized with the Yoast SEO Premium plugin v27.3 (Yoast SEO v27.3) - https:\/\/yoast.com\/product\/yoast-seo-premium-wordpress\/ -->\n<title>Ways To Give &#8211; Borderless Magazine NFP<\/title>\n<meta name=\"description\" content=\"Ways To Give &#8211; Borderless Magazine NFP\" \/>\n<meta name=\"robots\" content=\"index, follow, max-snippet:-1, max-image-preview:large, max-video-preview:-1\" \/>\n<link rel=\"canonical\" href=\"https:\/\/borderlessmag.org\/es\/formas-de-donar\/\" \/>\n<meta property=\"og:locale\" content=\"es_MX\" \/>\n<meta property=\"og:type\" content=\"article\" \/>\n<meta property=\"og:title\" content=\"Ways To Give &#8211; Borderless Magazine NFP\" \/>\n<meta property=\"og:description\" content=\"Ways To Give &#8211; Borderless Magazine NFP\" \/>\n<meta property=\"og:url\" content=\"https:\/\/borderlessmag.org\/es\/formas-de-donar\/\" \/>\n<meta property=\"og:site_name\" content=\"Borderless Magazine NFP\" \/>\n<meta property=\"article:publisher\" content=\"https:\/\/www.facebook.com\/BorderlessMagazine\" \/>\n<meta property=\"article:modified_time\" content=\"2024-06-18T19:54:15+00:00\" \/>\n<meta property=\"og:image\" content=\"https:\/\/borderlessmag.org\/wordpress\/wp-content\/uploads\/2021\/12\/B-Logo.png\" \/>\n\t<meta property=\"og:image:width\" content=\"1\" \/>\n\t<meta property=\"og:image:height\" content=\"1\" \/>\n\t<meta property=\"og:image:type\" content=\"image\/png\" \/>\n<meta name=\"twitter:card\" content=\"summary_large_image\" \/>\n<meta name=\"twitter:label1\" content=\"Tiempo de lectura\" \/>\n\t<meta name=\"twitter:data1\" content=\"4 minutos\" \/>\n\t<meta name=\"twitter:label2\" content=\"Written by\" \/>\n\t<meta name=\"twitter:data2\" content=\"Brenton King\" \/>\n<script type=\"application\/ld+json\" class=\"yoast-schema-graph\">{\"@context\":\"https:\\\/\\\/schema.org\",\"@graph\":[{\"@type\":\"NewsArticle\",\"@id\":\"https:\\\/\\\/borderlessmag.org\\\/ways-to-give\\\/#article\",\"isPartOf\":{\"@id\":\"https:\\\/\\\/borderlessmag.org\\\/ways-to-give\\\/\"},\"author\":{\"name\":\"Brenton King\",\"@id\":\"https:\\\/\\\/borderlessmag.org\\\/#\\\/schema\\\/person\\\/e5757a2d987d1c83b79c8da68d5b8710\"},\"headline\":\"Ways To Give\",\"datePublished\":\"2021-11-16T03:32:41+00:00\",\"dateModified\":\"2024-06-18T19:54:15+00:00\",\"mainEntityOfPage\":{\"@id\":\"https:\\\/\\\/borderlessmag.org\\\/ways-to-give\\\/\"},\"wordCount\":855,\"publisher\":{\"@id\":\"https:\\\/\\\/borderlessmag.org\\\/#organization\"},\"image\":{\"@id\":\"https:\\\/\\\/borderlessmag.org\\\/ways-to-give\\\/#primaryimage\"},\"thumbnailUrl\":\"https:\\\/\\\/borderlessmag.org\\\/wordpress\\\/wp-content\\\/uploads\\\/2021\\\/12\\\/B-Logo.png\",\"inLanguage\":\"es\"},{\"@type\":\"WebPage\",\"@id\":\"https:\\\/\\\/borderlessmag.org\\\/ways-to-give\\\/\",\"url\":\"https:\\\/\\\/borderlessmag.org\\\/ways-to-give\\\/\",\"name\":\"Ways To Give &#8211; Borderless Magazine NFP\",\"isPartOf\":{\"@id\":\"https:\\\/\\\/borderlessmag.org\\\/#website\"},\"primaryImageOfPage\":{\"@id\":\"https:\\\/\\\/borderlessmag.org\\\/ways-to-give\\\/#primaryimage\"},\"image\":{\"@id\":\"https:\\\/\\\/borderlessmag.org\\\/ways-to-give\\\/#primaryimage\"},\"thumbnailUrl\":\"https:\\\/\\\/borderlessmag.org\\\/wordpress\\\/wp-content\\\/uploads\\\/2021\\\/12\\\/B-Logo.png\",\"datePublished\":\"2021-11-16T03:32:41+00:00\",\"dateModified\":\"2024-06-18T19:54:15+00:00\",\"description\":\"Ways To Give &#8211; Borderless Magazine NFP\",\"inLanguage\":\"es\",\"potentialAction\":[{\"@type\":\"ReadAction\",\"target\":[\"https:\\\/\\\/borderlessmag.org\\\/ways-to-give\\\/\"]}]},{\"@type\":\"ImageObject\",\"inLanguage\":\"es\",\"@id\":\"https:\\\/\\\/borderlessmag.org\\\/ways-to-give\\\/#primaryimage\",\"url\":\"https:\\\/\\\/borderlessmag.org\\\/wordpress\\\/wp-content\\\/uploads\\\/2021\\\/12\\\/B-Logo.png\",\"contentUrl\":\"https:\\\/\\\/borderlessmag.org\\\/wordpress\\\/wp-content\\\/uploads\\\/2021\\\/12\\\/B-Logo.png\"},{\"@type\":\"WebSite\",\"@id\":\"https:\\\/\\\/borderlessmag.org\\\/#website\",\"url\":\"https:\\\/\\\/borderlessmag.org\\\/\",\"name\":\"Borderless Magazine NFP\",\"description\":\"Stories about immigration and immigrants\",\"publisher\":{\"@id\":\"https:\\\/\\\/borderlessmag.org\\\/#organization\"},\"alternateName\":\"Borderless\",\"potentialAction\":[{\"@type\":\"SearchAction\",\"target\":{\"@type\":\"EntryPoint\",\"urlTemplate\":\"https:\\\/\\\/borderlessmag.org\\\/?s={search_term_string}\"},\"query-input\":{\"@type\":\"PropertyValueSpecification\",\"valueRequired\":true,\"valueName\":\"search_term_string\"}}],\"inLanguage\":\"es\"},{\"@type\":\"Organization\",\"@id\":\"https:\\\/\\\/borderlessmag.org\\\/#organization\",\"name\":\"Borderless Magazine NFP\",\"alternateName\":\"Borderless Mag\",\"url\":\"https:\\\/\\\/borderlessmag.org\\\/\",\"logo\":{\"@type\":\"ImageObject\",\"inLanguage\":\"es\",\"@id\":\"https:\\\/\\\/borderlessmag.org\\\/#\\\/schema\\\/logo\\\/image\\\/\",\"url\":\"https:\\\/\\\/borderlessmag.org\\\/wordpress\\\/wp-content\\\/uploads\\\/2025\\\/08\\\/BorderlessLogo_main_square.jpg\",\"contentUrl\":\"https:\\\/\\\/borderlessmag.org\\\/wordpress\\\/wp-content\\\/uploads\\\/2025\\\/08\\\/BorderlessLogo_main_square.jpg\",\"width\":696,\"height\":696,\"caption\":\"Borderless Magazine NFP\"},\"image\":{\"@id\":\"https:\\\/\\\/borderlessmag.org\\\/#\\\/schema\\\/logo\\\/image\\\/\"},\"sameAs\":[\"https:\\\/\\\/www.facebook.com\\\/BorderlessMagazine\",\"https:\\\/\\\/www.instagram.com\\\/borderless_mag\\\/\",\"https:\\\/\\\/www.tiktok.com\\\/@borderless_mag\"]},{\"@type\":\"Person\",\"@id\":\"https:\\\/\\\/borderlessmag.org\\\/#\\\/schema\\\/person\\\/e5757a2d987d1c83b79c8da68d5b8710\",\"name\":\"Brenton King\",\"image\":{\"@type\":\"ImageObject\",\"inLanguage\":\"es\",\"@id\":\"https:\\\/\\\/secure.gravatar.com\\\/avatar\\\/5caaccf5321c343871a568fc3f9d6ca8a6b2b05ed7b7a195f9316d8dd4771459?s=96&d=mm&r=g06ca93669788780951b69029adc2b42a\",\"url\":\"https:\\\/\\\/secure.gravatar.com\\\/avatar\\\/5caaccf5321c343871a568fc3f9d6ca8a6b2b05ed7b7a195f9316d8dd4771459?s=96&d=mm&r=g\",\"contentUrl\":\"https:\\\/\\\/secure.gravatar.com\\\/avatar\\\/5caaccf5321c343871a568fc3f9d6ca8a6b2b05ed7b7a195f9316d8dd4771459?s=96&d=mm&r=g\",\"caption\":\"Brenton King\"},\"url\":\"https:\\\/\\\/borderlessmag.org\\\/es\\\/author\\\/wynneswps\\\/\"}]}<\/script>\n<!-- \/ Yoast SEO Premium plugin. -->","yoast_head_json":{"title":"Maneras de donar - Borderless Magazine NFP","description":"Maneras de donar - Borderless Magazine NFP","robots":{"index":"index","follow":"follow","max-snippet":"max-snippet:-1","max-image-preview":"max-image-preview:large","max-video-preview":"max-video-preview:-1"},"canonical":"https:\/\/borderlessmag.org\/es\/formas-de-donar\/","og_locale":"es_MX","og_type":"article","og_title":"Ways To Give &#8211; Borderless Magazine NFP","og_description":"Ways To Give &#8211; Borderless Magazine NFP","og_url":"https:\/\/borderlessmag.org\/es\/formas-de-donar\/","og_site_name":"Borderless Magazine NFP","article_publisher":"https:\/\/www.facebook.com\/BorderlessMagazine","article_modified_time":"2024-06-18T19:54:15+00:00","og_image":[{"url":"https:\/\/borderlessmag.org\/wordpress\/wp-content\/uploads\/2021\/12\/B-Logo.png","width":1,"height":1,"type":"image\/png"}],"twitter_card":"summary_large_image","twitter_misc":{"Tiempo de lectura":"4 minutos","Written by":"Brenton King"},"schema":{"@context":"https:\/\/schema.org","@graph":[{"@type":"NewsArticle","@id":"https:\/\/borderlessmag.org\/ways-to-give\/#article","isPartOf":{"@id":"https:\/\/borderlessmag.org\/ways-to-give\/"},"author":{"name":"Brenton King","@id":"https:\/\/borderlessmag.org\/#\/schema\/person\/e5757a2d987d1c83b79c8da68d5b8710"},"headline":"Ways To Give","datePublished":"2021-11-16T03:32:41+00:00","dateModified":"2024-06-18T19:54:15+00:00","mainEntityOfPage":{"@id":"https:\/\/borderlessmag.org\/ways-to-give\/"},"wordCount":855,"publisher":{"@id":"https:\/\/borderlessmag.org\/#organization"},"image":{"@id":"https:\/\/borderlessmag.org\/ways-to-give\/#primaryimage"},"thumbnailUrl":"https:\/\/borderlessmag.org\/wordpress\/wp-content\/uploads\/2021\/12\/B-Logo.png","inLanguage":"es"},{"@type":"WebPage","@id":"https:\/\/borderlessmag.org\/ways-to-give\/","url":"https:\/\/borderlessmag.org\/ways-to-give\/","name":"Maneras de donar - Borderless Magazine NFP","isPartOf":{"@id":"https:\/\/borderlessmag.org\/#website"},"primaryImageOfPage":{"@id":"https:\/\/borderlessmag.org\/ways-to-give\/#primaryimage"},"image":{"@id":"https:\/\/borderlessmag.org\/ways-to-give\/#primaryimage"},"thumbnailUrl":"https:\/\/borderlessmag.org\/wordpress\/wp-content\/uploads\/2021\/12\/B-Logo.png","datePublished":"2021-11-16T03:32:41+00:00","dateModified":"2024-06-18T19:54:15+00:00","description":"Maneras de donar - Borderless Magazine NFP","inLanguage":"es","potentialAction":[{"@type":"ReadAction","target":["https:\/\/borderlessmag.org\/ways-to-give\/"]}]},{"@type":"ImageObject","inLanguage":"es","@id":"https:\/\/borderlessmag.org\/ways-to-give\/#primaryimage","url":"https:\/\/borderlessmag.org\/wordpress\/wp-content\/uploads\/2021\/12\/B-Logo.png","contentUrl":"https:\/\/borderlessmag.org\/wordpress\/wp-content\/uploads\/2021\/12\/B-Logo.png"},{"@type":"WebSite","@id":"https:\/\/borderlessmag.org\/#website","url":"https:\/\/borderlessmag.org\/","name":"Revista Borderless NFP","description":"Historias sobre inmigraci\u00f3n e inmigrantes","publisher":{"@id":"https:\/\/borderlessmag.org\/#organization"},"alternateName":"Borderless","potentialAction":[{"@type":"SearchAction","target":{"@type":"EntryPoint","urlTemplate":"https:\/\/borderlessmag.org\/?s={search_term_string}"},"query-input":{"@type":"PropertyValueSpecification","valueRequired":true,"valueName":"search_term_string"}}],"inLanguage":"es"},{"@type":"Organization","@id":"https:\/\/borderlessmag.org\/#organization","name":"Revista Borderless NFP","alternateName":"Borderless Mag","url":"https:\/\/borderlessmag.org\/","logo":{"@type":"ImageObject","inLanguage":"es","@id":"https:\/\/borderlessmag.org\/#\/schema\/logo\/image\/","url":"https:\/\/borderlessmag.org\/wordpress\/wp-content\/uploads\/2025\/08\/BorderlessLogo_main_square.jpg","contentUrl":"https:\/\/borderlessmag.org\/wordpress\/wp-content\/uploads\/2025\/08\/BorderlessLogo_main_square.jpg","width":696,"height":696,"caption":"Borderless Magazine NFP"},"image":{"@id":"https:\/\/borderlessmag.org\/#\/schema\/logo\/image\/"},"sameAs":["https:\/\/www.facebook.com\/BorderlessMagazine","https:\/\/www.instagram.com\/borderless_mag\/","https:\/\/www.tiktok.com\/@borderless_mag"]},{"@type":"Person","@id":"https:\/\/borderlessmag.org\/#\/schema\/person\/e5757a2d987d1c83b79c8da68d5b8710","name":"Brenton King","image":{"@type":"ImageObject","inLanguage":"es","@id":"https:\/\/secure.gravatar.com\/avatar\/5caaccf5321c343871a568fc3f9d6ca8a6b2b05ed7b7a195f9316d8dd4771459?s=96&d=mm&r=g06ca93669788780951b69029adc2b42a","url":"https:\/\/secure.gravatar.com\/avatar\/5caaccf5321c343871a568fc3f9d6ca8a6b2b05ed7b7a195f9316d8dd4771459?s=96&d=mm&r=g","contentUrl":"https:\/\/secure.gravatar.com\/avatar\/5caaccf5321c343871a568fc3f9d6ca8a6b2b05ed7b7a195f9316d8dd4771459?s=96&d=mm&r=g","caption":"Brenton King"},"url":"https:\/\/borderlessmag.org\/es\/author\/wynneswps\/"}]}},"_links":{"self":[{"href":"https:\/\/borderlessmag.org\/es\/wp-json\/wp\/v2\/pages\/8347","targetHints":{"allow":["GET"]}}],"collection":[{"href":"https:\/\/borderlessmag.org\/es\/wp-json\/wp\/v2\/pages"}],"about":[{"href":"https:\/\/borderlessmag.org\/es\/wp-json\/wp\/v2\/types\/page"}],"author":[{"embeddable":true,"href":"https:\/\/borderlessmag.org\/es\/wp-json\/wp\/v2\/users\/2"}],"replies":[{"embeddable":true,"href":"https:\/\/borderlessmag.org\/es\/wp-json\/wp\/v2\/comments?post=8347"}],"version-history":[{"count":0,"href":"https:\/\/borderlessmag.org\/es\/wp-json\/wp\/v2\/pages\/8347\/revisions"}],"wp:featuredmedia":[{"embeddable":true,"href":"https:\/\/borderlessmag.org\/es\/wp-json\/wp\/v2\/media\/8441"}],"wp:attachment":[{"href":"https:\/\/borderlessmag.org\/es\/wp-json\/wp\/v2\/media?parent=8347"}],"wp:term":[{"taxonomy":"author","embeddable":true,"href":"https:\/\/borderlessmag.org\/es\/wp-json\/wp\/v2\/coauthors?post=8347"}],"curies":[{"name":"wp","href":"https:\/\/api.w.org\/{rel}","templated":true}]}}