{"id":8345,"date":"2021-11-15T21:51:36","date_gmt":"2021-11-16T03:51:36","guid":{"rendered":"https:\/\/dev-temp.borderlessmag.org\/wordpress\/?page_id=8345"},"modified":"2022-04-22T13:33:29","modified_gmt":"2022-04-22T18:33:29","slug":"vias","status":"publish","type":"page","link":"https:\/\/borderlessmag.org\/es\/pathways\/","title":{"rendered":"Caminos"},"content":{"rendered":"<div id=\"fws_69d0fd3bd514b\"  data-column-margin=\"default\" data-midnight=\"dark\" data-top-percent=\"2%\" data-bottom-percent=\"2%\"  class=\"wpb_row vc_row-fluid vc_row\"  style=\"padding-top: calc(100vw * 0.02); padding-bottom: calc(100vw * 0.02); \"><div class=\"row-bg-wrap\" data-bg-animation=\"none\" data-bg-animation-delay=\"\" data-bg-overlay=\"false\"><div class=\"inner-wrap row-bg-layer\" ><div class=\"row-bg viewport-desktop\"  style=\"\"><\/div><\/div><\/div><div class=\"row_col_wrap_12 col span_12 dark left\">\n\t<div  class=\"vc_col-sm-12 wpb_column column_container vc_column_container col no-extra-padding inherit_tablet inherit_phone\"  data-padding-pos=\"all\" data-has-bg-color=\"false\" data-bg-color=\"\" data-bg-opacity=\"1\" data-animation=\"\" data-delay=\"0\" >\n\t\t<div class=\"vc_column-inner\" >\n\t\t\t<div class=\"wpb_wrapper\">\n\t\t\t\t\n<div class=\"wpb_text_column wpb_content_element\" >\n\t<p>Estamos haciendo que las redacciones sean m\u00e1s diversas e inclusivas.<\/p>\n<p>S\u00f3lo el 7 por ciento de los trabajadores del sector period\u00edstico son hispanos\/latinos, frente al 18,5 por ciento de la poblaci\u00f3n estadounidense y el 29 por ciento de la poblaci\u00f3n de Chicago. Del mismo modo, s\u00f3lo el 7% de los empleados del sector son negros, frente al 13% de la poblaci\u00f3n estadounidense.<\/p>\n<p>Borderless ofrece a periodistas emergentes de comunidades de inmigrantes y otras comunidades marginadas la posibilidad de informar sobre inmigraci\u00f3n y aprender de periodistas profesionales. Asesoramos a periodistas emergentes mediante pr\u00e1cticas, becas y proyectos puntuales. Nuestro galardonado equipo ofrece a los alumnos una formaci\u00f3n completa en entrevistas, redacci\u00f3n, investigaci\u00f3n y narraci\u00f3n visual.<\/p>\n<p>En 2021, dedicamos 1.000 horas a asesorar y formar a j\u00f3venes periodistas BIPOC. Antiguos alumnos de Pathways han trabajado para medios como San Francisco Chronicle, NPR, Apple News, NBC News y U.S. News &amp; World Report.<\/p>\n<p>Esto es lo que dicen dos de nuestros antiguos becarios de Pathways sobre su experiencia con Borderless:<\/p>\n<p><span style=\"font-weight: 400;\">\"El verano que pas\u00e9 como periodista en pr\u00e1cticas en el programa Pathways de Borderless Magazine fue decisivo para mi carrera period\u00edstica. <\/span><span style=\"font-weight: 400;\">Aprender el m\u00e9todo As-Told-To elev\u00f3 mi nivel de \u00e9tica period\u00edstica a la hora de entrevistar a fuentes vulnerables. Es la habilidad que m\u00e1s espero poner en pr\u00e1ctica en futuros reportajes.<\/span><\/p>\n<p><span style=\"font-weight: 400;\">\"No s\u00f3lo he podido experimentar la narraci\u00f3n de historias a trav\u00e9s de diferentes medios y, en general, mejorar mi escritura, sino que estas pr\u00e1cticas me han abierto los ojos sobre el impacto que los medios de noticias sin \u00e1nimo de lucro pueden tener en su comunidad local.<\/span><\/p>\n<p><span style=\"font-weight: 400;\">\"Estoy especialmente agradecida por haber tenido la oportunidad de trabajar con un grupo de personas de gran talento. Nissa, Michelle y el resto del equipo de Borderless me sirvieron de mentores y apoyaron mucho mi trabajo durante las pr\u00e1cticas. Desde la asistencia a las reuniones semanales del personal hasta la hora feliz de los eventos de networking, me sent\u00ed muy involucrada con el equipo y la comunidad period\u00edstica circundante, a pesar de no haber vivido nunca en Chicago.\u00a0<\/span><\/p>\n<p><span style=\"font-weight: 400;\">\"Desde que termin\u00e9 las pr\u00e1cticas, he hecho referencia al trabajo que hice en Borderless en muchas ocasiones, desde entrevistas de trabajo hasta conferencias como FOIA Fest. Recientemente he aceptado un puesto en el San Francisco Chronicle como periodista de datos. Estoy deseando utilizar las habilidades que adquir\u00ed en mis pr\u00e1cticas del Programa Pathways en este nuevo puesto.\"\u00a0<\/span><span style=\"font-weight: 400;\">- Adriana Rezal, ahora trabaja como reportera de datos en el San Francisco Chronicle<\/span><\/p>\n<p><span style=\"font-weight: 400;\"><i>\u201c<\/i>Las pr\u00e1cticas en Borderless supusieron poner a prueba los conocimientos adquiridos en la escuela. Desde entonces, Borderless me inculc\u00f3 la importancia de ser minucioso y de tratar con cuidado las historias que afectan a las personas. Mi experiencia en Borderless me dio la oportunidad de informar en espa\u00f1ol y conectar con fuentes en persona, dos \u00e1reas de mi carrera que sigo explorando dentro del espacio de la criptodivisa.\" - Francisco Vel\u00e1zquez, ahora trabaja como reportero en CoinDesk\u00a0<\/span><\/p>\n<p>Nuestro periodo de solicitud de pr\u00e1cticas y becas Pathways ya est\u00e1 cerrado. Suscr\u00edbase a nuestro bolet\u00edn para recibir informaci\u00f3n sobre futuras ofertas de empleo y becas. <a href=\"https:\/\/borderlessmag.org\/es\/oportunidades\/\">consulte nuestra p\u00e1gina de oportunidades para conocer otras formas de colaborar con Borderless Magazine.<\/a><\/p>\n<\/div>\n\n\n\n\n\t\t\t<\/div> \n\t\t<\/div>\n\t<\/div> \n<\/div><\/div>\n\t\t<div id=\"fws_69d0fd3bd5e06\"  data-column-margin=\"default\" data-midnight=\"dark\"  class=\"wpb_row vc_row-fluid vc_row\"  style=\"padding-top: 0px; padding-bottom: 0px; \"><div class=\"row-bg-wrap\" data-bg-animation=\"none\" data-bg-animation-delay=\"\" data-bg-overlay=\"false\"><div class=\"inner-wrap row-bg-layer\" ><div class=\"row-bg viewport-desktop\"  style=\"\"><\/div><\/div><\/div><div class=\"row_col_wrap_12 col span_12 dark left\">\n\t<div  class=\"vc_col-sm-12 wpb_column column_container vc_column_container col no-extra-padding inherit_tablet inherit_phone\"  data-padding-pos=\"all\" data-has-bg-color=\"false\" data-bg-color=\"\" data-bg-opacity=\"1\" data-animation=\"\" data-delay=\"0\" >\n\t\t<div class=\"vc_column-inner\" >\n\t\t\t<div class=\"wpb_wrapper\">\n\t\t\t\t<div class=\"templatera_shortcode\">\n\t\t<div id=\"fws_69d0fd3bd6b50\"  data-column-margin=\"default\" data-midnight=\"dark\"  class=\"wpb_row vc_row-fluid vc_row vc_row-o-equal-height vc_row-flex vc_row-o-content-middle small\"  style=\"padding-top: 0px; padding-bottom: 0px; \"><div class=\"row-bg-wrap\" data-bg-animation=\"none\" data-bg-animation-delay=\"\" data-bg-overlay=\"false\"><div class=\"inner-wrap row-bg-layer\" ><div class=\"row-bg viewport-desktop\"  style=\"\"><\/div><\/div><\/div><div class=\"row_col_wrap_12 col span_12 dark left\">\n\t<div  class=\"vc_col-sm-12 wpb_column column_container vc_column_container col no-extra-padding inherit_tablet inherit_phone border_color_909090 border_style_solid\"  data-padding-pos=\"all\" data-has-bg-color=\"false\" data-bg-color=\"\" data-bg-opacity=\"1\" data-animation=\"\" data-delay=\"0\" >\n\t\t<div class=\"vc_column-inner\" >\n\t\t\t<div class=\"wpb_wrapper\">\n\t\t\t\t\n\t\t<div id=\"fws_69d0fd3bd7635\"  data-column-margin=\"default\" data-midnight=\"dark\"  class=\"wpb_row vc_row-fluid vc_row vc_row-o-equal-height vc_row-flex vc_row-o-content-middle large top_margin_20px bottom_margin_20px\"  style=\"padding-top: 0px; padding-bottom: 0px; \"><div class=\"row-bg-wrap\" data-bg-animation=\"none\" data-bg-animation-delay=\"\" data-bg-overlay=\"true\"><div class=\"inner-wrap row-bg-layer\" ><div class=\"row-bg viewport-desktop\"  style=\"\"><\/div><\/div><div class=\"row-bg-overlay row-bg-layer\" style=\"background: #FFFFFF; background: linear-gradient(90deg,#FFFFFF 0%,#FFFFFF 100%);  opacity: 1; \"><\/div><\/div><div class=\"row_col_wrap_12 col span_12 dark left\">\n\t<div  class=\"vc_col-sm-12 wpb_column column_container vc_column_container col padding-3-percent force-phone-text-align-center inherit_tablet inherit_phone border_top_desktop_1px border_bottom_desktop_1px border_color_FFFFFF border_style_solid\"  data-padding-pos=\"all\" data-has-bg-color=\"false\" data-bg-color=\"\" data-bg-opacity=\"1\" data-animation=\"\" data-delay=\"0\" >\n\t\t<div class=\"vc_column-inner\" >\n\t\t\t<div class=\"wpb_wrapper\">\n\t\t\t\t<div id=\"fws_69d0fd3bd7d4b\" data-midnight=\"\" data-column-margin=\"default\" class=\"wpb_row vc_row-fluid vc_row inner_row vc_row-o-equal-height vc_row-flex vc_row-o-content-middle\"  style=\"\"><div class=\"row-bg-wrap\"> <div class=\"row-bg\" ><\/div> <\/div><div class=\"row_col_wrap_12_inner col span_12  left\">\n\t<div  class=\"vc_col-sm-7 wpb_column column_container vc_column_container col child_column no-extra-padding inherit_tablet inherit_phone\"   data-padding-pos=\"all\" data-has-bg-color=\"false\" data-bg-color=\"\" data-bg-opacity=\"1\" data-animation=\"\" data-delay=\"0\" >\n\t\t<div class=\"vc_column-inner\" >\n\t\t<div class=\"wpb_wrapper\">\n\t\t\t\n<div class=\"wpb_text_column wpb_content_element\" >\n\t<h4 id=\"news-that-puts-power-under-the-spotlight-and-communities-at-the-center\"><strong>Noticias que ponen el poder en el punto de mira y a las comunidades en el centro.<\/strong><\/h4>\n<p>Suscr\u00edbase a nuestro bolet\u00edn gratuito y reciba actualizaciones dos veces por semana.<\/p>\n<\/div>\n\n\n\n\n\t\t<\/div> \n\t<\/div>\n\t<\/div> \n\n\t<div style=\"margin-top: -20px; \" class=\"vc_col-sm-5 wpb_column column_container vc_column_container col child_column neg-marg no-extra-padding inherit_tablet inherit_phone\"   data-padding-pos=\"all\" data-has-bg-color=\"false\" data-bg-color=\"\" data-bg-opacity=\"1\" data-animation=\"\" data-delay=\"0\" >\n\t\t<div class=\"vc_column-inner\" >\n\t\t<div class=\"wpb_wrapper\">\n\t\t\t\n\t<div class=\"wpb_raw_code wpb_raw_html wpb_content_element\" >\n\t\t<div class=\"wpb_wrapper\">\n\t\t\t<div class=\"_form_1\"><\/div><script src=\"https:\/\/borderlessmag.bluelena.io\/f\/embed.php?id=1\" charset=\"utf-8\"><\/script>\n\t\t<\/div>\n\t<\/div>\n\n\t\t<\/div> \n\t<\/div>\n\t<\/div> \n<\/div><\/div>\n\t\t\t<\/div> \n\t\t<\/div>\n\t<\/div> \n<\/div><\/div>\n\n\t\t\t<\/div> \n\t\t<\/div>\n\t<\/div> \n<\/div><\/div><\/div>\n\t\t\t<\/div> \n\t\t<\/div>\n\t<\/div> \n<\/div><\/div>","protected":false},"excerpt":{"rendered":"Estamos haciendo que las redacciones sean m\u00e1s diversas e inclusivas. S\u00f3lo el 7% de los trabajadores del sector period\u00edstico son hispanos\/latinos, frente al 18,5% de la poblaci\u00f3n estadounidense y el 29% de la poblaci\u00f3n de Chicago. Del mismo modo, s\u00f3lo el 7% de los empleados del sector son negros, frente al 13% de la poblaci\u00f3n estadounidense. Borderless ofrece a periodistas emergentes de comunidades inmigrantes y marginadas la posibilidad de informar sobre inmigraci\u00f3n y aprender de periodistas profesionales. Asesoramos a periodistas emergentes mediante pr\u00e1cticas, becas y proyectos puntuales. Nuestro galardonado equipo ofrece a los alumnos una formaci\u00f3n completa en entrevistas, redacci\u00f3n, investigaci\u00f3n y narraci\u00f3n visual. En 2021, gastamos 1.000...","protected":false},"author":2,"featured_media":8441,"parent":0,"menu_order":0,"comment_status":"closed","ping_status":"closed","template":"","meta":{"inline_featured_image":false,"footnotes":""},"coauthors":[204],"class_list":["post-8345","page","type-page","status-publish","has-post-thumbnail"],"yoast_head":"<!-- This site is optimized with the Yoast SEO Premium plugin v27.3 (Yoast SEO v27.3) - https:\/\/yoast.com\/product\/yoast-seo-premium-wordpress\/ -->\n<title>Pathways &#8211; Borderless Magazine NFP<\/title>\n<meta name=\"description\" content=\"Pathways &#8211; Borderless Magazine NFP\" \/>\n<meta name=\"robots\" content=\"index, follow, max-snippet:-1, max-image-preview:large, max-video-preview:-1\" \/>\n<link rel=\"canonical\" href=\"https:\/\/borderlessmag.org\/es\/vias\/\" \/>\n<meta property=\"og:locale\" content=\"es_MX\" \/>\n<meta property=\"og:type\" content=\"article\" \/>\n<meta property=\"og:title\" content=\"Pathways &#8211; Borderless Magazine NFP\" \/>\n<meta property=\"og:description\" content=\"Pathways &#8211; Borderless Magazine NFP\" \/>\n<meta property=\"og:url\" content=\"https:\/\/borderlessmag.org\/es\/vias\/\" \/>\n<meta property=\"og:site_name\" content=\"Borderless Magazine NFP\" \/>\n<meta property=\"article:publisher\" content=\"https:\/\/www.facebook.com\/BorderlessMagazine\" \/>\n<meta property=\"article:modified_time\" content=\"2022-04-22T18:33:29+00:00\" \/>\n<meta property=\"og:image\" content=\"https:\/\/borderlessmag.org\/wordpress\/wp-content\/uploads\/2021\/12\/B-Logo.png\" \/>\n\t<meta property=\"og:image:width\" content=\"200\" \/>\n\t<meta property=\"og:image:height\" content=\"200\" \/>\n\t<meta property=\"og:image:type\" content=\"image\/png\" \/>\n<meta name=\"twitter:card\" content=\"summary_large_image\" \/>\n<meta name=\"twitter:label1\" content=\"Tiempo de lectura\" \/>\n\t<meta name=\"twitter:data1\" content=\"3 minutos\" \/>\n\t<meta name=\"twitter:label2\" content=\"Written by\" \/>\n\t<meta name=\"twitter:data2\" content=\"Brenton King\" \/>\n<script type=\"application\/ld+json\" class=\"yoast-schema-graph\">{\"@context\":\"https:\\\/\\\/schema.org\",\"@graph\":[{\"@type\":\"NewsArticle\",\"@id\":\"https:\\\/\\\/borderlessmag.org\\\/pathways\\\/#article\",\"isPartOf\":{\"@id\":\"https:\\\/\\\/borderlessmag.org\\\/pathways\\\/\"},\"author\":{\"name\":\"Brenton King\",\"@id\":\"https:\\\/\\\/borderlessmag.org\\\/#\\\/schema\\\/person\\\/e5757a2d987d1c83b79c8da68d5b8710\"},\"headline\":\"Pathways\",\"datePublished\":\"2021-11-16T03:51:36+00:00\",\"dateModified\":\"2022-04-22T18:33:29+00:00\",\"mainEntityOfPage\":{\"@id\":\"https:\\\/\\\/borderlessmag.org\\\/pathways\\\/\"},\"wordCount\":783,\"publisher\":{\"@id\":\"https:\\\/\\\/borderlessmag.org\\\/#organization\"},\"image\":{\"@id\":\"https:\\\/\\\/borderlessmag.org\\\/pathways\\\/#primaryimage\"},\"thumbnailUrl\":\"https:\\\/\\\/borderlessmag.org\\\/wordpress\\\/wp-content\\\/uploads\\\/2021\\\/12\\\/B-Logo.png\",\"inLanguage\":\"es\"},{\"@type\":\"WebPage\",\"@id\":\"https:\\\/\\\/borderlessmag.org\\\/pathways\\\/\",\"url\":\"https:\\\/\\\/borderlessmag.org\\\/pathways\\\/\",\"name\":\"Pathways &#8211; Borderless Magazine NFP\",\"isPartOf\":{\"@id\":\"https:\\\/\\\/borderlessmag.org\\\/#website\"},\"primaryImageOfPage\":{\"@id\":\"https:\\\/\\\/borderlessmag.org\\\/pathways\\\/#primaryimage\"},\"image\":{\"@id\":\"https:\\\/\\\/borderlessmag.org\\\/pathways\\\/#primaryimage\"},\"thumbnailUrl\":\"https:\\\/\\\/borderlessmag.org\\\/wordpress\\\/wp-content\\\/uploads\\\/2021\\\/12\\\/B-Logo.png\",\"datePublished\":\"2021-11-16T03:51:36+00:00\",\"dateModified\":\"2022-04-22T18:33:29+00:00\",\"description\":\"Pathways &#8211; Borderless Magazine NFP\",\"inLanguage\":\"es\",\"potentialAction\":[{\"@type\":\"ReadAction\",\"target\":[\"https:\\\/\\\/borderlessmag.org\\\/pathways\\\/\"]}]},{\"@type\":\"ImageObject\",\"inLanguage\":\"es\",\"@id\":\"https:\\\/\\\/borderlessmag.org\\\/pathways\\\/#primaryimage\",\"url\":\"https:\\\/\\\/borderlessmag.org\\\/wordpress\\\/wp-content\\\/uploads\\\/2021\\\/12\\\/B-Logo.png\",\"contentUrl\":\"https:\\\/\\\/borderlessmag.org\\\/wordpress\\\/wp-content\\\/uploads\\\/2021\\\/12\\\/B-Logo.png\"},{\"@type\":\"WebSite\",\"@id\":\"https:\\\/\\\/borderlessmag.org\\\/#website\",\"url\":\"https:\\\/\\\/borderlessmag.org\\\/\",\"name\":\"Borderless Magazine NFP\",\"description\":\"Stories about immigration and immigrants\",\"publisher\":{\"@id\":\"https:\\\/\\\/borderlessmag.org\\\/#organization\"},\"alternateName\":\"Borderless\",\"potentialAction\":[{\"@type\":\"SearchAction\",\"target\":{\"@type\":\"EntryPoint\",\"urlTemplate\":\"https:\\\/\\\/borderlessmag.org\\\/?s={search_term_string}\"},\"query-input\":{\"@type\":\"PropertyValueSpecification\",\"valueRequired\":true,\"valueName\":\"search_term_string\"}}],\"inLanguage\":\"es\"},{\"@type\":\"Organization\",\"@id\":\"https:\\\/\\\/borderlessmag.org\\\/#organization\",\"name\":\"Borderless Magazine NFP\",\"alternateName\":\"Borderless Mag\",\"url\":\"https:\\\/\\\/borderlessmag.org\\\/\",\"logo\":{\"@type\":\"ImageObject\",\"inLanguage\":\"es\",\"@id\":\"https:\\\/\\\/borderlessmag.org\\\/#\\\/schema\\\/logo\\\/image\\\/\",\"url\":\"https:\\\/\\\/borderlessmag.org\\\/wordpress\\\/wp-content\\\/uploads\\\/2025\\\/08\\\/BorderlessLogo_main_square.jpg\",\"contentUrl\":\"https:\\\/\\\/borderlessmag.org\\\/wordpress\\\/wp-content\\\/uploads\\\/2025\\\/08\\\/BorderlessLogo_main_square.jpg\",\"width\":696,\"height\":696,\"caption\":\"Borderless Magazine NFP\"},\"image\":{\"@id\":\"https:\\\/\\\/borderlessmag.org\\\/#\\\/schema\\\/logo\\\/image\\\/\"},\"sameAs\":[\"https:\\\/\\\/www.facebook.com\\\/BorderlessMagazine\",\"https:\\\/\\\/www.instagram.com\\\/borderless_mag\\\/\",\"https:\\\/\\\/www.tiktok.com\\\/@borderless_mag\"]},{\"@type\":\"Person\",\"@id\":\"https:\\\/\\\/borderlessmag.org\\\/#\\\/schema\\\/person\\\/e5757a2d987d1c83b79c8da68d5b8710\",\"name\":\"Brenton King\",\"image\":{\"@type\":\"ImageObject\",\"inLanguage\":\"es\",\"@id\":\"https:\\\/\\\/secure.gravatar.com\\\/avatar\\\/5caaccf5321c343871a568fc3f9d6ca8a6b2b05ed7b7a195f9316d8dd4771459?s=96&d=mm&r=g06ca93669788780951b69029adc2b42a\",\"url\":\"https:\\\/\\\/secure.gravatar.com\\\/avatar\\\/5caaccf5321c343871a568fc3f9d6ca8a6b2b05ed7b7a195f9316d8dd4771459?s=96&d=mm&r=g\",\"contentUrl\":\"https:\\\/\\\/secure.gravatar.com\\\/avatar\\\/5caaccf5321c343871a568fc3f9d6ca8a6b2b05ed7b7a195f9316d8dd4771459?s=96&d=mm&r=g\",\"caption\":\"Brenton King\"},\"url\":\"https:\\\/\\\/borderlessmag.org\\\/es\\\/author\\\/wynneswps\\\/\"}]}<\/script>\n<!-- \/ Yoast SEO Premium plugin. -->","yoast_head_json":{"title":"Caminos - Revista Borderless PFN","description":"Caminos - Revista Borderless PFN","robots":{"index":"index","follow":"follow","max-snippet":"max-snippet:-1","max-image-preview":"max-image-preview:large","max-video-preview":"max-video-preview:-1"},"canonical":"https:\/\/borderlessmag.org\/es\/vias\/","og_locale":"es_MX","og_type":"article","og_title":"Pathways &#8211; Borderless Magazine NFP","og_description":"Pathways &#8211; Borderless Magazine NFP","og_url":"https:\/\/borderlessmag.org\/es\/vias\/","og_site_name":"Borderless Magazine NFP","article_publisher":"https:\/\/www.facebook.com\/BorderlessMagazine","article_modified_time":"2022-04-22T18:33:29+00:00","og_image":[{"width":200,"height":200,"url":"https:\/\/borderlessmag.org\/wordpress\/wp-content\/uploads\/2021\/12\/B-Logo.png","type":"image\/png"}],"twitter_card":"summary_large_image","twitter_misc":{"Tiempo de lectura":"3 minutos","Written by":"Brenton King"},"schema":{"@context":"https:\/\/schema.org","@graph":[{"@type":"NewsArticle","@id":"https:\/\/borderlessmag.org\/pathways\/#article","isPartOf":{"@id":"https:\/\/borderlessmag.org\/pathways\/"},"author":{"name":"Brenton King","@id":"https:\/\/borderlessmag.org\/#\/schema\/person\/e5757a2d987d1c83b79c8da68d5b8710"},"headline":"Pathways","datePublished":"2021-11-16T03:51:36+00:00","dateModified":"2022-04-22T18:33:29+00:00","mainEntityOfPage":{"@id":"https:\/\/borderlessmag.org\/pathways\/"},"wordCount":783,"publisher":{"@id":"https:\/\/borderlessmag.org\/#organization"},"image":{"@id":"https:\/\/borderlessmag.org\/pathways\/#primaryimage"},"thumbnailUrl":"https:\/\/borderlessmag.org\/wordpress\/wp-content\/uploads\/2021\/12\/B-Logo.png","inLanguage":"es"},{"@type":"WebPage","@id":"https:\/\/borderlessmag.org\/pathways\/","url":"https:\/\/borderlessmag.org\/pathways\/","name":"Caminos - Revista Borderless PFN","isPartOf":{"@id":"https:\/\/borderlessmag.org\/#website"},"primaryImageOfPage":{"@id":"https:\/\/borderlessmag.org\/pathways\/#primaryimage"},"image":{"@id":"https:\/\/borderlessmag.org\/pathways\/#primaryimage"},"thumbnailUrl":"https:\/\/borderlessmag.org\/wordpress\/wp-content\/uploads\/2021\/12\/B-Logo.png","datePublished":"2021-11-16T03:51:36+00:00","dateModified":"2022-04-22T18:33:29+00:00","description":"Caminos - Revista Borderless PFN","inLanguage":"es","potentialAction":[{"@type":"ReadAction","target":["https:\/\/borderlessmag.org\/pathways\/"]}]},{"@type":"ImageObject","inLanguage":"es","@id":"https:\/\/borderlessmag.org\/pathways\/#primaryimage","url":"https:\/\/borderlessmag.org\/wordpress\/wp-content\/uploads\/2021\/12\/B-Logo.png","contentUrl":"https:\/\/borderlessmag.org\/wordpress\/wp-content\/uploads\/2021\/12\/B-Logo.png"},{"@type":"WebSite","@id":"https:\/\/borderlessmag.org\/#website","url":"https:\/\/borderlessmag.org\/","name":"Revista Borderless NFP","description":"Historias sobre inmigraci\u00f3n e inmigrantes","publisher":{"@id":"https:\/\/borderlessmag.org\/#organization"},"alternateName":"Borderless","potentialAction":[{"@type":"SearchAction","target":{"@type":"EntryPoint","urlTemplate":"https:\/\/borderlessmag.org\/?s={search_term_string}"},"query-input":{"@type":"PropertyValueSpecification","valueRequired":true,"valueName":"search_term_string"}}],"inLanguage":"es"},{"@type":"Organization","@id":"https:\/\/borderlessmag.org\/#organization","name":"Revista Borderless NFP","alternateName":"Borderless Mag","url":"https:\/\/borderlessmag.org\/","logo":{"@type":"ImageObject","inLanguage":"es","@id":"https:\/\/borderlessmag.org\/#\/schema\/logo\/image\/","url":"https:\/\/borderlessmag.org\/wordpress\/wp-content\/uploads\/2025\/08\/BorderlessLogo_main_square.jpg","contentUrl":"https:\/\/borderlessmag.org\/wordpress\/wp-content\/uploads\/2025\/08\/BorderlessLogo_main_square.jpg","width":696,"height":696,"caption":"Borderless Magazine NFP"},"image":{"@id":"https:\/\/borderlessmag.org\/#\/schema\/logo\/image\/"},"sameAs":["https:\/\/www.facebook.com\/BorderlessMagazine","https:\/\/www.instagram.com\/borderless_mag\/","https:\/\/www.tiktok.com\/@borderless_mag"]},{"@type":"Person","@id":"https:\/\/borderlessmag.org\/#\/schema\/person\/e5757a2d987d1c83b79c8da68d5b8710","name":"Brenton King","image":{"@type":"ImageObject","inLanguage":"es","@id":"https:\/\/secure.gravatar.com\/avatar\/5caaccf5321c343871a568fc3f9d6ca8a6b2b05ed7b7a195f9316d8dd4771459?s=96&d=mm&r=g06ca93669788780951b69029adc2b42a","url":"https:\/\/secure.gravatar.com\/avatar\/5caaccf5321c343871a568fc3f9d6ca8a6b2b05ed7b7a195f9316d8dd4771459?s=96&d=mm&r=g","contentUrl":"https:\/\/secure.gravatar.com\/avatar\/5caaccf5321c343871a568fc3f9d6ca8a6b2b05ed7b7a195f9316d8dd4771459?s=96&d=mm&r=g","caption":"Brenton King"},"url":"https:\/\/borderlessmag.org\/es\/author\/wynneswps\/"}]}},"_links":{"self":[{"href":"https:\/\/borderlessmag.org\/es\/wp-json\/wp\/v2\/pages\/8345","targetHints":{"allow":["GET"]}}],"collection":[{"href":"https:\/\/borderlessmag.org\/es\/wp-json\/wp\/v2\/pages"}],"about":[{"href":"https:\/\/borderlessmag.org\/es\/wp-json\/wp\/v2\/types\/page"}],"author":[{"embeddable":true,"href":"https:\/\/borderlessmag.org\/es\/wp-json\/wp\/v2\/users\/2"}],"replies":[{"embeddable":true,"href":"https:\/\/borderlessmag.org\/es\/wp-json\/wp\/v2\/comments?post=8345"}],"version-history":[{"count":0,"href":"https:\/\/borderlessmag.org\/es\/wp-json\/wp\/v2\/pages\/8345\/revisions"}],"wp:featuredmedia":[{"embeddable":true,"href":"https:\/\/borderlessmag.org\/es\/wp-json\/wp\/v2\/media\/8441"}],"wp:attachment":[{"href":"https:\/\/borderlessmag.org\/es\/wp-json\/wp\/v2\/media?parent=8345"}],"wp:term":[{"taxonomy":"author","embeddable":true,"href":"https:\/\/borderlessmag.org\/es\/wp-json\/wp\/v2\/coauthors?post=8345"}],"curies":[{"name":"wp","href":"https:\/\/api.w.org\/{rel}","templated":true}]}}