{"id":3581,"date":"2020-09-23T21:46:04","date_gmt":"2020-09-23T21:46:04","guid":{"rendered":"http:\/\/borderlessmag.org\/?page_id=3581"},"modified":"2022-12-15T14:38:06","modified_gmt":"2022-12-15T20:38:06","slug":"segun-el-metodo","status":"publish","type":"page","link":"https:\/\/borderlessmag.org\/es\/as-told-to-method\/","title":{"rendered":"M\u00e9todo As-Told-To"},"content":{"rendered":"<div id=\"fws_69d36bac8d021\"  data-column-margin=\"default\" data-midnight=\"dark\" data-top-percent=\"2%\" data-bottom-percent=\"2%\"  class=\"wpb_row vc_row-fluid vc_row\"  style=\"padding-top: calc(100vw * 0.02); padding-bottom: calc(100vw * 0.02); \"><div class=\"row-bg-wrap\" data-bg-animation=\"none\" data-bg-animation-delay=\"\" data-bg-overlay=\"false\"><div class=\"inner-wrap row-bg-layer\" ><div class=\"row-bg viewport-desktop\"  style=\"\"><\/div><\/div><\/div><div class=\"row_col_wrap_12 col span_12 dark left\">\n\t<div  class=\"vc_col-sm-12 wpb_column column_container vc_column_container col no-extra-padding inherit_tablet inherit_phone\"  data-padding-pos=\"all\" data-has-bg-color=\"false\" data-bg-color=\"\" data-bg-opacity=\"1\" data-animation=\"\" data-delay=\"0\" >\n\t\t<div class=\"vc_column-inner\" >\n\t\t\t<div class=\"wpb_wrapper\">\n\t\t\t\t\n<div class=\"wpb_text_column wpb_content_element\" >\n\t<p>Borderless Magazine realiza reportajes con inmigrantes utilizando nuestro exclusivo m\u00e9todo \"As Told To\".<\/p>\n<p><strong>\u00bfQuiere saber m\u00e1s? Hablemos:<\/strong> <a href=\"mailto:nissa@borderlessmag.org\">nissa@borderlessmag.org<\/a><\/p>\n<\/div>\n\n\n\n\n\t\t\t<\/div> \n\t\t<\/div>\n\t<\/div> \n<\/div><\/div>\n\t\t<div id=\"fws_69d36bac8db0b\"  data-column-margin=\"default\" data-midnight=\"dark\" data-top-percent=\"2%\" data-bottom-percent=\"2%\"  class=\"wpb_row vc_row-fluid vc_row\"  style=\"padding-top: calc(100vw * 0.02); padding-bottom: calc(100vw * 0.02); \"><div class=\"row-bg-wrap\" data-bg-animation=\"none\" data-bg-animation-delay=\"\" data-bg-overlay=\"false\"><div class=\"inner-wrap row-bg-layer\" ><div class=\"row-bg viewport-desktop\"  style=\"\"><\/div><\/div><\/div><div class=\"row_col_wrap_12 col span_12 dark left\">\n\t<div  class=\"vc_col-sm-12 wpb_column column_container vc_column_container col no-extra-padding inherit_tablet inherit_phone\"  data-padding-pos=\"all\" data-has-bg-color=\"false\" data-bg-color=\"\" data-bg-opacity=\"1\" data-animation=\"\" data-delay=\"0\" >\n\t\t<div class=\"vc_column-inner\" >\n\t\t\t<div class=\"wpb_wrapper\">\n\t\t\t\t<div class=\"img-with-aniamtion-wrap center\" data-max-width=\"100%\" data-max-width-mobile=\"default\" data-shadow=\"none\" data-animation=\"fade-in\" >\r\n      <div class=\"inner\">\r\n        <div class=\"hover-wrap\"> \r\n          <div class=\"hover-wrap-inner\">\r\n            <a href=\"https:\/\/borderlessmag.org\/wordpress\/wp-content\/uploads\/2022\/12\/As-told-to_web.jpg\" class=\"pp center\">\r\n              <img decoding=\"async\" class=\"img-with-animation skip-lazy\" data-delay=\"0\" height=\"100\" width=\"100\" data-animation=\"fade-in\" src=\"https:\/\/borderlessmag.org\/wordpress\/wp-content\/uploads\/2022\/12\/As-told-to_web.jpg\" alt=\"&quot;Reportaje con inmigrantes&quot; El m\u00e9todo de Borderless Magazine 1. &quot;\u00bfLe gustar\u00eda compartir su historia?&quot; 2. Utilizar el idioma que elijan 3. Acordar las normas de la entrevista 4. Explicar los riesgos y beneficios 5. Realizar la entrevista en un espacio seguro 6. Preguntar a los inmigrantes si quieren hablar con nosotros. &quot;6. &quot;\u00bfHay algo que quiera preguntarme? 7. hacer un relato en primera persona 8. comprobar los hechos y hacer un seguimiento 9. publicar en ingl\u00e9s y en su lengua materna\"  \/>\r\n            <\/a>\r\n          <\/div>\r\n      <\/div><span class=\"vc_figure-caption ccfic-text media-caption\">Borderless Magazine realiza reportajes con inmigrantes utilizando nuestro exclusivo m\u00e9todo As-Told-To. <\/span><span class=\"media-credit\">Ilustraci\u00f3n de Danbee Kim para Borderless Magazine<\/span><\/div><\/div>\n\t\t\t<\/div> \n\t\t<\/div>\n\t<\/div> \n<\/div><\/div>\n\t\t<div id=\"fws_69d36bac8e7ac\"  data-column-margin=\"default\" data-midnight=\"dark\"  class=\"wpb_row vc_row-fluid vc_row\"  style=\"padding-top: 0px; padding-bottom: 0px; \"><div class=\"row-bg-wrap\" data-bg-animation=\"none\" data-bg-animation-delay=\"\" data-bg-overlay=\"false\"><div class=\"inner-wrap row-bg-layer\" ><div class=\"row-bg viewport-desktop\"  style=\"\"><\/div><\/div><\/div><div class=\"row_col_wrap_12 col span_12 dark left\">\n\t<div  class=\"vc_col-sm-12 wpb_column column_container vc_column_container col no-extra-padding inherit_tablet inherit_phone\"  data-padding-pos=\"all\" data-has-bg-color=\"false\" data-bg-color=\"\" data-bg-opacity=\"1\" data-animation=\"\" data-delay=\"0\" >\n\t\t<div class=\"vc_column-inner\" >\n\t\t\t<div class=\"wpb_wrapper\">\n\t\t\t\t<div class=\"templatera_shortcode\">\n\t\t<div id=\"fws_69d36bac8f5cc\"  data-column-margin=\"default\" data-midnight=\"dark\"  class=\"wpb_row vc_row-fluid vc_row vc_row-o-equal-height vc_row-flex vc_row-o-content-middle small\"  style=\"padding-top: 0px; padding-bottom: 0px; \"><div class=\"row-bg-wrap\" data-bg-animation=\"none\" data-bg-animation-delay=\"\" data-bg-overlay=\"false\"><div class=\"inner-wrap row-bg-layer\" ><div class=\"row-bg viewport-desktop\"  style=\"\"><\/div><\/div><\/div><div class=\"row_col_wrap_12 col span_12 dark left\">\n\t<div  class=\"vc_col-sm-12 wpb_column column_container vc_column_container col no-extra-padding inherit_tablet inherit_phone border_color_909090 border_style_solid\"  data-padding-pos=\"all\" data-has-bg-color=\"false\" data-bg-color=\"\" data-bg-opacity=\"1\" data-animation=\"\" data-delay=\"0\" >\n\t\t<div class=\"vc_column-inner\" >\n\t\t\t<div class=\"wpb_wrapper\">\n\t\t\t\t\n\t\t<div id=\"fws_69d36bac900af\"  data-column-margin=\"default\" data-midnight=\"dark\"  class=\"wpb_row vc_row-fluid vc_row vc_row-o-equal-height vc_row-flex vc_row-o-content-middle large top_margin_20px bottom_margin_20px\"  style=\"padding-top: 0px; padding-bottom: 0px; \"><div class=\"row-bg-wrap\" data-bg-animation=\"none\" data-bg-animation-delay=\"\" data-bg-overlay=\"true\"><div class=\"inner-wrap row-bg-layer\" ><div class=\"row-bg viewport-desktop\"  style=\"\"><\/div><\/div><div class=\"row-bg-overlay row-bg-layer\" style=\"background: #FFFFFF; background: linear-gradient(90deg,#FFFFFF 0%,#FFFFFF 100%);  opacity: 1; \"><\/div><\/div><div class=\"row_col_wrap_12 col span_12 dark left\">\n\t<div  class=\"vc_col-sm-12 wpb_column column_container vc_column_container col padding-3-percent force-phone-text-align-center inherit_tablet inherit_phone border_top_desktop_1px border_bottom_desktop_1px border_color_FFFFFF border_style_solid\"  data-padding-pos=\"all\" data-has-bg-color=\"false\" data-bg-color=\"\" data-bg-opacity=\"1\" data-animation=\"\" data-delay=\"0\" >\n\t\t<div class=\"vc_column-inner\" >\n\t\t\t<div class=\"wpb_wrapper\">\n\t\t\t\t<div id=\"fws_69d36bac90733\" data-midnight=\"\" data-column-margin=\"default\" class=\"wpb_row vc_row-fluid vc_row inner_row vc_row-o-equal-height vc_row-flex vc_row-o-content-middle\"  style=\"\"><div class=\"row-bg-wrap\"> <div class=\"row-bg\" ><\/div> <\/div><div class=\"row_col_wrap_12_inner col span_12  left\">\n\t<div  class=\"vc_col-sm-7 wpb_column column_container vc_column_container col child_column no-extra-padding inherit_tablet inherit_phone\"   data-padding-pos=\"all\" data-has-bg-color=\"false\" data-bg-color=\"\" data-bg-opacity=\"1\" data-animation=\"\" data-delay=\"0\" >\n\t\t<div class=\"vc_column-inner\" >\n\t\t<div class=\"wpb_wrapper\">\n\t\t\t\n<div class=\"wpb_text_column wpb_content_element\" >\n\t<h4 id=\"news-that-puts-power-under-the-spotlight-and-communities-at-the-center\"><strong>Noticias que ponen el poder en el punto de mira y a las comunidades en el centro.<\/strong><\/h4>\n<p>Suscr\u00edbase a nuestro bolet\u00edn gratuito y reciba actualizaciones dos veces por semana.<\/p>\n<\/div>\n\n\n\n\n\t\t<\/div> \n\t<\/div>\n\t<\/div> \n\n\t<div style=\"margin-top: -20px; \" class=\"vc_col-sm-5 wpb_column column_container vc_column_container col child_column neg-marg no-extra-padding inherit_tablet inherit_phone\"   data-padding-pos=\"all\" data-has-bg-color=\"false\" data-bg-color=\"\" data-bg-opacity=\"1\" data-animation=\"\" data-delay=\"0\" >\n\t\t<div class=\"vc_column-inner\" >\n\t\t<div class=\"wpb_wrapper\">\n\t\t\t\n\t<div class=\"wpb_raw_code wpb_raw_html wpb_content_element\" >\n\t\t<div class=\"wpb_wrapper\">\n\t\t\t<div class=\"_form_1\"><\/div><script src=\"https:\/\/borderlessmag.bluelena.io\/f\/embed.php?id=1\" charset=\"utf-8\"><\/script>\n\t\t<\/div>\n\t<\/div>\n\n\t\t<\/div> \n\t<\/div>\n\t<\/div> \n<\/div><\/div>\n\t\t\t<\/div> \n\t\t<\/div>\n\t<\/div> \n<\/div><\/div>\n\n\t\t\t<\/div> \n\t\t<\/div>\n\t<\/div> \n<\/div><\/div><\/div>\n\t\t\t<\/div> \n\t\t<\/div>\n\t<\/div> \n<\/div><\/div>","protected":false},"excerpt":{"rendered":"Borderless Magazine realiza reportajes con inmigrantes utilizando nuestro exclusivo m\u00e9todo \"As Told To\". \u00bfLe interesa saber m\u00e1s? Hablemos: nissa@borderlessmag.org Borderless Magazine realiza reportajes con inmigrantes utilizando nuestro exclusivo m\u00e9todo \"As-Told-To\". Ilustraci\u00f3n de Danbee Kim para Borderless Magazine Noticias que ponen el poder bajo los focos y las comunidades en el centro. Suscr\u00edbase a nuestro bolet\u00edn gratuito y reciba actualizaciones dos veces por semana.","protected":false},"author":8,"featured_media":8441,"parent":0,"menu_order":0,"comment_status":"closed","ping_status":"closed","template":"","meta":{"inline_featured_image":false,"footnotes":""},"coauthors":[209],"class_list":["post-3581","page","type-page","status-publish","has-post-thumbnail"],"yoast_head":"<!-- This site is optimized with the Yoast SEO Premium plugin v27.3 (Yoast SEO v27.3) - https:\/\/yoast.com\/product\/yoast-seo-premium-wordpress\/ -->\n<title>As-Told-To Method &#8211; Borderless Magazine NFP<\/title>\n<meta name=\"description\" content=\"Borderless Magazine reports with immigrants using our unique &quot;as told to&quot; method\" \/>\n<meta name=\"robots\" content=\"index, follow, max-snippet:-1, max-image-preview:large, max-video-preview:-1\" \/>\n<link rel=\"canonical\" href=\"https:\/\/borderlessmag.org\/es\/segun-el-metodo\/\" \/>\n<meta property=\"og:locale\" content=\"es_MX\" \/>\n<meta property=\"og:type\" content=\"article\" \/>\n<meta property=\"og:title\" content=\"As-Told-To Method &#8211; Borderless Magazine NFP\" \/>\n<meta property=\"og:description\" content=\"As-Told-To Method &#8211; Borderless Magazine NFP\" \/>\n<meta property=\"og:url\" content=\"https:\/\/borderlessmag.org\/es\/segun-el-metodo\/\" \/>\n<meta property=\"og:site_name\" content=\"Borderless Magazine NFP\" \/>\n<meta property=\"article:publisher\" content=\"https:\/\/www.facebook.com\/BorderlessMagazine\" \/>\n<meta property=\"article:modified_time\" content=\"2022-12-15T20:38:06+00:00\" \/>\n<meta property=\"og:image\" content=\"https:\/\/borderlessmag.org\/wordpress\/wp-content\/uploads\/2021\/12\/B-Logo.png\" \/>\n\t<meta property=\"og:image:width\" content=\"200\" \/>\n\t<meta property=\"og:image:height\" content=\"200\" \/>\n\t<meta property=\"og:image:type\" content=\"image\/png\" \/>\n<meta name=\"twitter:card\" content=\"summary_large_image\" \/>\n<meta name=\"twitter:label1\" content=\"Tiempo de lectura\" \/>\n\t<meta name=\"twitter:data1\" content=\"1 minuto\" \/>\n\t<meta name=\"twitter:label2\" content=\"Written by\" \/>\n\t<meta name=\"twitter:data2\" content=\"Michelle Kanaar\" \/>\n<script type=\"application\/ld+json\" class=\"yoast-schema-graph\">{\"@context\":\"https:\\\/\\\/schema.org\",\"@graph\":[{\"@type\":\"NewsArticle\",\"@id\":\"https:\\\/\\\/borderlessmag.org\\\/as-told-to-method\\\/#article\",\"isPartOf\":{\"@id\":\"https:\\\/\\\/borderlessmag.org\\\/as-told-to-method\\\/\"},\"author\":{\"name\":\"Michelle Kanaar\",\"@id\":\"https:\\\/\\\/borderlessmag.org\\\/#\\\/schema\\\/person\\\/fb9ce5384406f02fd3303d6fbb052bb8\"},\"headline\":\"As-Told-To Method\",\"datePublished\":\"2020-09-23T21:46:04+00:00\",\"dateModified\":\"2022-12-15T20:38:06+00:00\",\"mainEntityOfPage\":{\"@id\":\"https:\\\/\\\/borderlessmag.org\\\/as-told-to-method\\\/\"},\"wordCount\":564,\"publisher\":{\"@id\":\"https:\\\/\\\/borderlessmag.org\\\/#organization\"},\"image\":{\"@id\":\"https:\\\/\\\/borderlessmag.org\\\/as-told-to-method\\\/#primaryimage\"},\"thumbnailUrl\":\"https:\\\/\\\/borderlessmag.org\\\/wordpress\\\/wp-content\\\/uploads\\\/2021\\\/12\\\/B-Logo.png\",\"inLanguage\":\"es\"},{\"@type\":\"WebPage\",\"@id\":\"https:\\\/\\\/borderlessmag.org\\\/as-told-to-method\\\/\",\"url\":\"https:\\\/\\\/borderlessmag.org\\\/as-told-to-method\\\/\",\"name\":\"As-Told-To Method &#8211; Borderless Magazine NFP\",\"isPartOf\":{\"@id\":\"https:\\\/\\\/borderlessmag.org\\\/#website\"},\"primaryImageOfPage\":{\"@id\":\"https:\\\/\\\/borderlessmag.org\\\/as-told-to-method\\\/#primaryimage\"},\"image\":{\"@id\":\"https:\\\/\\\/borderlessmag.org\\\/as-told-to-method\\\/#primaryimage\"},\"thumbnailUrl\":\"https:\\\/\\\/borderlessmag.org\\\/wordpress\\\/wp-content\\\/uploads\\\/2021\\\/12\\\/B-Logo.png\",\"datePublished\":\"2020-09-23T21:46:04+00:00\",\"dateModified\":\"2022-12-15T20:38:06+00:00\",\"description\":\"Borderless Magazine reports with immigrants using our unique \\\"as told to\\\" method\",\"inLanguage\":\"es\",\"potentialAction\":[{\"@type\":\"ReadAction\",\"target\":[\"https:\\\/\\\/borderlessmag.org\\\/as-told-to-method\\\/\"]}]},{\"@type\":\"ImageObject\",\"inLanguage\":\"es\",\"@id\":\"https:\\\/\\\/borderlessmag.org\\\/as-told-to-method\\\/#primaryimage\",\"url\":\"https:\\\/\\\/borderlessmag.org\\\/wordpress\\\/wp-content\\\/uploads\\\/2021\\\/12\\\/B-Logo.png\",\"contentUrl\":\"https:\\\/\\\/borderlessmag.org\\\/wordpress\\\/wp-content\\\/uploads\\\/2021\\\/12\\\/B-Logo.png\"},{\"@type\":\"WebSite\",\"@id\":\"https:\\\/\\\/borderlessmag.org\\\/#website\",\"url\":\"https:\\\/\\\/borderlessmag.org\\\/\",\"name\":\"Borderless Magazine NFP\",\"description\":\"Stories about immigration and immigrants\",\"publisher\":{\"@id\":\"https:\\\/\\\/borderlessmag.org\\\/#organization\"},\"alternateName\":\"Borderless\",\"potentialAction\":[{\"@type\":\"SearchAction\",\"target\":{\"@type\":\"EntryPoint\",\"urlTemplate\":\"https:\\\/\\\/borderlessmag.org\\\/?s={search_term_string}\"},\"query-input\":{\"@type\":\"PropertyValueSpecification\",\"valueRequired\":true,\"valueName\":\"search_term_string\"}}],\"inLanguage\":\"es\"},{\"@type\":\"Organization\",\"@id\":\"https:\\\/\\\/borderlessmag.org\\\/#organization\",\"name\":\"Borderless Magazine NFP\",\"alternateName\":\"Borderless Mag\",\"url\":\"https:\\\/\\\/borderlessmag.org\\\/\",\"logo\":{\"@type\":\"ImageObject\",\"inLanguage\":\"es\",\"@id\":\"https:\\\/\\\/borderlessmag.org\\\/#\\\/schema\\\/logo\\\/image\\\/\",\"url\":\"https:\\\/\\\/borderlessmag.org\\\/wordpress\\\/wp-content\\\/uploads\\\/2025\\\/08\\\/BorderlessLogo_main_square.jpg\",\"contentUrl\":\"https:\\\/\\\/borderlessmag.org\\\/wordpress\\\/wp-content\\\/uploads\\\/2025\\\/08\\\/BorderlessLogo_main_square.jpg\",\"width\":696,\"height\":696,\"caption\":\"Borderless Magazine NFP\"},\"image\":{\"@id\":\"https:\\\/\\\/borderlessmag.org\\\/#\\\/schema\\\/logo\\\/image\\\/\"},\"sameAs\":[\"https:\\\/\\\/www.facebook.com\\\/BorderlessMagazine\",\"https:\\\/\\\/www.instagram.com\\\/borderless_mag\\\/\",\"https:\\\/\\\/www.tiktok.com\\\/@borderless_mag\"]},{\"@type\":\"Person\",\"@id\":\"https:\\\/\\\/borderlessmag.org\\\/#\\\/schema\\\/person\\\/fb9ce5384406f02fd3303d6fbb052bb8\",\"name\":\"Michelle Kanaar\",\"image\":{\"@type\":\"ImageObject\",\"inLanguage\":\"es\",\"@id\":\"https:\\\/\\\/secure.gravatar.com\\\/avatar\\\/d2d06fbb260b5a06a15302c669bd0829b46834ffbdd27f8983ea9e85294ef95b?s=96&d=mm&r=g91632a79dd3cbc4e3a1af4e6679418d2\",\"url\":\"https:\\\/\\\/secure.gravatar.com\\\/avatar\\\/d2d06fbb260b5a06a15302c669bd0829b46834ffbdd27f8983ea9e85294ef95b?s=96&d=mm&r=g\",\"contentUrl\":\"https:\\\/\\\/secure.gravatar.com\\\/avatar\\\/d2d06fbb260b5a06a15302c669bd0829b46834ffbdd27f8983ea9e85294ef95b?s=96&d=mm&r=g\",\"caption\":\"Michelle Kanaar\"},\"description\":\"Michelle is a documentary photojournalist who focuses on immigration, labor, and education. She is thoroughly committed to social justice issues and is the proud daughter of immigrants from Colombia and the Netherlands. She grew up speaking Spanish and English and studied Arabic and Middle Eastern studies for her Bachelor\u2019s. She has a Master\u2019s in journalism from the University of Missouri. She is also a co-founder of the Prism Photo Workshop, whose mission it is to provide resources and support for young photographers of diverse backgrounds to tell the stories of underrepresented people and communities with dignity. She\u2019s a big fan of plants and kindness.\",\"url\":\"https:\\\/\\\/borderlessmag.org\\\/es\\\/author\\\/michelle-kanaar\\\/\"}]}<\/script>\n<!-- \/ Yoast SEO Premium plugin. -->","yoast_head_json":{"title":"M\u00e9todo As-Told-To - Revista Borderless NFP","description":"Borderless Magazine realiza reportajes con inmigrantes utilizando nuestro exclusivo m\u00e9todo \"as told to","robots":{"index":"index","follow":"follow","max-snippet":"max-snippet:-1","max-image-preview":"max-image-preview:large","max-video-preview":"max-video-preview:-1"},"canonical":"https:\/\/borderlessmag.org\/es\/segun-el-metodo\/","og_locale":"es_MX","og_type":"article","og_title":"As-Told-To Method &#8211; Borderless Magazine NFP","og_description":"As-Told-To Method &#8211; Borderless Magazine NFP","og_url":"https:\/\/borderlessmag.org\/es\/segun-el-metodo\/","og_site_name":"Borderless Magazine NFP","article_publisher":"https:\/\/www.facebook.com\/BorderlessMagazine","article_modified_time":"2022-12-15T20:38:06+00:00","og_image":[{"width":200,"height":200,"url":"https:\/\/borderlessmag.org\/wordpress\/wp-content\/uploads\/2021\/12\/B-Logo.png","type":"image\/png"}],"twitter_card":"summary_large_image","twitter_misc":{"Tiempo de lectura":"1 minuto","Written by":"Michelle Kanaar"},"schema":{"@context":"https:\/\/schema.org","@graph":[{"@type":"NewsArticle","@id":"https:\/\/borderlessmag.org\/as-told-to-method\/#article","isPartOf":{"@id":"https:\/\/borderlessmag.org\/as-told-to-method\/"},"author":{"name":"Michelle Kanaar","@id":"https:\/\/borderlessmag.org\/#\/schema\/person\/fb9ce5384406f02fd3303d6fbb052bb8"},"headline":"As-Told-To Method","datePublished":"2020-09-23T21:46:04+00:00","dateModified":"2022-12-15T20:38:06+00:00","mainEntityOfPage":{"@id":"https:\/\/borderlessmag.org\/as-told-to-method\/"},"wordCount":564,"publisher":{"@id":"https:\/\/borderlessmag.org\/#organization"},"image":{"@id":"https:\/\/borderlessmag.org\/as-told-to-method\/#primaryimage"},"thumbnailUrl":"https:\/\/borderlessmag.org\/wordpress\/wp-content\/uploads\/2021\/12\/B-Logo.png","inLanguage":"es"},{"@type":"WebPage","@id":"https:\/\/borderlessmag.org\/as-told-to-method\/","url":"https:\/\/borderlessmag.org\/as-told-to-method\/","name":"M\u00e9todo As-Told-To - Revista Borderless NFP","isPartOf":{"@id":"https:\/\/borderlessmag.org\/#website"},"primaryImageOfPage":{"@id":"https:\/\/borderlessmag.org\/as-told-to-method\/#primaryimage"},"image":{"@id":"https:\/\/borderlessmag.org\/as-told-to-method\/#primaryimage"},"thumbnailUrl":"https:\/\/borderlessmag.org\/wordpress\/wp-content\/uploads\/2021\/12\/B-Logo.png","datePublished":"2020-09-23T21:46:04+00:00","dateModified":"2022-12-15T20:38:06+00:00","description":"Borderless Magazine realiza reportajes con inmigrantes utilizando nuestro exclusivo m\u00e9todo \"as told to","inLanguage":"es","potentialAction":[{"@type":"ReadAction","target":["https:\/\/borderlessmag.org\/as-told-to-method\/"]}]},{"@type":"ImageObject","inLanguage":"es","@id":"https:\/\/borderlessmag.org\/as-told-to-method\/#primaryimage","url":"https:\/\/borderlessmag.org\/wordpress\/wp-content\/uploads\/2021\/12\/B-Logo.png","contentUrl":"https:\/\/borderlessmag.org\/wordpress\/wp-content\/uploads\/2021\/12\/B-Logo.png"},{"@type":"WebSite","@id":"https:\/\/borderlessmag.org\/#website","url":"https:\/\/borderlessmag.org\/","name":"Revista Borderless NFP","description":"Historias sobre inmigraci\u00f3n e inmigrantes","publisher":{"@id":"https:\/\/borderlessmag.org\/#organization"},"alternateName":"Borderless","potentialAction":[{"@type":"SearchAction","target":{"@type":"EntryPoint","urlTemplate":"https:\/\/borderlessmag.org\/?s={search_term_string}"},"query-input":{"@type":"PropertyValueSpecification","valueRequired":true,"valueName":"search_term_string"}}],"inLanguage":"es"},{"@type":"Organization","@id":"https:\/\/borderlessmag.org\/#organization","name":"Revista Borderless NFP","alternateName":"Borderless Mag","url":"https:\/\/borderlessmag.org\/","logo":{"@type":"ImageObject","inLanguage":"es","@id":"https:\/\/borderlessmag.org\/#\/schema\/logo\/image\/","url":"https:\/\/borderlessmag.org\/wordpress\/wp-content\/uploads\/2025\/08\/BorderlessLogo_main_square.jpg","contentUrl":"https:\/\/borderlessmag.org\/wordpress\/wp-content\/uploads\/2025\/08\/BorderlessLogo_main_square.jpg","width":696,"height":696,"caption":"Borderless Magazine NFP"},"image":{"@id":"https:\/\/borderlessmag.org\/#\/schema\/logo\/image\/"},"sameAs":["https:\/\/www.facebook.com\/BorderlessMagazine","https:\/\/www.instagram.com\/borderless_mag\/","https:\/\/www.tiktok.com\/@borderless_mag"]},{"@type":"Person","@id":"https:\/\/borderlessmag.org\/#\/schema\/person\/fb9ce5384406f02fd3303d6fbb052bb8","name":"Michelle Kanaar","image":{"@type":"ImageObject","inLanguage":"es","@id":"https:\/\/secure.gravatar.com\/avatar\/d2d06fbb260b5a06a15302c669bd0829b46834ffbdd27f8983ea9e85294ef95b?s=96&d=mm&r=g91632a79dd3cbc4e3a1af4e6679418d2","url":"https:\/\/secure.gravatar.com\/avatar\/d2d06fbb260b5a06a15302c669bd0829b46834ffbdd27f8983ea9e85294ef95b?s=96&d=mm&r=g","contentUrl":"https:\/\/secure.gravatar.com\/avatar\/d2d06fbb260b5a06a15302c669bd0829b46834ffbdd27f8983ea9e85294ef95b?s=96&d=mm&r=g","caption":"Michelle Kanaar"},"description":"Michelle es una fotoperiodista documental que se centra en la inmigraci\u00f3n, el trabajo y la educaci\u00f3n. Est\u00e1 profundamente comprometida con la justicia social y es hija de inmigrantes colombianos y holandeses. Creci\u00f3 hablando espa\u00f1ol e ingl\u00e9s y estudi\u00f3 \u00e1rabe y Oriente Medio para licenciarse. Tiene un m\u00e1ster en periodismo por la Universidad de Missouri. Tambi\u00e9n es cofundadora del Prism Photo Workshop, cuya misi\u00f3n es proporcionar recursos y apoyo a j\u00f3venes fot\u00f3grafos de diversos or\u00edgenes para que cuenten con dignidad las historias de personas y comunidades infrarrepresentadas. Es una gran fan de las plantas y la bondad.","url":"https:\/\/borderlessmag.org\/es\/author\/michelle-kanaar\/"}]}},"_links":{"self":[{"href":"https:\/\/borderlessmag.org\/es\/wp-json\/wp\/v2\/pages\/3581","targetHints":{"allow":["GET"]}}],"collection":[{"href":"https:\/\/borderlessmag.org\/es\/wp-json\/wp\/v2\/pages"}],"about":[{"href":"https:\/\/borderlessmag.org\/es\/wp-json\/wp\/v2\/types\/page"}],"author":[{"embeddable":true,"href":"https:\/\/borderlessmag.org\/es\/wp-json\/wp\/v2\/users\/8"}],"replies":[{"embeddable":true,"href":"https:\/\/borderlessmag.org\/es\/wp-json\/wp\/v2\/comments?post=3581"}],"version-history":[{"count":0,"href":"https:\/\/borderlessmag.org\/es\/wp-json\/wp\/v2\/pages\/3581\/revisions"}],"wp:featuredmedia":[{"embeddable":true,"href":"https:\/\/borderlessmag.org\/es\/wp-json\/wp\/v2\/media\/8441"}],"wp:attachment":[{"href":"https:\/\/borderlessmag.org\/es\/wp-json\/wp\/v2\/media?parent=3581"}],"wp:term":[{"taxonomy":"author","embeddable":true,"href":"https:\/\/borderlessmag.org\/es\/wp-json\/wp\/v2\/coauthors?post=3581"}],"curies":[{"name":"wp","href":"https:\/\/api.w.org\/{rel}","templated":true}]}}