{"id":30336,"date":"2025-10-16T08:24:40","date_gmt":"2025-10-16T13:24:40","guid":{"rendered":"https:\/\/borderlessmag.org\/?page_id=30336"},"modified":"2025-10-16T08:24:40","modified_gmt":"2025-10-16T13:24:40","slug":"historia","status":"publish","type":"page","link":"https:\/\/borderlessmag.org\/es\/history\/","title":{"rendered":"Historia"},"content":{"rendered":"<div id=\"fws_69d1aa82efc88\"  data-column-margin=\"default\" data-midnight=\"dark\" data-top-percent=\"2%\"  class=\"wpb_row vc_row-fluid vc_row\"  style=\"padding-top: calc(100vw * 0.02); padding-bottom: 0px; \"><div class=\"row-bg-wrap\" data-bg-animation=\"none\" data-bg-animation-delay=\"\" data-bg-overlay=\"false\"><div class=\"inner-wrap row-bg-layer\" ><div class=\"row-bg viewport-desktop\"  style=\"\"><\/div><\/div><\/div><div class=\"row_col_wrap_12 col span_12 dark left\">\n\t<div  class=\"vc_col-sm-12 wpb_column column_container vc_column_container col no-extra-padding inherit_tablet inherit_phone\"  data-padding-pos=\"all\" data-has-bg-color=\"false\" data-bg-color=\"\" data-bg-opacity=\"1\" data-animation=\"\" data-delay=\"0\" >\n\t\t<div class=\"vc_column-inner\" >\n\t\t\t<div class=\"wpb_wrapper\">\n\t\t\t\t<div class=\"img-with-aniamtion-wrap center\" data-max-width=\"100%\" data-max-width-mobile=\"default\" data-shadow=\"none\" data-animation=\"fade-in\" >\r\n      <div class=\"inner\">\r\n        <div class=\"hover-wrap\"> \r\n          <div class=\"hover-wrap-inner\">\r\n            <img decoding=\"async\" class=\"img-with-animation skip-lazy\" data-delay=\"0\" height=\"100\" width=\"100\" data-animation=\"fade-in\" src=\"https:\/\/borderlessmag.org\/wordpress\/wp-content\/uploads\/2021\/11\/Borderless-History.jpg\" alt=\"\"  \/>\r\n         <\/div>\r\n      <\/div><\/div><\/div>\n\t\t\t<\/div> \n\t\t<\/div>\n\t<\/div> \n<\/div><\/div>\n\t\t<div id=\"fws_69d1aa82f0a9e\"  data-column-margin=\"default\" data-midnight=\"dark\" data-top-percent=\"2%\"  class=\"wpb_row vc_row-fluid vc_row\"  style=\"padding-top: calc(100vw * 0.02); padding-bottom: 0px; \"><div class=\"row-bg-wrap\" data-bg-animation=\"none\" data-bg-animation-delay=\"\" data-bg-overlay=\"false\"><div class=\"inner-wrap row-bg-layer\" ><div class=\"row-bg viewport-desktop\"  style=\"\"><\/div><\/div><\/div><div class=\"row_col_wrap_12 col span_12 dark left\">\n\t<div  class=\"vc_col-sm-12 wpb_column column_container vc_column_container col no-extra-padding inherit_tablet inherit_phone\"  data-padding-pos=\"all\" data-has-bg-color=\"false\" data-bg-color=\"\" data-bg-opacity=\"1\" data-animation=\"\" data-delay=\"0\" >\n\t\t<div class=\"vc_column-inner\" >\n\t\t\t<div class=\"wpb_wrapper\">\n\t\t\t\t\n<div class=\"wpb_text_column wpb_content_element\" >\n\t<p>Desde el principio hemos centrado nuestro trabajo en las voces e im\u00e1genes de los inmigrantes.<\/p>\n<p>Chicago es una ciudad de inmigrantes. Entre 2014 y 2018, m\u00e1s de 1,6 millones de inmigrantes viv\u00edan en el \u00e1rea metropolitana de Chicago. Y casi un tercio de los hogares del condado de Cook (Illinois) incluyen a uno o m\u00e1s inmigrantes.<\/p>\n<p>Sin embargo, los medios de comunicaci\u00f3n locales de Chicago est\u00e1n lamentablemente desatendiendo a las poblaciones inmigrantes de la regi\u00f3n en la actualidad.<\/p>\n<p>En 2012, hab\u00eda m\u00e1s de 130 medios de comunicaci\u00f3n locales y nacionales que atend\u00edan principalmente al p\u00fablico inmigrante en Chicago. En la actualidad, solo queda algo m\u00e1s de la mitad.<\/p>\n<p>Borderless Magazine surgi\u00f3 de un proyecto de periodismo de respuesta r\u00e1pida llamado 90 d\u00edas, 90 voces, que se puso en marcha apenas dos semanas despu\u00e9s de que el presidente Donald Trump firmara la prohibici\u00f3n de viajar a los musulmanes en febrero de 2017. Sarah Conway, Alex Hern\u00e1ndez y Nissa Rhee, cofundadores de 90 Days, 90 Voices, vieron un vac\u00edo en la cobertura medi\u00e1tica local de la prohibici\u00f3n de viajar y comenzaron a publicar historias en Medium que amplificaban las voces de los inmigrantes locales afectados por las pol\u00edticas nacionales.<\/p>\n<p>El artista Dan Rowell se uni\u00f3 al proyecto desde el principio como ilustrador y luego como director de arte, y dise\u00f1aron el logotipo de 90 Days, 90 Voices. En 2018, 90 Days, 90 Voices se constituy\u00f3 como organizaci\u00f3n sin \u00e1nimo de lucro con el apoyo de los habitantes de Chicago que exig\u00edan m\u00e1s y mejores reportajes locales sobre inmigraci\u00f3n. Michelle Kanaar se uni\u00f3 al equipo ese a\u00f1o y ayud\u00f3 a cofundar Borderless Magazine. Dan Rowell se fue en febrero de 2019 para comenzar la escuela de enfermer\u00eda, y Sarah Conway se fue en enero de 2020 para unirse a City Bureau como su editora gerente de programas de informaci\u00f3n c\u00edvica.<\/p>\n<p>En octubre de 2019, cambiamos nuestro nombre a Borderless Magazine y lanzamos un sitio web independiente. Contratamos a las cofundadoras Michelle Kanaar y Nissa Rhee como nuestras primeras empleadas a tiempo completo en mayo de 2020, y ahora tenemos una plantilla de cinco personas.<\/p>\n<\/div>\n\n\n\n\n\t\t\t<\/div> \n\t\t<\/div>\n\t<\/div> \n<\/div><\/div>","protected":false},"excerpt":{"rendered":"Desde el principio hemos centrado nuestro trabajo en las voces e im\u00e1genes de los inmigrantes. Chicago es una ciudad de inmigrantes. Entre 2014 y 2018, m\u00e1s de 1,6 millones de inmigrantes viv\u00edan en el \u00e1rea metropolitana de Chicago. Y casi un tercio de los hogares en el condado de Cook, Illinois, incluyen uno o m\u00e1s inmigrantes. Sin embargo, los medios de comunicaci\u00f3n locales de Chicago est\u00e1n lamentablemente desatendiendo a las poblaciones inmigrantes de la regi\u00f3n en la actualidad. En 2012, hab\u00eda m\u00e1s de 130 medios de comunicaci\u00f3n locales y nacionales que atend\u00edan principalmente al p\u00fablico inmigrante en Chicago. En la actualidad, solo queda poco m\u00e1s de la mitad de esos medios. Borderless Magazine surgi\u00f3 de un proyecto de periodismo de respuesta r\u00e1pida llamado 90 d\u00edas, 90...","protected":false},"author":2,"featured_media":8441,"parent":0,"menu_order":0,"comment_status":"closed","ping_status":"closed","template":"","meta":{"inline_featured_image":false,"footnotes":""},"coauthors":[204],"class_list":["post-30336","page","type-page","status-publish","has-post-thumbnail"],"yoast_head":"<!-- This site is optimized with the Yoast SEO Premium plugin v27.3 (Yoast SEO v27.3) - https:\/\/yoast.com\/product\/yoast-seo-premium-wordpress\/ -->\n<title>History &#8211; Borderless Magazine NFP<\/title>\n<meta name=\"description\" content=\"History &#8211; Borderless Magazine NFP\" \/>\n<meta name=\"robots\" content=\"index, follow, max-snippet:-1, max-image-preview:large, max-video-preview:-1\" \/>\n<link rel=\"canonical\" href=\"https:\/\/borderlessmag.org\/es\/historia\/\" \/>\n<meta property=\"og:locale\" content=\"es_MX\" \/>\n<meta property=\"og:type\" content=\"article\" \/>\n<meta property=\"og:title\" content=\"History &#8211; Borderless Magazine NFP\" \/>\n<meta property=\"og:description\" content=\"History &#8211; Borderless Magazine NFP\" \/>\n<meta property=\"og:url\" content=\"https:\/\/borderlessmag.org\/es\/historia\/\" \/>\n<meta property=\"og:site_name\" content=\"Borderless Magazine NFP\" \/>\n<meta property=\"article:publisher\" content=\"https:\/\/www.facebook.com\/BorderlessMagazine\" \/>\n<meta property=\"og:image\" content=\"https:\/\/borderlessmag.org\/wordpress\/wp-content\/uploads\/2019\/10\/cropped-cropped-Favicon.png\" \/>\n\t<meta property=\"og:image:width\" content=\"1\" \/>\n\t<meta property=\"og:image:height\" content=\"1\" \/>\n\t<meta property=\"og:image:type\" content=\"image\/png\" \/>\n<meta name=\"twitter:card\" content=\"summary_large_image\" \/>\n<meta name=\"twitter:label1\" content=\"Tiempo de lectura\" \/>\n\t<meta name=\"twitter:data1\" content=\"1 minuto\" \/>\n\t<meta name=\"twitter:label2\" content=\"Written by\" \/>\n\t<meta name=\"twitter:data2\" content=\"Brenton King\" \/>\n<script type=\"application\/ld+json\" class=\"yoast-schema-graph\">{\"@context\":\"https:\\\/\\\/schema.org\",\"@graph\":[{\"@type\":\"NewsArticle\",\"@id\":\"https:\\\/\\\/borderlessmag.org\\\/history\\\/#article\",\"isPartOf\":{\"@id\":\"https:\\\/\\\/borderlessmag.org\\\/history\\\/\"},\"author\":{\"name\":\"Brenton King\",\"@id\":\"https:\\\/\\\/borderlessmag.org\\\/#\\\/schema\\\/person\\\/e5757a2d987d1c83b79c8da68d5b8710\"},\"headline\":\"History\",\"datePublished\":\"2025-10-16T13:24:40+00:00\",\"mainEntityOfPage\":{\"@id\":\"https:\\\/\\\/borderlessmag.org\\\/history\\\/\"},\"wordCount\":637,\"publisher\":{\"@id\":\"https:\\\/\\\/borderlessmag.org\\\/#organization\"},\"image\":{\"@id\":\"https:\\\/\\\/borderlessmag.org\\\/history\\\/#primaryimage\"},\"thumbnailUrl\":\"https:\\\/\\\/borderlessmag.org\\\/wordpress\\\/wp-content\\\/uploads\\\/2021\\\/12\\\/B-Logo.png\",\"inLanguage\":\"es\"},{\"@type\":\"WebPage\",\"@id\":\"https:\\\/\\\/borderlessmag.org\\\/history\\\/\",\"url\":\"https:\\\/\\\/borderlessmag.org\\\/history\\\/\",\"name\":\"History &#8211; Borderless Magazine NFP\",\"isPartOf\":{\"@id\":\"https:\\\/\\\/borderlessmag.org\\\/#website\"},\"primaryImageOfPage\":{\"@id\":\"https:\\\/\\\/borderlessmag.org\\\/history\\\/#primaryimage\"},\"image\":{\"@id\":\"https:\\\/\\\/borderlessmag.org\\\/history\\\/#primaryimage\"},\"thumbnailUrl\":\"https:\\\/\\\/borderlessmag.org\\\/wordpress\\\/wp-content\\\/uploads\\\/2021\\\/12\\\/B-Logo.png\",\"datePublished\":\"2025-10-16T13:24:40+00:00\",\"description\":\"History &#8211; Borderless Magazine NFP\",\"inLanguage\":\"es\",\"potentialAction\":[{\"@type\":\"ReadAction\",\"target\":[\"https:\\\/\\\/borderlessmag.org\\\/history\\\/\"]}]},{\"@type\":\"ImageObject\",\"inLanguage\":\"es\",\"@id\":\"https:\\\/\\\/borderlessmag.org\\\/history\\\/#primaryimage\",\"url\":\"https:\\\/\\\/borderlessmag.org\\\/wordpress\\\/wp-content\\\/uploads\\\/2021\\\/12\\\/B-Logo.png\",\"contentUrl\":\"https:\\\/\\\/borderlessmag.org\\\/wordpress\\\/wp-content\\\/uploads\\\/2021\\\/12\\\/B-Logo.png\"},{\"@type\":\"WebSite\",\"@id\":\"https:\\\/\\\/borderlessmag.org\\\/#website\",\"url\":\"https:\\\/\\\/borderlessmag.org\\\/\",\"name\":\"Borderless Magazine NFP\",\"description\":\"Stories about immigration and immigrants\",\"publisher\":{\"@id\":\"https:\\\/\\\/borderlessmag.org\\\/#organization\"},\"alternateName\":\"Borderless\",\"potentialAction\":[{\"@type\":\"SearchAction\",\"target\":{\"@type\":\"EntryPoint\",\"urlTemplate\":\"https:\\\/\\\/borderlessmag.org\\\/?s={search_term_string}\"},\"query-input\":{\"@type\":\"PropertyValueSpecification\",\"valueRequired\":true,\"valueName\":\"search_term_string\"}}],\"inLanguage\":\"es\"},{\"@type\":\"Organization\",\"@id\":\"https:\\\/\\\/borderlessmag.org\\\/#organization\",\"name\":\"Borderless Magazine NFP\",\"alternateName\":\"Borderless Mag\",\"url\":\"https:\\\/\\\/borderlessmag.org\\\/\",\"logo\":{\"@type\":\"ImageObject\",\"inLanguage\":\"es\",\"@id\":\"https:\\\/\\\/borderlessmag.org\\\/#\\\/schema\\\/logo\\\/image\\\/\",\"url\":\"https:\\\/\\\/borderlessmag.org\\\/wordpress\\\/wp-content\\\/uploads\\\/2025\\\/08\\\/BorderlessLogo_main_square.jpg\",\"contentUrl\":\"https:\\\/\\\/borderlessmag.org\\\/wordpress\\\/wp-content\\\/uploads\\\/2025\\\/08\\\/BorderlessLogo_main_square.jpg\",\"width\":696,\"height\":696,\"caption\":\"Borderless Magazine NFP\"},\"image\":{\"@id\":\"https:\\\/\\\/borderlessmag.org\\\/#\\\/schema\\\/logo\\\/image\\\/\"},\"sameAs\":[\"https:\\\/\\\/www.facebook.com\\\/BorderlessMagazine\",\"https:\\\/\\\/www.instagram.com\\\/borderless_mag\\\/\",\"https:\\\/\\\/www.tiktok.com\\\/@borderless_mag\"]},{\"@type\":\"Person\",\"@id\":\"https:\\\/\\\/borderlessmag.org\\\/#\\\/schema\\\/person\\\/e5757a2d987d1c83b79c8da68d5b8710\",\"name\":\"Brenton King\",\"image\":{\"@type\":\"ImageObject\",\"inLanguage\":\"es\",\"@id\":\"https:\\\/\\\/secure.gravatar.com\\\/avatar\\\/5caaccf5321c343871a568fc3f9d6ca8a6b2b05ed7b7a195f9316d8dd4771459?s=96&d=mm&r=g06ca93669788780951b69029adc2b42a\",\"url\":\"https:\\\/\\\/secure.gravatar.com\\\/avatar\\\/5caaccf5321c343871a568fc3f9d6ca8a6b2b05ed7b7a195f9316d8dd4771459?s=96&d=mm&r=g\",\"contentUrl\":\"https:\\\/\\\/secure.gravatar.com\\\/avatar\\\/5caaccf5321c343871a568fc3f9d6ca8a6b2b05ed7b7a195f9316d8dd4771459?s=96&d=mm&r=g\",\"caption\":\"Brenton King\"},\"url\":\"https:\\\/\\\/borderlessmag.org\\\/es\\\/author\\\/wynneswps\\\/\"}]}<\/script>\n<!-- \/ Yoast SEO Premium plugin. -->","yoast_head_json":{"title":"Historia - Revista Borderless NFP","description":"Historia - Revista Borderless NFP","robots":{"index":"index","follow":"follow","max-snippet":"max-snippet:-1","max-image-preview":"max-image-preview:large","max-video-preview":"max-video-preview:-1"},"canonical":"https:\/\/borderlessmag.org\/es\/historia\/","og_locale":"es_MX","og_type":"article","og_title":"History &#8211; Borderless Magazine NFP","og_description":"History &#8211; Borderless Magazine NFP","og_url":"https:\/\/borderlessmag.org\/es\/historia\/","og_site_name":"Borderless Magazine NFP","article_publisher":"https:\/\/www.facebook.com\/BorderlessMagazine","og_image":[{"url":"https:\/\/borderlessmag.org\/wordpress\/wp-content\/uploads\/2019\/10\/cropped-cropped-Favicon.png","width":1,"height":1,"type":"image\/png"}],"twitter_card":"summary_large_image","twitter_misc":{"Tiempo de lectura":"1 minuto","Written by":"Brenton King"},"schema":{"@context":"https:\/\/schema.org","@graph":[{"@type":"NewsArticle","@id":"https:\/\/borderlessmag.org\/history\/#article","isPartOf":{"@id":"https:\/\/borderlessmag.org\/history\/"},"author":{"name":"Brenton King","@id":"https:\/\/borderlessmag.org\/#\/schema\/person\/e5757a2d987d1c83b79c8da68d5b8710"},"headline":"History","datePublished":"2025-10-16T13:24:40+00:00","mainEntityOfPage":{"@id":"https:\/\/borderlessmag.org\/history\/"},"wordCount":637,"publisher":{"@id":"https:\/\/borderlessmag.org\/#organization"},"image":{"@id":"https:\/\/borderlessmag.org\/history\/#primaryimage"},"thumbnailUrl":"https:\/\/borderlessmag.org\/wordpress\/wp-content\/uploads\/2021\/12\/B-Logo.png","inLanguage":"es"},{"@type":"WebPage","@id":"https:\/\/borderlessmag.org\/history\/","url":"https:\/\/borderlessmag.org\/history\/","name":"Historia - Revista Borderless NFP","isPartOf":{"@id":"https:\/\/borderlessmag.org\/#website"},"primaryImageOfPage":{"@id":"https:\/\/borderlessmag.org\/history\/#primaryimage"},"image":{"@id":"https:\/\/borderlessmag.org\/history\/#primaryimage"},"thumbnailUrl":"https:\/\/borderlessmag.org\/wordpress\/wp-content\/uploads\/2021\/12\/B-Logo.png","datePublished":"2025-10-16T13:24:40+00:00","description":"Historia - Revista Borderless NFP","inLanguage":"es","potentialAction":[{"@type":"ReadAction","target":["https:\/\/borderlessmag.org\/history\/"]}]},{"@type":"ImageObject","inLanguage":"es","@id":"https:\/\/borderlessmag.org\/history\/#primaryimage","url":"https:\/\/borderlessmag.org\/wordpress\/wp-content\/uploads\/2021\/12\/B-Logo.png","contentUrl":"https:\/\/borderlessmag.org\/wordpress\/wp-content\/uploads\/2021\/12\/B-Logo.png"},{"@type":"WebSite","@id":"https:\/\/borderlessmag.org\/#website","url":"https:\/\/borderlessmag.org\/","name":"Revista Borderless NFP","description":"Historias sobre inmigraci\u00f3n e inmigrantes","publisher":{"@id":"https:\/\/borderlessmag.org\/#organization"},"alternateName":"Borderless","potentialAction":[{"@type":"SearchAction","target":{"@type":"EntryPoint","urlTemplate":"https:\/\/borderlessmag.org\/?s={search_term_string}"},"query-input":{"@type":"PropertyValueSpecification","valueRequired":true,"valueName":"search_term_string"}}],"inLanguage":"es"},{"@type":"Organization","@id":"https:\/\/borderlessmag.org\/#organization","name":"Revista Borderless NFP","alternateName":"Borderless Mag","url":"https:\/\/borderlessmag.org\/","logo":{"@type":"ImageObject","inLanguage":"es","@id":"https:\/\/borderlessmag.org\/#\/schema\/logo\/image\/","url":"https:\/\/borderlessmag.org\/wordpress\/wp-content\/uploads\/2025\/08\/BorderlessLogo_main_square.jpg","contentUrl":"https:\/\/borderlessmag.org\/wordpress\/wp-content\/uploads\/2025\/08\/BorderlessLogo_main_square.jpg","width":696,"height":696,"caption":"Borderless Magazine NFP"},"image":{"@id":"https:\/\/borderlessmag.org\/#\/schema\/logo\/image\/"},"sameAs":["https:\/\/www.facebook.com\/BorderlessMagazine","https:\/\/www.instagram.com\/borderless_mag\/","https:\/\/www.tiktok.com\/@borderless_mag"]},{"@type":"Person","@id":"https:\/\/borderlessmag.org\/#\/schema\/person\/e5757a2d987d1c83b79c8da68d5b8710","name":"Brenton King","image":{"@type":"ImageObject","inLanguage":"es","@id":"https:\/\/secure.gravatar.com\/avatar\/5caaccf5321c343871a568fc3f9d6ca8a6b2b05ed7b7a195f9316d8dd4771459?s=96&d=mm&r=g06ca93669788780951b69029adc2b42a","url":"https:\/\/secure.gravatar.com\/avatar\/5caaccf5321c343871a568fc3f9d6ca8a6b2b05ed7b7a195f9316d8dd4771459?s=96&d=mm&r=g","contentUrl":"https:\/\/secure.gravatar.com\/avatar\/5caaccf5321c343871a568fc3f9d6ca8a6b2b05ed7b7a195f9316d8dd4771459?s=96&d=mm&r=g","caption":"Brenton King"},"url":"https:\/\/borderlessmag.org\/es\/author\/wynneswps\/"}]}},"_links":{"self":[{"href":"https:\/\/borderlessmag.org\/es\/wp-json\/wp\/v2\/pages\/30336","targetHints":{"allow":["GET"]}}],"collection":[{"href":"https:\/\/borderlessmag.org\/es\/wp-json\/wp\/v2\/pages"}],"about":[{"href":"https:\/\/borderlessmag.org\/es\/wp-json\/wp\/v2\/types\/page"}],"author":[{"embeddable":true,"href":"https:\/\/borderlessmag.org\/es\/wp-json\/wp\/v2\/users\/2"}],"replies":[{"embeddable":true,"href":"https:\/\/borderlessmag.org\/es\/wp-json\/wp\/v2\/comments?post=30336"}],"version-history":[{"count":1,"href":"https:\/\/borderlessmag.org\/es\/wp-json\/wp\/v2\/pages\/30336\/revisions"}],"predecessor-version":[{"id":30337,"href":"https:\/\/borderlessmag.org\/es\/wp-json\/wp\/v2\/pages\/30336\/revisions\/30337"}],"wp:featuredmedia":[{"embeddable":true,"href":"https:\/\/borderlessmag.org\/es\/wp-json\/wp\/v2\/media\/8441"}],"wp:attachment":[{"href":"https:\/\/borderlessmag.org\/es\/wp-json\/wp\/v2\/media?parent=30336"}],"wp:term":[{"taxonomy":"author","embeddable":true,"href":"https:\/\/borderlessmag.org\/es\/wp-json\/wp\/v2\/coauthors?post=30336"}],"curies":[{"name":"wp","href":"https:\/\/api.w.org\/{rel}","templated":true}]}}