{"id":29617,"date":"2025-10-07T13:33:14","date_gmt":"2025-10-07T18:33:14","guid":{"rendered":"https:\/\/borderlessmag.org\/?page_id=29617"},"modified":"2025-11-20T14:25:12","modified_gmt":"2025-11-20T20:25:12","slug":"soporte-sin-fronteras","status":"publish","type":"page","link":"https:\/\/borderlessmag.org\/es\/support-borderless\/","title":{"rendered":"Apoye a Borderless Magazine"},"content":{"rendered":"<div id=\"fws_69d4add5f0fec\"  data-column-margin=\"default\" data-midnight=\"dark\"  class=\"wpb_row vc_row-fluid vc_row\"  style=\"padding-top: 0px; padding-bottom: 0px; \"><div class=\"row-bg-wrap\" data-bg-animation=\"none\" data-bg-animation-delay=\"\" data-bg-overlay=\"false\"><div class=\"inner-wrap row-bg-layer\" ><div class=\"row-bg viewport-desktop\"  style=\"\"><\/div><\/div><\/div><div class=\"row_col_wrap_12 col span_12 dark left\">\n\t<div  class=\"vc_col-sm-12 wpb_column column_container vc_column_container col no-extra-padding inherit_tablet inherit_phone\"  data-padding-pos=\"all\" data-has-bg-color=\"false\" data-bg-color=\"\" data-bg-opacity=\"1\" data-animation=\"\" data-delay=\"0\" >\n\t\t<div class=\"vc_column-inner\" >\n\t\t\t<div class=\"wpb_wrapper\">\n\t\t\t\t\n<div class=\"wpb_text_column wpb_content_element\" >\n\t<h2 id=\"support-borderless-magazine\"><b>Apoye a Borderless Magazine<\/b><\/h2>\n<\/div>\n\n\n\n\n\t\t\t<\/div> \n\t\t<\/div>\n\t<\/div> \n<\/div><\/div>\n\t\t<div id=\"fws_69d4add5f1afa\"  data-column-margin=\"default\" data-midnight=\"dark\"  class=\"wpb_row vc_row-fluid vc_row\"  style=\"padding-top: 0px; padding-bottom: 0px; \"><div class=\"row-bg-wrap\" data-bg-animation=\"none\" data-bg-animation-delay=\"\" data-bg-overlay=\"false\"><div class=\"inner-wrap row-bg-layer\" ><div class=\"row-bg viewport-desktop\"  style=\"\"><\/div><\/div><\/div><div class=\"row_col_wrap_12 col span_12 dark left\">\n\t<div  class=\"vc_col-sm-6 wpb_column column_container vc_column_container col centered-text no-extra-padding inherit_tablet inherit_phone\"  data-padding-pos=\"all\" data-has-bg-color=\"false\" data-bg-color=\"\" data-bg-opacity=\"1\" data-animation=\"\" data-delay=\"0\" >\n\t\t<div class=\"vc_column-inner\" >\n\t\t\t<div class=\"wpb_wrapper\">\n\t\t\t\t\n\t<div class=\"wpb_raw_code wpb_raw_html wpb_content_element\" >\n\t\t<div class=\"wpb_wrapper\">\n\t\t\t<script src=\"https:\/\/donorbox.org\/widget.js\" paypalExpress=\"false\"><\/script> <iframe loading=\"lazy\" src=\"https:\/\/donorbox.org\/embed\/support-borderless-magazine?\" name=\"donorbox\" allowpaymentrequest=\"allowpaymentrequest\" seamless=\"seamless\" frameborder=\"0\" scrolling=\"no\" height=\"900px\" width=\"100%\" style=\"max-width: 500px; min-width: 250px; max-height:none!important\" allow=\"payment\"><\/iframe>\n\t\t<\/div>\n\t<\/div>\n\n\t\t\t<\/div> \n\t\t<\/div>\n\t<\/div> \n\n\t<div  class=\"vc_col-sm-6 wpb_column column_container vc_column_container col no-extra-padding inherit_tablet inherit_phone\"  data-padding-pos=\"all\" data-has-bg-color=\"false\" data-bg-color=\"\" data-bg-opacity=\"1\" data-animation=\"\" data-delay=\"0\" >\n\t\t<div class=\"vc_column-inner\" >\n\t\t\t<div class=\"wpb_wrapper\">\n\t\t\t\t\n<div class=\"wpb_text_column wpb_content_element\" >\n\t<p><span style=\"font-weight: 400;\">Borderless Magazine es una redacci\u00f3n sin \u00e1nimo de lucro que pone las noticias sobre inmigraci\u00f3n al alcance de todos con reportajes biling\u00fces y orientados a la comunidad. Su donaci\u00f3n ayuda a los reporteros, mantiene las investigaciones y forma a la pr\u00f3xima generaci\u00f3n de periodistas inmigrantes.<\/span><\/p>\n<p><strong>\u00bfQuieres dar de otra manera?<\/strong>\u00a0<a href=\"https:\/\/borderlessmag.org\/es\/formas-de-donar\/\">Consulte nuestra p\u00e1gina Formas de donar.\u00a0<\/a><\/p>\n<p><b>\u00bfTiene alguna pregunta? <\/b><span style=\"font-weight: 400;\">P\u00f3ngase en contacto con CJ Ortu\u00f1o en cj@borderlessmag.org.<\/span><\/p>\n<p><b>\u00bfPrefiere enviar un cheque por correo? <\/b><span style=\"font-weight: 400;\">Nuestra direcci\u00f3n postal es Borderless Magazine NFP, 4753 N. Broadway, 2nd Floor, Chicago, Illinois 60640.<\/span><\/p>\n<p><span style=\"font-weight: 400;\">Las contribuciones o regalos a Borderless Magazine son deducibles de impuestos.\u00a0<\/span><\/p>\n<p><span style=\"font-weight: 400;\">Borderless Magazine NFP es una organizaci\u00f3n ben\u00e9fica de la Secci\u00f3n 501(c)(3), EIN 83-1266434.<\/span><\/p>\n<\/div>\n\n\n\n\n\t\t\t<\/div> \n\t\t<\/div>\n\t<\/div> \n<\/div><\/div>\n\t\t<div id=\"fws_69d4add5f28ca\"  data-column-margin=\"default\" data-midnight=\"dark\"  class=\"wpb_row vc_row-fluid vc_row\"  style=\"padding-top: 0px; padding-bottom: 0px; \"><div class=\"row-bg-wrap\" data-bg-animation=\"none\" data-bg-animation-delay=\"\" data-bg-overlay=\"false\"><div class=\"inner-wrap row-bg-layer\" ><div class=\"row-bg viewport-desktop\"  style=\"\"><\/div><\/div><\/div><div class=\"row_col_wrap_12 col span_12 dark left\">\n\t<div  class=\"vc_col-sm-12 wpb_column column_container vc_column_container col no-extra-padding inherit_tablet inherit_phone\"  data-padding-pos=\"all\" data-has-bg-color=\"false\" data-bg-color=\"\" data-bg-opacity=\"1\" data-animation=\"\" data-delay=\"0\" >\n\t\t<div class=\"vc_column-inner\" >\n\t\t\t<div class=\"wpb_wrapper\">\n\t\t\t\t\n<div class=\"wpb_text_column wpb_content_element\" >\n\t<\/div>\n\n\n\n\n\t\t\t<\/div> \n\t\t<\/div>\n\t<\/div> \n<\/div><\/div>","protected":false},"excerpt":{"rendered":"Apoya a Borderless Magazine Borderless Magazine es una redacci\u00f3n sin \u00e1nimo de lucro que pone las noticias sobre inmigraci\u00f3n al alcance de todos con reportajes biling\u00fces y orientados a la comunidad. Su donaci\u00f3n ayuda a los reporteros, mantiene las investigaciones y forma a la pr\u00f3xima generaci\u00f3n de periodistas inmigrantes \u00bfQuiere donar de otra manera? Visite nuestra p\u00e1gina Formas de donar.  \u00bfTiene alguna pregunta? P\u00f3ngase en contacto con CJ Ortu\u00f1o en cj@borderlessmag.org. \u00bfPrefieres enviar un cheque por correo? Nuestra direcci\u00f3n postal es Borderless Magazine NFP, 4753 N. Broadway, 2nd Floor, Chicago, Illinois 60640. Las contribuciones o donativos a Borderless Magazine son deducibles de impuestos.  Borderless Magazine NFP es una organizaci\u00f3n ben\u00e9fica de la Secci\u00f3n 501(c)(3), EIN 83-1266434.","protected":false},"author":181,"featured_media":8441,"parent":0,"menu_order":0,"comment_status":"closed","ping_status":"closed","template":"","meta":{"inline_featured_image":false,"footnotes":""},"coauthors":[842],"class_list":["post-29617","page","type-page","status-publish","has-post-thumbnail"],"yoast_head":"<!-- This site is optimized with the Yoast SEO Premium plugin v27.3 (Yoast SEO v27.3) - https:\/\/yoast.com\/product\/yoast-seo-premium-wordpress\/ -->\n<title>Support Borderless Magazine &#8211; Borderless Magazine NFP<\/title>\n<meta name=\"description\" content=\"Support Borderless Magazine &#8211; Borderless Magazine NFP\" \/>\n<meta name=\"robots\" content=\"index, follow, max-snippet:-1, max-image-preview:large, max-video-preview:-1\" \/>\n<link rel=\"canonical\" href=\"https:\/\/borderlessmag.org\/es\/soporte-sin-fronteras\/\" \/>\n<meta property=\"og:locale\" content=\"es_MX\" \/>\n<meta property=\"og:type\" content=\"article\" \/>\n<meta property=\"og:title\" content=\"Support Borderless Magazine &#8211; Borderless Magazine NFP\" \/>\n<meta property=\"og:description\" content=\"Support Borderless Magazine &#8211; Borderless Magazine NFP\" \/>\n<meta property=\"og:url\" content=\"https:\/\/borderlessmag.org\/es\/soporte-sin-fronteras\/\" \/>\n<meta property=\"og:site_name\" content=\"Borderless Magazine NFP\" \/>\n<meta property=\"article:publisher\" content=\"https:\/\/www.facebook.com\/BorderlessMagazine\" \/>\n<meta property=\"article:modified_time\" content=\"2025-11-20T20:25:12+00:00\" \/>\n<meta property=\"og:image\" content=\"https:\/\/borderlessmag.org\/wordpress\/wp-content\/uploads\/2019\/10\/cropped-cropped-Favicon.png\" \/>\n\t<meta property=\"og:image:width\" content=\"1\" \/>\n\t<meta property=\"og:image:height\" content=\"1\" \/>\n\t<meta property=\"og:image:type\" content=\"image\/png\" \/>\n<meta name=\"twitter:card\" content=\"summary_large_image\" \/>\n<meta name=\"twitter:label1\" content=\"Tiempo de lectura\" \/>\n\t<meta name=\"twitter:data1\" content=\"1 minuto\" \/>\n\t<meta name=\"twitter:label2\" content=\"Written by\" \/>\n\t<meta name=\"twitter:data2\" content=\"platforms@bluelena.io\" \/>\n<script type=\"application\/ld+json\" class=\"yoast-schema-graph\">{\"@context\":\"https:\\\/\\\/schema.org\",\"@graph\":[{\"@type\":\"NewsArticle\",\"@id\":\"https:\\\/\\\/borderlessmag.org\\\/support-borderless\\\/#article\",\"isPartOf\":{\"@id\":\"https:\\\/\\\/borderlessmag.org\\\/support-borderless\\\/\"},\"author\":{\"name\":\"platforms@bluelena.io\",\"@id\":\"https:\\\/\\\/borderlessmag.org\\\/#\\\/schema\\\/person\\\/1ccc48624b96b943035a610474b7029c\"},\"headline\":\"Support Borderless Magazine\",\"datePublished\":\"2025-10-07T18:33:14+00:00\",\"dateModified\":\"2025-11-20T20:25:12+00:00\",\"mainEntityOfPage\":{\"@id\":\"https:\\\/\\\/borderlessmag.org\\\/support-borderless\\\/\"},\"wordCount\":773,\"publisher\":{\"@id\":\"https:\\\/\\\/borderlessmag.org\\\/#organization\"},\"image\":{\"@id\":\"https:\\\/\\\/borderlessmag.org\\\/support-borderless\\\/#primaryimage\"},\"thumbnailUrl\":\"https:\\\/\\\/borderlessmag.org\\\/wordpress\\\/wp-content\\\/uploads\\\/2021\\\/12\\\/B-Logo.png\",\"inLanguage\":\"es\"},{\"@type\":\"WebPage\",\"@id\":\"https:\\\/\\\/borderlessmag.org\\\/support-borderless\\\/\",\"url\":\"https:\\\/\\\/borderlessmag.org\\\/support-borderless\\\/\",\"name\":\"Support Borderless Magazine &#8211; Borderless Magazine NFP\",\"isPartOf\":{\"@id\":\"https:\\\/\\\/borderlessmag.org\\\/#website\"},\"primaryImageOfPage\":{\"@id\":\"https:\\\/\\\/borderlessmag.org\\\/support-borderless\\\/#primaryimage\"},\"image\":{\"@id\":\"https:\\\/\\\/borderlessmag.org\\\/support-borderless\\\/#primaryimage\"},\"thumbnailUrl\":\"https:\\\/\\\/borderlessmag.org\\\/wordpress\\\/wp-content\\\/uploads\\\/2021\\\/12\\\/B-Logo.png\",\"datePublished\":\"2025-10-07T18:33:14+00:00\",\"dateModified\":\"2025-11-20T20:25:12+00:00\",\"description\":\"Support Borderless Magazine &#8211; Borderless Magazine NFP\",\"inLanguage\":\"es\",\"potentialAction\":[{\"@type\":\"ReadAction\",\"target\":[\"https:\\\/\\\/borderlessmag.org\\\/support-borderless\\\/\"]}]},{\"@type\":\"ImageObject\",\"inLanguage\":\"es\",\"@id\":\"https:\\\/\\\/borderlessmag.org\\\/support-borderless\\\/#primaryimage\",\"url\":\"https:\\\/\\\/borderlessmag.org\\\/wordpress\\\/wp-content\\\/uploads\\\/2021\\\/12\\\/B-Logo.png\",\"contentUrl\":\"https:\\\/\\\/borderlessmag.org\\\/wordpress\\\/wp-content\\\/uploads\\\/2021\\\/12\\\/B-Logo.png\"},{\"@type\":\"WebSite\",\"@id\":\"https:\\\/\\\/borderlessmag.org\\\/#website\",\"url\":\"https:\\\/\\\/borderlessmag.org\\\/\",\"name\":\"Borderless Magazine NFP\",\"description\":\"Stories about immigration and immigrants\",\"publisher\":{\"@id\":\"https:\\\/\\\/borderlessmag.org\\\/#organization\"},\"alternateName\":\"Borderless\",\"potentialAction\":[{\"@type\":\"SearchAction\",\"target\":{\"@type\":\"EntryPoint\",\"urlTemplate\":\"https:\\\/\\\/borderlessmag.org\\\/?s={search_term_string}\"},\"query-input\":{\"@type\":\"PropertyValueSpecification\",\"valueRequired\":true,\"valueName\":\"search_term_string\"}}],\"inLanguage\":\"es\"},{\"@type\":\"Organization\",\"@id\":\"https:\\\/\\\/borderlessmag.org\\\/#organization\",\"name\":\"Borderless Magazine NFP\",\"alternateName\":\"Borderless Mag\",\"url\":\"https:\\\/\\\/borderlessmag.org\\\/\",\"logo\":{\"@type\":\"ImageObject\",\"inLanguage\":\"es\",\"@id\":\"https:\\\/\\\/borderlessmag.org\\\/#\\\/schema\\\/logo\\\/image\\\/\",\"url\":\"https:\\\/\\\/borderlessmag.org\\\/wordpress\\\/wp-content\\\/uploads\\\/2025\\\/08\\\/BorderlessLogo_main_square.jpg\",\"contentUrl\":\"https:\\\/\\\/borderlessmag.org\\\/wordpress\\\/wp-content\\\/uploads\\\/2025\\\/08\\\/BorderlessLogo_main_square.jpg\",\"width\":696,\"height\":696,\"caption\":\"Borderless Magazine NFP\"},\"image\":{\"@id\":\"https:\\\/\\\/borderlessmag.org\\\/#\\\/schema\\\/logo\\\/image\\\/\"},\"sameAs\":[\"https:\\\/\\\/www.facebook.com\\\/BorderlessMagazine\",\"https:\\\/\\\/www.instagram.com\\\/borderless_mag\\\/\",\"https:\\\/\\\/www.tiktok.com\\\/@borderless_mag\"]},{\"@type\":\"Person\",\"@id\":\"https:\\\/\\\/borderlessmag.org\\\/#\\\/schema\\\/person\\\/1ccc48624b96b943035a610474b7029c\",\"name\":\"platforms@bluelena.io\",\"image\":{\"@type\":\"ImageObject\",\"inLanguage\":\"es\",\"@id\":\"https:\\\/\\\/secure.gravatar.com\\\/avatar\\\/f67f874ef30bdd1de8b0c9673a35e2ecf065fa6ef4a3916ce68cc821364e8acb?s=96&d=mm&r=gab991b9ef191762854215db76559960f\",\"url\":\"https:\\\/\\\/secure.gravatar.com\\\/avatar\\\/f67f874ef30bdd1de8b0c9673a35e2ecf065fa6ef4a3916ce68cc821364e8acb?s=96&d=mm&r=g\",\"contentUrl\":\"https:\\\/\\\/secure.gravatar.com\\\/avatar\\\/f67f874ef30bdd1de8b0c9673a35e2ecf065fa6ef4a3916ce68cc821364e8acb?s=96&d=mm&r=g\",\"caption\":\"platforms@bluelena.io\"},\"url\":\"https:\\\/\\\/borderlessmag.org\\\/es\\\/author\\\/platformsbluelena-io\\\/\"}]}<\/script>\n<!-- \/ Yoast SEO Premium plugin. -->","yoast_head_json":{"title":"Apoye a Borderless Magazine - Borderless Magazine NFP","description":"Apoye a Borderless Magazine - Borderless Magazine NFP","robots":{"index":"index","follow":"follow","max-snippet":"max-snippet:-1","max-image-preview":"max-image-preview:large","max-video-preview":"max-video-preview:-1"},"canonical":"https:\/\/borderlessmag.org\/es\/soporte-sin-fronteras\/","og_locale":"es_MX","og_type":"article","og_title":"Support Borderless Magazine &#8211; Borderless Magazine NFP","og_description":"Support Borderless Magazine &#8211; Borderless Magazine NFP","og_url":"https:\/\/borderlessmag.org\/es\/soporte-sin-fronteras\/","og_site_name":"Borderless Magazine NFP","article_publisher":"https:\/\/www.facebook.com\/BorderlessMagazine","article_modified_time":"2025-11-20T20:25:12+00:00","og_image":[{"url":"https:\/\/borderlessmag.org\/wordpress\/wp-content\/uploads\/2019\/10\/cropped-cropped-Favicon.png","width":1,"height":1,"type":"image\/png"}],"twitter_card":"summary_large_image","twitter_misc":{"Tiempo de lectura":"1 minuto","Written by":"platforms@bluelena.io"},"schema":{"@context":"https:\/\/schema.org","@graph":[{"@type":"NewsArticle","@id":"https:\/\/borderlessmag.org\/support-borderless\/#article","isPartOf":{"@id":"https:\/\/borderlessmag.org\/support-borderless\/"},"author":{"name":"platforms@bluelena.io","@id":"https:\/\/borderlessmag.org\/#\/schema\/person\/1ccc48624b96b943035a610474b7029c"},"headline":"Support Borderless Magazine","datePublished":"2025-10-07T18:33:14+00:00","dateModified":"2025-11-20T20:25:12+00:00","mainEntityOfPage":{"@id":"https:\/\/borderlessmag.org\/support-borderless\/"},"wordCount":773,"publisher":{"@id":"https:\/\/borderlessmag.org\/#organization"},"image":{"@id":"https:\/\/borderlessmag.org\/support-borderless\/#primaryimage"},"thumbnailUrl":"https:\/\/borderlessmag.org\/wordpress\/wp-content\/uploads\/2021\/12\/B-Logo.png","inLanguage":"es"},{"@type":"WebPage","@id":"https:\/\/borderlessmag.org\/support-borderless\/","url":"https:\/\/borderlessmag.org\/support-borderless\/","name":"Apoye a Borderless Magazine - Borderless Magazine NFP","isPartOf":{"@id":"https:\/\/borderlessmag.org\/#website"},"primaryImageOfPage":{"@id":"https:\/\/borderlessmag.org\/support-borderless\/#primaryimage"},"image":{"@id":"https:\/\/borderlessmag.org\/support-borderless\/#primaryimage"},"thumbnailUrl":"https:\/\/borderlessmag.org\/wordpress\/wp-content\/uploads\/2021\/12\/B-Logo.png","datePublished":"2025-10-07T18:33:14+00:00","dateModified":"2025-11-20T20:25:12+00:00","description":"Apoye a Borderless Magazine - Borderless Magazine NFP","inLanguage":"es","potentialAction":[{"@type":"ReadAction","target":["https:\/\/borderlessmag.org\/support-borderless\/"]}]},{"@type":"ImageObject","inLanguage":"es","@id":"https:\/\/borderlessmag.org\/support-borderless\/#primaryimage","url":"https:\/\/borderlessmag.org\/wordpress\/wp-content\/uploads\/2021\/12\/B-Logo.png","contentUrl":"https:\/\/borderlessmag.org\/wordpress\/wp-content\/uploads\/2021\/12\/B-Logo.png"},{"@type":"WebSite","@id":"https:\/\/borderlessmag.org\/#website","url":"https:\/\/borderlessmag.org\/","name":"Revista Borderless NFP","description":"Historias sobre inmigraci\u00f3n e inmigrantes","publisher":{"@id":"https:\/\/borderlessmag.org\/#organization"},"alternateName":"Borderless","potentialAction":[{"@type":"SearchAction","target":{"@type":"EntryPoint","urlTemplate":"https:\/\/borderlessmag.org\/?s={search_term_string}"},"query-input":{"@type":"PropertyValueSpecification","valueRequired":true,"valueName":"search_term_string"}}],"inLanguage":"es"},{"@type":"Organization","@id":"https:\/\/borderlessmag.org\/#organization","name":"Revista Borderless NFP","alternateName":"Borderless Mag","url":"https:\/\/borderlessmag.org\/","logo":{"@type":"ImageObject","inLanguage":"es","@id":"https:\/\/borderlessmag.org\/#\/schema\/logo\/image\/","url":"https:\/\/borderlessmag.org\/wordpress\/wp-content\/uploads\/2025\/08\/BorderlessLogo_main_square.jpg","contentUrl":"https:\/\/borderlessmag.org\/wordpress\/wp-content\/uploads\/2025\/08\/BorderlessLogo_main_square.jpg","width":696,"height":696,"caption":"Borderless Magazine NFP"},"image":{"@id":"https:\/\/borderlessmag.org\/#\/schema\/logo\/image\/"},"sameAs":["https:\/\/www.facebook.com\/BorderlessMagazine","https:\/\/www.instagram.com\/borderless_mag\/","https:\/\/www.tiktok.com\/@borderless_mag"]},{"@type":"Person","@id":"https:\/\/borderlessmag.org\/#\/schema\/person\/1ccc48624b96b943035a610474b7029c","name":"platforms@bluelena.io","image":{"@type":"ImageObject","inLanguage":"es","@id":"https:\/\/secure.gravatar.com\/avatar\/f67f874ef30bdd1de8b0c9673a35e2ecf065fa6ef4a3916ce68cc821364e8acb?s=96&d=mm&r=gab991b9ef191762854215db76559960f","url":"https:\/\/secure.gravatar.com\/avatar\/f67f874ef30bdd1de8b0c9673a35e2ecf065fa6ef4a3916ce68cc821364e8acb?s=96&d=mm&r=g","contentUrl":"https:\/\/secure.gravatar.com\/avatar\/f67f874ef30bdd1de8b0c9673a35e2ecf065fa6ef4a3916ce68cc821364e8acb?s=96&d=mm&r=g","caption":"platforms@bluelena.io"},"url":"https:\/\/borderlessmag.org\/es\/author\/platformsbluelena-io\/"}]}},"_links":{"self":[{"href":"https:\/\/borderlessmag.org\/es\/wp-json\/wp\/v2\/pages\/29617","targetHints":{"allow":["GET"]}}],"collection":[{"href":"https:\/\/borderlessmag.org\/es\/wp-json\/wp\/v2\/pages"}],"about":[{"href":"https:\/\/borderlessmag.org\/es\/wp-json\/wp\/v2\/types\/page"}],"author":[{"embeddable":true,"href":"https:\/\/borderlessmag.org\/es\/wp-json\/wp\/v2\/users\/181"}],"replies":[{"embeddable":true,"href":"https:\/\/borderlessmag.org\/es\/wp-json\/wp\/v2\/comments?post=29617"}],"version-history":[{"count":12,"href":"https:\/\/borderlessmag.org\/es\/wp-json\/wp\/v2\/pages\/29617\/revisions"}],"predecessor-version":[{"id":31074,"href":"https:\/\/borderlessmag.org\/es\/wp-json\/wp\/v2\/pages\/29617\/revisions\/31074"}],"wp:featuredmedia":[{"embeddable":true,"href":"https:\/\/borderlessmag.org\/es\/wp-json\/wp\/v2\/media\/8441"}],"wp:attachment":[{"href":"https:\/\/borderlessmag.org\/es\/wp-json\/wp\/v2\/media?parent=29617"}],"wp:term":[{"taxonomy":"author","embeddable":true,"href":"https:\/\/borderlessmag.org\/es\/wp-json\/wp\/v2\/coauthors?post=29617"}],"curies":[{"name":"wp","href":"https:\/\/api.w.org\/{rel}","templated":true}]}}