{"id":2358,"date":"2020-04-07T22:19:04","date_gmt":"2020-04-07T22:19:04","guid":{"rendered":"http:\/\/borderlessmag.org\/?page_id=2358"},"modified":"2026-01-27T15:59:05","modified_gmt":"2026-01-27T21:59:05","slug":"oportunidades","status":"publish","type":"page","link":"https:\/\/borderlessmag.org\/es\/opportunities\/","title":{"rendered":"Oportunidades"},"content":{"rendered":"<div id=\"fws_69d1fab7760e6\"  data-column-margin=\"default\" data-midnight=\"dark\" data-top-percent=\"2%\"  class=\"wpb_row vc_row-fluid vc_row\"  style=\"padding-top: calc(100vw * 0.02); padding-bottom: 0px; \"><div class=\"row-bg-wrap\" data-bg-animation=\"none\" data-bg-animation-delay=\"\" data-bg-overlay=\"false\"><div class=\"inner-wrap row-bg-layer\" ><div class=\"row-bg viewport-desktop\"  style=\"\"><\/div><\/div><\/div><div class=\"row_col_wrap_12 col span_12 dark left\">\n\t<div  class=\"vc_col-sm-12 wpb_column column_container vc_column_container col no-extra-padding inherit_tablet inherit_phone\"  data-padding-pos=\"all\" data-has-bg-color=\"false\" data-bg-color=\"\" data-bg-opacity=\"1\" data-animation=\"\" data-delay=\"0\" >\n\t\t<div class=\"vc_column-inner\" >\n\t\t\t<div class=\"wpb_wrapper\">\n\t\t\t\t<div class=\"img-with-aniamtion-wrap\" data-max-width=\"100%\" data-max-width-mobile=\"default\" data-shadow=\"none\" data-animation=\"fade-in\" >\r\n      <div class=\"inner\">\r\n        <div class=\"hover-wrap\"> \r\n          <div class=\"hover-wrap-inner\">\r\n            <img decoding=\"async\" class=\"img-with-animation skip-lazy\" data-delay=\"0\" height=\"1280\" width=\"1920\" data-animation=\"fade-in\" src=\"https:\/\/borderlessmag.org\/wordpress\/wp-content\/uploads\/2024\/06\/220504_SalehaSalima-1-scaled.jpg\" alt=\"\" srcset=\"https:\/\/borderlessmag.org\/wordpress\/wp-content\/uploads\/2024\/06\/220504_SalehaSalima-1-scaled.jpg 1920w, https:\/\/borderlessmag.org\/wordpress\/wp-content\/uploads\/2024\/06\/220504_SalehaSalima-1-1536x1024.jpg 1536w, https:\/\/borderlessmag.org\/wordpress\/wp-content\/uploads\/2024\/06\/220504_SalehaSalima-1-2048x1365.jpg 2048w, https:\/\/borderlessmag.org\/wordpress\/wp-content\/uploads\/2024\/06\/220504_SalehaSalima-1-150x100.jpg 150w, https:\/\/borderlessmag.org\/wordpress\/wp-content\/uploads\/2024\/06\/220504_SalehaSalima-1-240x160.jpg 240w, https:\/\/borderlessmag.org\/wordpress\/wp-content\/uploads\/2024\/06\/220504_SalehaSalima-1-300x200.jpg 300w, https:\/\/borderlessmag.org\/wordpress\/wp-content\/uploads\/2024\/06\/220504_SalehaSalima-1-600x400.jpg 600w, https:\/\/borderlessmag.org\/wordpress\/wp-content\/uploads\/2024\/06\/220504_SalehaSalima-1-900x600.jpg 900w, https:\/\/borderlessmag.org\/wordpress\/wp-content\/uploads\/2024\/06\/220504_SalehaSalima-1-1200x800.jpg 1200w, https:\/\/borderlessmag.org\/wordpress\/wp-content\/uploads\/2024\/06\/220504_SalehaSalima-1-1500x1000.jpg 1500w, https:\/\/borderlessmag.org\/wordpress\/wp-content\/uploads\/2024\/06\/220504_SalehaSalima-1-1245x830.jpg 1245w, https:\/\/borderlessmag.org\/wordpress\/wp-content\/uploads\/2024\/06\/220504_SalehaSalima-1-768x512.jpg 768w\" sizes=\"(min-width: 1450px) 75vw, (min-width: 1000px) 85vw, 100vw\" \/>\r\n         <\/div>\r\n      <\/div><\/div><\/div>\n\t\t\t<\/div> \n\t\t<\/div>\n\t<\/div> \n<\/div><\/div>\n\t\t<div id=\"fws_69d1fab77707e\"  data-column-margin=\"default\" data-midnight=\"dark\" data-top-percent=\"2%\"  class=\"wpb_row vc_row-fluid vc_row\"  style=\"padding-top: calc(100vw * 0.02); padding-bottom: 0px; \"><div class=\"row-bg-wrap\" data-bg-animation=\"none\" data-bg-animation-delay=\"\" data-bg-overlay=\"false\"><div class=\"inner-wrap row-bg-layer\" ><div class=\"row-bg viewport-desktop\"  style=\"\"><\/div><\/div><\/div><div class=\"row_col_wrap_12 col span_12 dark left\">\n\t<div  class=\"vc_col-sm-12 wpb_column column_container vc_column_container col no-extra-padding inherit_tablet inherit_phone\"  data-padding-pos=\"all\" data-has-bg-color=\"false\" data-bg-color=\"\" data-bg-opacity=\"1\" data-animation=\"\" data-delay=\"0\" >\n\t\t<div class=\"vc_column-inner\" >\n\t\t\t<div class=\"wpb_wrapper\">\n\t\t\t\t\n<div class=\"wpb_text_column wpb_content_element\" >\n\t<p>\u00bfEst\u00e1s buscando trabajo o buscas oportunidades de voluntariado? Inf\u00f3rmate en esta p\u00e1gina sobre ofertas de empleo, pr\u00e1cticas, becas y oportunidades de voluntariado en Borderless Magazine.<\/p>\n<p><a href=\"https:\/\/borderlessmagazine.applytojob.com\/apply\/2hzhzHnmR3\/Executive-Director\"><strong>Director Ejecutivo<\/strong><\/a><\/p>\n<p><strong><a href=\"https:\/\/borderlessmagazine.applytojob.com\/apply\/ypcm2UIrHF\/Senior-Immigration-Enforcement-Courts-Reporter\">Informador principal sobre inmigraci\u00f3n y tribunales<\/a><\/strong><\/p>\n<p><em>Declaraci\u00f3n DEI<\/em><\/p>\n<p><span style=\"font-weight: 400;\">Borderless Magazine es una redacci\u00f3n apoyada por sus miembros que trabaja para desmantelar la cobertura medi\u00e1tica racista y perjudicial de los inmigrantes. <a href=\"https:\/\/borderlessmag.org\/es\/acerca-de\/\">Lo hacemos a trav\u00e9s de nuestros reportajes y asegur\u00e1ndonos de que los inmigrantes y la gente de color est\u00e9n mejor representados en las redacciones. <\/a><\/span><\/p>\n<p><span style=\"font-weight: 400;\">Nos comprometemos a fomentar un entorno de trabajo diverso e integrador en el que valoramos a los empleados y a las personas de distintos or\u00edgenes y experiencias. Creemos firmemente en dar prioridad a las voces de los inmigrantes y en desmantelar las barreras que impiden que todas las narrativas sean escuchadas y amplificadas. Nuestro objetivo es normalizar el periodismo de inmigraci\u00f3n como una prioridad de primera l\u00ednea ahora y en el futuro a trav\u00e9s del compromiso con la comunidad y el periodismo de alta calidad. <\/span><\/p>\n<p><strong>\u00bfQuieres unirte a nosotros? Suscr\u00edbase a nuestro bolet\u00edn para conocer nuestras \u00faltimas oportunidades.<\/strong><\/p>\n<\/div>\n\n\n\n\n\t\t\t<\/div> \n\t\t<\/div>\n\t<\/div> \n<\/div><\/div>\n\t\t<div id=\"fws_69d1fab777a82\"  data-column-margin=\"default\" data-midnight=\"dark\" data-top-percent=\"3%\" data-bottom-percent=\"3%\"  class=\"wpb_row vc_row-fluid vc_row vc_row-o-equal-height vc_row-flex vc_row-o-content-middle\"  style=\"padding-top: calc(100vw * 0.03); padding-bottom: calc(100vw * 0.03); \"><div class=\"row-bg-wrap\" data-bg-animation=\"none\" data-bg-animation-delay=\"\" data-bg-overlay=\"false\"><div class=\"inner-wrap row-bg-layer\" ><div class=\"row-bg viewport-desktop\"  style=\"\"><\/div><\/div><\/div><div class=\"row_col_wrap_12 col span_12 dark left\">\n\t<div  class=\"vc_col-sm-12 wpb_column column_container vc_column_container col padding-3-percent inherit_tablet inherit_phone border_top_desktop_1px border_bottom_desktop_1px border_color_909090 border_style_solid\"  data-padding-pos=\"all\" data-has-bg-color=\"false\" data-bg-color=\"\" data-bg-opacity=\"1\" data-animation=\"\" data-delay=\"0\" >\n\t\t<div class=\"vc_column-inner\" >\n\t\t\t<div class=\"wpb_wrapper\">\n\t\t\t\t<div id=\"fws_69d1fab778141\" data-midnight=\"\" data-column-margin=\"default\" class=\"wpb_row vc_row-fluid vc_row inner_row vc_row-o-equal-height vc_row-flex vc_row-o-content-middle\"  style=\"\"><div class=\"row-bg-wrap\"> <div class=\"row-bg\" ><\/div> <\/div><div class=\"row_col_wrap_12_inner col span_12  left\">\n\t<div  class=\"vc_col-sm-9 wpb_column column_container vc_column_container col child_column no-extra-padding inherit_tablet inherit_phone\"   data-padding-pos=\"all\" data-has-bg-color=\"false\" data-bg-color=\"\" data-bg-opacity=\"1\" data-animation=\"\" data-delay=\"0\" >\n\t\t<div class=\"vc_column-inner\" >\n\t\t<div class=\"wpb_wrapper\">\n\t\t\t\n<div class=\"wpb_text_column wpb_content_element  subscribe-element\" >\n\t<h3 id=\"subscribe-to-our-newsletter\">Suscr\u00edbase a nuestro bolet\u00edn<\/h3>\n<p>Inf\u00f3rmese de nuestras \u00faltimas ofertas de empleo, becas Pathways y pr\u00e1cticas.<\/p>\n<\/div>\n\n\n\n\n\t\t<\/div> \n\t<\/div>\n\t<\/div> \n\n\t<div  class=\"vc_col-sm-3 wpb_column column_container vc_column_container col child_column no-extra-padding inherit_tablet inherit_phone\"   data-padding-pos=\"all\" data-has-bg-color=\"false\" data-bg-color=\"\" data-bg-opacity=\"1\" data-animation=\"\" data-delay=\"0\" >\n\t\t<div class=\"vc_column-inner\" >\n\t\t<div class=\"wpb_wrapper\">\n\t\t\t<div class=\"img-with-aniamtion-wrap center\" data-max-width=\"150%\" data-max-width-mobile=\"default\" data-shadow=\"none\" data-animation=\"fade-in\" >\r\n      <div class=\"inner\">\r\n        <div class=\"hover-wrap\"> \r\n          <div class=\"hover-wrap-inner\">\r\n            <img decoding=\"async\" class=\"img-with-animation skip-lazy\" data-delay=\"0\" height=\"100\" width=\"100\" data-animation=\"fade-in\" src=\"https:\/\/borderlessmag.org\/wordpress\/wp-content\/uploads\/2021\/09\/plane.png\" alt=\"\"  \/>\r\n         <\/div>\r\n      <\/div><\/div><\/div>\n\t\t<\/div> \n\t<\/div>\n\t<\/div> \n<\/div><\/div><div id=\"fws_69d1fab779020\" data-midnight=\"\" data-column-margin=\"default\" class=\"wpb_row vc_row-fluid vc_row inner_row vc_row-o-equal-height vc_row-flex vc_row-o-content-middle\"  style=\"\"><div class=\"row-bg-wrap\"> <div class=\"row-bg\" ><\/div> <\/div><div class=\"row_col_wrap_12_inner col span_12  left\">\n\t<div  class=\"vc_col-sm-12 wpb_column column_container vc_column_container col child_column no-extra-padding inherit_tablet inherit_phone\"   data-padding-pos=\"all\" data-has-bg-color=\"false\" data-bg-color=\"\" data-bg-opacity=\"1\" data-animation=\"\" data-delay=\"0\" >\n\t\t<div class=\"vc_column-inner\" >\n\t\t<div class=\"wpb_wrapper\">\n\t\t\t<style type=\"text\/css\">\n\t#mc_embed_signup<br \/><span data-mce-type=\"bookmark\" style=\"display: inline-block; width: 0px; overflow: hidden; line-height: 0;\" class=\"mce_SELRES_start\">\ufeff<\/span><br \/><\/style>\n<div id=\"mc_embed_signup\">\n<form id=\"mc-embedded-subscribe-form\" class=\"validate\" action=\"https:\/\/borderlessmag.us15.list-manage.com\/subscribe\/post?u=ead6caf0aec3f75b98bd0c5a3&amp;id=9998efc574\" method=\"post\" name=\"mc-embedded-subscribe-form\" novalidate=\"\" target=\"_blank\">\n<div id=\"mc_embed_signup_scroll\">\n<div class=\"mc-emailbox\"><input id=\"mce-EMAIL\" class=\"email\" name=\"EMAIL\" required=\"\" type=\"email\" value=\"\" placeholder=\"Direcci\u00f3n de correo electr\u00f3nico\" \/><\/div>\n<p><!-- real people should not fill this in and expect good things - do not remove this or risk form bot signups--><\/p>\n<div style=\"position: absolute; left: -5000px;\" aria-hidden=\"true\"><input tabindex=\"-1\" name=\"b_ead6caf0aec3f75b98bd0c5a3_9998efc574\" type=\"text\" value=\"\" \/><\/div>\n<div class=\"mc-subscribe-btn\"><input id=\"mc-embedded-subscribe\" class=\"button\" name=\"subscribe\" type=\"submit\" value=\"Suscr\u00edbase a\" \/><\/div>\n<div><\/div>\n<\/div>\n<\/form>\n<\/div>\n\n\t\t<\/div> \n\t<\/div>\n\t<\/div> \n<\/div><\/div>\n\t\t\t<\/div> \n\t\t<\/div>\n\t<\/div> \n<\/div><\/div>","protected":false},"excerpt":{"rendered":"\u00bfEst\u00e1s buscando trabajo o te interesan oportunidades de voluntariado? Obt\u00e9n informaci\u00f3n sobre vacantes de empleo, pr\u00e1cticas profesionales, becas y oportunidades de voluntariado en Borderless Magazine en esta p\u00e1gina. Director Ejecutivo Reportero Senior sobre Aplicaci\u00f3n de la Ley de Inmigraci\u00f3n y Tribunales Declaraci\u00f3n de DEI Borderless Magazine es una sala de redacci\u00f3n apoyada por miembros que trabaja para desmantelar la cobertura medi\u00e1tica racista y perjudicial de los inmigrantes. Hacemos esto a trav\u00e9s de nuestros reportajes y asegurando una mejor representaci\u00f3n de los inmigrantes y las personas de color en las salas de redacci\u00f3n. Estamos comprometidos a fomentar un entorno de trabajo diverso e inclusivo donde valoramos a los empleados e individuos de diversos or\u00edgenes y experiencias. Creemos firmemente en priorizar la...","protected":false},"author":8,"featured_media":22512,"parent":0,"menu_order":0,"comment_status":"closed","ping_status":"closed","template":"","meta":{"inline_featured_image":false,"footnotes":""},"coauthors":[209],"class_list":["post-2358","page","type-page","status-publish","has-post-thumbnail"],"yoast_head":"<!-- This site is optimized with the Yoast SEO Premium plugin v27.3 (Yoast SEO v27.3) - https:\/\/yoast.com\/product\/yoast-seo-premium-wordpress\/ -->\n<title>Job and Volunteer Opportunities &#8211; Borderless Magazine NFP<\/title>\n<meta name=\"description\" content=\"Learn about job openings, volunteer opportunities, journalism internships, fellowships and more at Borderless Magazine.\" \/>\n<meta name=\"robots\" content=\"index, follow, max-snippet:-1, max-image-preview:large, max-video-preview:-1\" \/>\n<link rel=\"canonical\" href=\"https:\/\/borderlessmag.org\/es\/oportunidades\/\" \/>\n<meta property=\"og:locale\" content=\"es_MX\" \/>\n<meta property=\"og:type\" content=\"article\" \/>\n<meta property=\"og:title\" content=\"Opportunities &#8211; Borderless Magazine NFP\" \/>\n<meta property=\"og:description\" content=\"Opportunities &#8211; Borderless Magazine NFP\" \/>\n<meta property=\"og:url\" content=\"https:\/\/borderlessmag.org\/es\/oportunidades\/\" \/>\n<meta property=\"og:site_name\" content=\"Borderless Magazine NFP\" \/>\n<meta property=\"article:publisher\" content=\"https:\/\/www.facebook.com\/BorderlessMagazine\" \/>\n<meta property=\"article:modified_time\" content=\"2026-01-27T21:59:05+00:00\" \/>\n<meta property=\"og:image\" content=\"https:\/\/borderlessmag.org\/wordpress\/wp-content\/uploads\/2024\/06\/220504_SalehaSalima-1-scaled.jpg\" \/>\n\t<meta property=\"og:image:width\" content=\"1920\" \/>\n\t<meta property=\"og:image:height\" content=\"1280\" \/>\n\t<meta property=\"og:image:type\" content=\"image\/jpeg\" \/>\n<meta name=\"twitter:card\" content=\"summary_large_image\" \/>\n<meta name=\"twitter:label1\" content=\"Tiempo de lectura\" \/>\n\t<meta name=\"twitter:data1\" content=\"2 minutos\" \/>\n\t<meta name=\"twitter:label2\" content=\"Written by\" \/>\n\t<meta name=\"twitter:data2\" content=\"Michelle Kanaar\" \/>\n<script type=\"application\/ld+json\" class=\"yoast-schema-graph\">{\"@context\":\"https:\\\/\\\/schema.org\",\"@graph\":[{\"@type\":\"NewsArticle\",\"@id\":\"https:\\\/\\\/borderlessmag.org\\\/opportunities\\\/#article\",\"isPartOf\":{\"@id\":\"https:\\\/\\\/borderlessmag.org\\\/opportunities\\\/\"},\"author\":{\"name\":\"Michelle Kanaar\",\"@id\":\"https:\\\/\\\/borderlessmag.org\\\/#\\\/schema\\\/person\\\/fb9ce5384406f02fd3303d6fbb052bb8\"},\"headline\":\"Opportunities\",\"datePublished\":\"2020-04-07T22:19:04+00:00\",\"dateModified\":\"2026-01-27T21:59:05+00:00\",\"mainEntityOfPage\":{\"@id\":\"https:\\\/\\\/borderlessmag.org\\\/opportunities\\\/\"},\"wordCount\":1151,\"publisher\":{\"@id\":\"https:\\\/\\\/borderlessmag.org\\\/#organization\"},\"image\":{\"@id\":\"https:\\\/\\\/borderlessmag.org\\\/opportunities\\\/#primaryimage\"},\"thumbnailUrl\":\"https:\\\/\\\/borderlessmag.org\\\/wordpress\\\/wp-content\\\/uploads\\\/2024\\\/06\\\/220504_SalehaSalima-1-scaled.jpg\",\"inLanguage\":\"es\"},{\"@type\":\"WebPage\",\"@id\":\"https:\\\/\\\/borderlessmag.org\\\/opportunities\\\/\",\"url\":\"https:\\\/\\\/borderlessmag.org\\\/opportunities\\\/\",\"name\":\"Job and Volunteer Opportunities &#8211; Borderless Magazine NFP\",\"isPartOf\":{\"@id\":\"https:\\\/\\\/borderlessmag.org\\\/#website\"},\"primaryImageOfPage\":{\"@id\":\"https:\\\/\\\/borderlessmag.org\\\/opportunities\\\/#primaryimage\"},\"image\":{\"@id\":\"https:\\\/\\\/borderlessmag.org\\\/opportunities\\\/#primaryimage\"},\"thumbnailUrl\":\"https:\\\/\\\/borderlessmag.org\\\/wordpress\\\/wp-content\\\/uploads\\\/2024\\\/06\\\/220504_SalehaSalima-1-scaled.jpg\",\"datePublished\":\"2020-04-07T22:19:04+00:00\",\"dateModified\":\"2026-01-27T21:59:05+00:00\",\"description\":\"Learn about job openings, volunteer opportunities, journalism internships, fellowships and more at Borderless Magazine.\",\"inLanguage\":\"es\",\"potentialAction\":[{\"@type\":\"ReadAction\",\"target\":[\"https:\\\/\\\/borderlessmag.org\\\/opportunities\\\/\"]}]},{\"@type\":\"ImageObject\",\"inLanguage\":\"es\",\"@id\":\"https:\\\/\\\/borderlessmag.org\\\/opportunities\\\/#primaryimage\",\"url\":\"https:\\\/\\\/borderlessmag.org\\\/wordpress\\\/wp-content\\\/uploads\\\/2024\\\/06\\\/220504_SalehaSalima-1-scaled.jpg\",\"contentUrl\":\"https:\\\/\\\/borderlessmag.org\\\/wordpress\\\/wp-content\\\/uploads\\\/2024\\\/06\\\/220504_SalehaSalima-1-scaled.jpg\",\"width\":1920,\"height\":1280},{\"@type\":\"WebSite\",\"@id\":\"https:\\\/\\\/borderlessmag.org\\\/#website\",\"url\":\"https:\\\/\\\/borderlessmag.org\\\/\",\"name\":\"Borderless Magazine NFP\",\"description\":\"Stories about immigration and immigrants\",\"publisher\":{\"@id\":\"https:\\\/\\\/borderlessmag.org\\\/#organization\"},\"alternateName\":\"Borderless\",\"potentialAction\":[{\"@type\":\"SearchAction\",\"target\":{\"@type\":\"EntryPoint\",\"urlTemplate\":\"https:\\\/\\\/borderlessmag.org\\\/?s={search_term_string}\"},\"query-input\":{\"@type\":\"PropertyValueSpecification\",\"valueRequired\":true,\"valueName\":\"search_term_string\"}}],\"inLanguage\":\"es\"},{\"@type\":\"Organization\",\"@id\":\"https:\\\/\\\/borderlessmag.org\\\/#organization\",\"name\":\"Borderless Magazine NFP\",\"alternateName\":\"Borderless Mag\",\"url\":\"https:\\\/\\\/borderlessmag.org\\\/\",\"logo\":{\"@type\":\"ImageObject\",\"inLanguage\":\"es\",\"@id\":\"https:\\\/\\\/borderlessmag.org\\\/#\\\/schema\\\/logo\\\/image\\\/\",\"url\":\"https:\\\/\\\/borderlessmag.org\\\/wordpress\\\/wp-content\\\/uploads\\\/2025\\\/08\\\/BorderlessLogo_main_square.jpg\",\"contentUrl\":\"https:\\\/\\\/borderlessmag.org\\\/wordpress\\\/wp-content\\\/uploads\\\/2025\\\/08\\\/BorderlessLogo_main_square.jpg\",\"width\":696,\"height\":696,\"caption\":\"Borderless Magazine NFP\"},\"image\":{\"@id\":\"https:\\\/\\\/borderlessmag.org\\\/#\\\/schema\\\/logo\\\/image\\\/\"},\"sameAs\":[\"https:\\\/\\\/www.facebook.com\\\/BorderlessMagazine\",\"https:\\\/\\\/www.instagram.com\\\/borderless_mag\\\/\",\"https:\\\/\\\/www.tiktok.com\\\/@borderless_mag\"]},{\"@type\":\"Person\",\"@id\":\"https:\\\/\\\/borderlessmag.org\\\/#\\\/schema\\\/person\\\/fb9ce5384406f02fd3303d6fbb052bb8\",\"name\":\"Michelle Kanaar\",\"image\":{\"@type\":\"ImageObject\",\"inLanguage\":\"es\",\"@id\":\"https:\\\/\\\/secure.gravatar.com\\\/avatar\\\/d2d06fbb260b5a06a15302c669bd0829b46834ffbdd27f8983ea9e85294ef95b?s=96&d=mm&r=g91632a79dd3cbc4e3a1af4e6679418d2\",\"url\":\"https:\\\/\\\/secure.gravatar.com\\\/avatar\\\/d2d06fbb260b5a06a15302c669bd0829b46834ffbdd27f8983ea9e85294ef95b?s=96&d=mm&r=g\",\"contentUrl\":\"https:\\\/\\\/secure.gravatar.com\\\/avatar\\\/d2d06fbb260b5a06a15302c669bd0829b46834ffbdd27f8983ea9e85294ef95b?s=96&d=mm&r=g\",\"caption\":\"Michelle Kanaar\"},\"description\":\"Michelle is a documentary photojournalist who focuses on immigration, labor, and education. She is thoroughly committed to social justice issues and is the proud daughter of immigrants from Colombia and the Netherlands. She grew up speaking Spanish and English and studied Arabic and Middle Eastern studies for her Bachelor\u2019s. She has a Master\u2019s in journalism from the University of Missouri. She is also a co-founder of the Prism Photo Workshop, whose mission it is to provide resources and support for young photographers of diverse backgrounds to tell the stories of underrepresented people and communities with dignity. She\u2019s a big fan of plants and kindness.\",\"url\":\"https:\\\/\\\/borderlessmag.org\\\/es\\\/author\\\/michelle-kanaar\\\/\"}]}<\/script>\n<!-- \/ Yoast SEO Premium plugin. -->","yoast_head_json":{"title":"Oportunidades de empleo y voluntariado - Borderless Magazine NFP","description":"Inf\u00f3rmate sobre ofertas de empleo, oportunidades de voluntariado, pr\u00e1cticas de periodismo, becas y mucho m\u00e1s en Borderless Magazine.","robots":{"index":"index","follow":"follow","max-snippet":"max-snippet:-1","max-image-preview":"max-image-preview:large","max-video-preview":"max-video-preview:-1"},"canonical":"https:\/\/borderlessmag.org\/es\/oportunidades\/","og_locale":"es_MX","og_type":"article","og_title":"Opportunities &#8211; Borderless Magazine NFP","og_description":"Opportunities &#8211; Borderless Magazine NFP","og_url":"https:\/\/borderlessmag.org\/es\/oportunidades\/","og_site_name":"Borderless Magazine NFP","article_publisher":"https:\/\/www.facebook.com\/BorderlessMagazine","article_modified_time":"2026-01-27T21:59:05+00:00","og_image":[{"width":1920,"height":1280,"url":"https:\/\/borderlessmag.org\/wordpress\/wp-content\/uploads\/2024\/06\/220504_SalehaSalima-1-scaled.jpg","type":"image\/jpeg"}],"twitter_card":"summary_large_image","twitter_misc":{"Tiempo de lectura":"2 minutos","Written by":"Michelle Kanaar"},"schema":{"@context":"https:\/\/schema.org","@graph":[{"@type":"NewsArticle","@id":"https:\/\/borderlessmag.org\/opportunities\/#article","isPartOf":{"@id":"https:\/\/borderlessmag.org\/opportunities\/"},"author":{"name":"Michelle Kanaar","@id":"https:\/\/borderlessmag.org\/#\/schema\/person\/fb9ce5384406f02fd3303d6fbb052bb8"},"headline":"Opportunities","datePublished":"2020-04-07T22:19:04+00:00","dateModified":"2026-01-27T21:59:05+00:00","mainEntityOfPage":{"@id":"https:\/\/borderlessmag.org\/opportunities\/"},"wordCount":1151,"publisher":{"@id":"https:\/\/borderlessmag.org\/#organization"},"image":{"@id":"https:\/\/borderlessmag.org\/opportunities\/#primaryimage"},"thumbnailUrl":"https:\/\/borderlessmag.org\/wordpress\/wp-content\/uploads\/2024\/06\/220504_SalehaSalima-1-scaled.jpg","inLanguage":"es"},{"@type":"WebPage","@id":"https:\/\/borderlessmag.org\/opportunities\/","url":"https:\/\/borderlessmag.org\/opportunities\/","name":"Oportunidades de empleo y voluntariado - Borderless Magazine NFP","isPartOf":{"@id":"https:\/\/borderlessmag.org\/#website"},"primaryImageOfPage":{"@id":"https:\/\/borderlessmag.org\/opportunities\/#primaryimage"},"image":{"@id":"https:\/\/borderlessmag.org\/opportunities\/#primaryimage"},"thumbnailUrl":"https:\/\/borderlessmag.org\/wordpress\/wp-content\/uploads\/2024\/06\/220504_SalehaSalima-1-scaled.jpg","datePublished":"2020-04-07T22:19:04+00:00","dateModified":"2026-01-27T21:59:05+00:00","description":"Inf\u00f3rmate sobre ofertas de empleo, oportunidades de voluntariado, pr\u00e1cticas de periodismo, becas y mucho m\u00e1s en Borderless Magazine.","inLanguage":"es","potentialAction":[{"@type":"ReadAction","target":["https:\/\/borderlessmag.org\/opportunities\/"]}]},{"@type":"ImageObject","inLanguage":"es","@id":"https:\/\/borderlessmag.org\/opportunities\/#primaryimage","url":"https:\/\/borderlessmag.org\/wordpress\/wp-content\/uploads\/2024\/06\/220504_SalehaSalima-1-scaled.jpg","contentUrl":"https:\/\/borderlessmag.org\/wordpress\/wp-content\/uploads\/2024\/06\/220504_SalehaSalima-1-scaled.jpg","width":1920,"height":1280},{"@type":"WebSite","@id":"https:\/\/borderlessmag.org\/#website","url":"https:\/\/borderlessmag.org\/","name":"Revista Borderless NFP","description":"Historias sobre inmigraci\u00f3n e inmigrantes","publisher":{"@id":"https:\/\/borderlessmag.org\/#organization"},"alternateName":"Borderless","potentialAction":[{"@type":"SearchAction","target":{"@type":"EntryPoint","urlTemplate":"https:\/\/borderlessmag.org\/?s={search_term_string}"},"query-input":{"@type":"PropertyValueSpecification","valueRequired":true,"valueName":"search_term_string"}}],"inLanguage":"es"},{"@type":"Organization","@id":"https:\/\/borderlessmag.org\/#organization","name":"Revista Borderless NFP","alternateName":"Borderless Mag","url":"https:\/\/borderlessmag.org\/","logo":{"@type":"ImageObject","inLanguage":"es","@id":"https:\/\/borderlessmag.org\/#\/schema\/logo\/image\/","url":"https:\/\/borderlessmag.org\/wordpress\/wp-content\/uploads\/2025\/08\/BorderlessLogo_main_square.jpg","contentUrl":"https:\/\/borderlessmag.org\/wordpress\/wp-content\/uploads\/2025\/08\/BorderlessLogo_main_square.jpg","width":696,"height":696,"caption":"Borderless Magazine NFP"},"image":{"@id":"https:\/\/borderlessmag.org\/#\/schema\/logo\/image\/"},"sameAs":["https:\/\/www.facebook.com\/BorderlessMagazine","https:\/\/www.instagram.com\/borderless_mag\/","https:\/\/www.tiktok.com\/@borderless_mag"]},{"@type":"Person","@id":"https:\/\/borderlessmag.org\/#\/schema\/person\/fb9ce5384406f02fd3303d6fbb052bb8","name":"Michelle Kanaar","image":{"@type":"ImageObject","inLanguage":"es","@id":"https:\/\/secure.gravatar.com\/avatar\/d2d06fbb260b5a06a15302c669bd0829b46834ffbdd27f8983ea9e85294ef95b?s=96&d=mm&r=g91632a79dd3cbc4e3a1af4e6679418d2","url":"https:\/\/secure.gravatar.com\/avatar\/d2d06fbb260b5a06a15302c669bd0829b46834ffbdd27f8983ea9e85294ef95b?s=96&d=mm&r=g","contentUrl":"https:\/\/secure.gravatar.com\/avatar\/d2d06fbb260b5a06a15302c669bd0829b46834ffbdd27f8983ea9e85294ef95b?s=96&d=mm&r=g","caption":"Michelle Kanaar"},"description":"Michelle es una fotoperiodista documental que se centra en la inmigraci\u00f3n, el trabajo y la educaci\u00f3n. Est\u00e1 profundamente comprometida con la justicia social y es hija de inmigrantes colombianos y holandeses. Creci\u00f3 hablando espa\u00f1ol e ingl\u00e9s y estudi\u00f3 \u00e1rabe y Oriente Medio para licenciarse. Tiene un m\u00e1ster en periodismo por la Universidad de Missouri. Tambi\u00e9n es cofundadora del Prism Photo Workshop, cuya misi\u00f3n es proporcionar recursos y apoyo a j\u00f3venes fot\u00f3grafos de diversos or\u00edgenes para que cuenten con dignidad las historias de personas y comunidades infrarrepresentadas. Es una gran fan de las plantas y la bondad.","url":"https:\/\/borderlessmag.org\/es\/author\/michelle-kanaar\/"}]}},"_links":{"self":[{"href":"https:\/\/borderlessmag.org\/es\/wp-json\/wp\/v2\/pages\/2358","targetHints":{"allow":["GET"]}}],"collection":[{"href":"https:\/\/borderlessmag.org\/es\/wp-json\/wp\/v2\/pages"}],"about":[{"href":"https:\/\/borderlessmag.org\/es\/wp-json\/wp\/v2\/types\/page"}],"author":[{"embeddable":true,"href":"https:\/\/borderlessmag.org\/es\/wp-json\/wp\/v2\/users\/8"}],"replies":[{"embeddable":true,"href":"https:\/\/borderlessmag.org\/es\/wp-json\/wp\/v2\/comments?post=2358"}],"version-history":[{"count":8,"href":"https:\/\/borderlessmag.org\/es\/wp-json\/wp\/v2\/pages\/2358\/revisions"}],"predecessor-version":[{"id":31936,"href":"https:\/\/borderlessmag.org\/es\/wp-json\/wp\/v2\/pages\/2358\/revisions\/31936"}],"wp:featuredmedia":[{"embeddable":true,"href":"https:\/\/borderlessmag.org\/es\/wp-json\/wp\/v2\/media\/22512"}],"wp:attachment":[{"href":"https:\/\/borderlessmag.org\/es\/wp-json\/wp\/v2\/media?parent=2358"}],"wp:term":[{"taxonomy":"author","embeddable":true,"href":"https:\/\/borderlessmag.org\/es\/wp-json\/wp\/v2\/coauthors?post=2358"}],"curies":[{"name":"wp","href":"https:\/\/api.w.org\/{rel}","templated":true}]}}