{"id":2239,"date":"2020-02-25T19:45:53","date_gmt":"2020-02-25T19:45:53","guid":{"rendered":"http:\/\/borderlessmag.org\/?page_id=2239"},"modified":"2022-09-30T13:02:26","modified_gmt":"2022-09-30T18:02:26","slug":"consejos-de-la-foia","status":"publish","type":"page","link":"https:\/\/borderlessmag.org\/es\/foia-tips\/","title":{"rendered":"Consejos FOIA"},"content":{"rendered":"<div id=\"fws_69d03c029ae17\"  data-column-margin=\"default\" data-midnight=\"dark\" data-top-percent=\"2%\" data-bottom-percent=\"2%\"  class=\"wpb_row vc_row-fluid vc_row\"  style=\"padding-top: calc(100vw * 0.02); padding-bottom: calc(100vw * 0.02); \"><div class=\"row-bg-wrap\" data-bg-animation=\"none\" data-bg-animation-delay=\"\" data-bg-overlay=\"false\"><div class=\"inner-wrap row-bg-layer\" ><div class=\"row-bg viewport-desktop\"  style=\"\"><\/div><\/div><\/div><div class=\"row_col_wrap_12 col span_12 dark left\">\n\t<div  class=\"vc_col-sm-12 wpb_column column_container vc_column_container col no-extra-padding inherit_tablet inherit_phone\"  data-padding-pos=\"all\" data-has-bg-color=\"false\" data-bg-color=\"\" data-bg-opacity=\"1\" data-animation=\"\" data-delay=\"0\" >\n\t\t<div class=\"vc_column-inner\" >\n\t\t\t<div class=\"wpb_wrapper\">\n\t\t\t\t\n<div class=\"wpb_text_column wpb_content_element\" >\n\t<p>Los <a href=\"https:\/\/www.foia.gov\/\" target=\"_blank\" rel=\"noopener\">Ley de libertad de informaci\u00f3n<\/a> es una ley que permite a las personas solicitar y recibir documentos y datos del gobierno. Pero cuando se trata del sistema de inmigraci\u00f3n, puede ser dif\u00edcil saber a qui\u00e9n preguntar para obtener la informaci\u00f3n que se necesita.<\/p>\n<p>Borderless Magazine ha elaborado esta hoja de consejos para ayudar a los periodistas y miembros de la comunidad a navegar por el sistema FOIA.<\/p>\n<p>\u00a1Gracias a Little Village Solidarity Network y Organized Communities Against Deportation por contribuir con consejos! Y un agradecimiento muy especial a Mar\u00eda In\u00e9s Zamudio, miembro de la junta directiva de Borderless Magazine y organizadora del Chicago Headline Club FOIA Fest, por muchos de estos consejos y la estructura organizativa de esta hoja, que provienen de una capacitaci\u00f3n que hizo en 2018 para la Ida B. Wells Society.<\/p>\n<h3 id=\"which-agency-should-i-foia\">\u00bfA qu\u00e9 organismo debo presentar la FOIA?<\/h3>\n<ul>\n<li>Departamento de Seguridad Nacional de EE.UU. (datos sobre repatriaci\u00f3n y deportaci\u00f3n, expedientes disciplinarios, contratos con empresas privadas)<\/li>\n<li>U.S. Immigration and Customs Enforcement (datos de deportaci\u00f3n, datos de encarcelamiento, \u00edndices de mortalidad, datos de incautaciones, investigaciones sobre ciberdelitos y tr\u00e1fico sexual)<\/li>\n<li>Servicios de Ciudadan\u00eda e Inmigraci\u00f3n de EE.UU. (cambios en la pol\u00edtica, pr\u00e1cticas de aplicaci\u00f3n, datos sobre ciudadan\u00eda, datos sobre DACA)<\/li>\n<li>U.S. Customs and Border Protection (datos de detenciones, informes de incidentes, datos de agresiones violentas, casos de corrupci\u00f3n)<\/li>\n<li>Departamento de Trabajo de EE.UU. (datos sobre trabajadores temporales y contratos)<\/li>\n<li>Oficina de Pol\u00edtica Nacional de Control de Drogas (datos sobre incautaciones de drogas, informaci\u00f3n presupuestaria)<\/li>\n<li>Departamento del Tesoro (bienes embargados, investigaciones sobre blanqueo de capitales)<\/li>\n<li>Departamento de polic\u00eda local (datos sobre delincuencia local, solicitudes de visados U, bases de datos sobre bandas)<\/li>\n<li>Departamento de Servicios Humanos de Illinois (n\u00famero de admisiones de refugiados en Illinois, financiaci\u00f3n de los servicios para refugiados)<\/li>\n<li>Departamento Correccional de Illinois (datos sobre detenidos en prisiones estatales por las fuerzas de inmigraci\u00f3n)<\/li>\n<\/ul>\n<h3 id=\"what-can-i-get-today-without-a-foia\">\u00bfQu\u00e9 puedo conseguir hoy sin una FOIA?<\/h3>\n<ul>\n<li><a href=\"https:\/\/www.ice.gov\/foia\/library\" target=\"_blank\" rel=\"noopener\">Biblioteca FOIA del ICE<\/a>\u00a0(pol\u00edticas, memorandos de entendimiento, organigramas y mucho m\u00e1s).<\/li>\n<li><a href=\"https:\/\/trac.syr.edu\/\" target=\"_blank\" rel=\"noopener\">TRAC de Siracusa\u00a0<\/a>(tendencias judiciales, n\u00famero de detenciones del ICE, etc.)<\/li>\n<li><a href=\"https:\/\/www.justice.gov\/eoir\" target=\"_blank\" rel=\"noopener\">Oficina Ejecutiva de Revisi\u00f3n de Casos de Inmigraci\u00f3n<\/a>\u00a0(datos sobre casos de asilo, datos judiciales)<\/li>\n<li><a href=\"https:\/\/www.hsgac.senate.gov\/hearings\" target=\"_blank\" rel=\"noopener\">Audiencias de la Comisi\u00f3n de Seguridad Nacional y Asuntos Gubernamentales del Senado de EE.UU.<\/a> (testimonios anuales ante el Congreso de los secretarios de HHS y DHS)<\/li>\n<li><a href=\"https:\/\/www.hhs.gov\/\" target=\"_blank\" rel=\"noopener\">Departamento de Salud y Servicios Humanos de EE.UU.<\/a> y <a href=\"https:\/\/www.acf.hhs.gov\/orr\">Oficina de Reasentamiento de Refugiados<\/a> (pol\u00edticas y estad\u00edsticas sobre la detenci\u00f3n de ni\u00f1os migrantes en el programa de Ni\u00f1os Extranjeros No Acompa\u00f1ados)<\/li>\n<li><a href=\"https:\/\/www.usaspending.gov\/#\/\" target=\"_blank\" rel=\"noopener\">USASpending.Gov<\/a> (datos de gastos)<\/li>\n<li><a href=\"https:\/\/taggs.hhs.gov\/Detail\/CFDADetail?arg_CFDA_NUM=93676\" target=\"_blank\" rel=\"noopener\">TAGGS<\/a>\u00a0(gasto p\u00fablico en subvenciones para el programa de menores extranjeros no acompa\u00f1ados)<\/li>\n<\/ul>\n<h3 id=\"what-information-cant-i-get\">\u00bfQu\u00e9 informaci\u00f3n no puedo obtener?<\/h3>\n<ul>\n<li>Nombres de personas en v\u00edas de expulsi\u00f3n o detenidas en una redada concreta<\/li>\n<li>Acceso al expediente de un caso concreto (a menos que consiga que el inmigrante firme un formulario de renuncia a la intimidad).<\/li>\n<\/ul>\n<\/div>\n\n\n\n\n\t\t\t<\/div> \n\t\t<\/div>\n\t<\/div> \n<\/div><\/div>\n\t\t<div id=\"fws_69d03c029bbaf\"  data-column-margin=\"default\" data-midnight=\"dark\"  class=\"wpb_row vc_row-fluid vc_row\"  style=\"padding-top: 0px; padding-bottom: 0px; \"><div class=\"row-bg-wrap\" data-bg-animation=\"none\" data-bg-animation-delay=\"\" data-bg-overlay=\"false\"><div class=\"inner-wrap row-bg-layer\" ><div class=\"row-bg viewport-desktop\"  style=\"\"><\/div><\/div><\/div><div class=\"row_col_wrap_12 col span_12 dark left\">\n\t<div  class=\"vc_col-sm-12 wpb_column column_container vc_column_container col no-extra-padding inherit_tablet inherit_phone\"  data-padding-pos=\"all\" data-has-bg-color=\"false\" data-bg-color=\"\" data-bg-opacity=\"1\" data-animation=\"\" data-delay=\"0\" >\n\t\t<div class=\"vc_column-inner\" >\n\t\t\t<div class=\"wpb_wrapper\">\n\t\t\t\t<div class=\"templatera_shortcode\">\n\t\t<div id=\"fws_69d03c029cc28\"  data-column-margin=\"default\" data-midnight=\"dark\"  class=\"wpb_row vc_row-fluid vc_row has-row-bg-color vc_row-o-equal-height vc_row-flex vc_row-o-content-middle large\"  style=\"padding-top: 0px; padding-bottom: 0px; --row-bg-color: #fff4e2;\"><div class=\"row-bg-wrap\" data-bg-animation=\"none\" data-bg-animation-delay=\"\" data-bg-overlay=\"false\"><div class=\"inner-wrap row-bg-layer\" ><div class=\"row-bg viewport-desktop using-bg-color\"  style=\"background-color: #fff4e2; \"><\/div><\/div><\/div><div class=\"row_col_wrap_12 col span_12 dark left\">\n\t<div  class=\"vc_col-sm-12 wpb_column column_container vc_column_container col padding-3-percent force-phone-text-align-center inherit_tablet inherit_phone border_top_desktop_1px border_bottom_desktop_1px border_color_ffffff border_style_solid\"  data-padding-pos=\"all\" data-has-bg-color=\"false\" data-bg-color=\"\" data-bg-opacity=\"1\" data-animation=\"\" data-delay=\"0\" >\n\t\t<div class=\"vc_column-inner\" >\n\t\t\t<div class=\"wpb_wrapper\">\n\t\t\t\t<div id=\"fws_69d03c029d2f2\" data-midnight=\"\" data-column-margin=\"default\" class=\"wpb_row vc_row-fluid vc_row inner_row vc_row-o-equal-height vc_row-flex vc_row-o-content-middle\"  style=\"\"><div class=\"row-bg-wrap\"> <div class=\"row-bg\" ><\/div> <\/div><div class=\"row_col_wrap_12_inner col span_12  left\">\n\t<div  class=\"vc_col-sm-5 wpb_column column_container vc_column_container col child_column no-extra-padding inherit_tablet inherit_phone\"   data-padding-pos=\"all\" data-has-bg-color=\"false\" data-bg-color=\"\" data-bg-opacity=\"1\" data-animation=\"\" data-delay=\"0\" >\n\t\t<div class=\"vc_column-inner\" >\n\t\t<div class=\"wpb_wrapper\">\n\t\t\t\n<div class=\"wpb_text_column wpb_content_element\" >\n\t<p class=\"h3-style\">Obtenga noticias tan vibrantes como nuestras comunidades.<\/p>\n<p>Suscr\u00edbase a nuestro bolet\u00edn gratuito y reciba actualizaciones dos veces por semana.<\/p>\n<\/div>\n\n\n\n\n\t\t<\/div> \n\t<\/div>\n\t<\/div> \n\n\t<div  class=\"vc_col-sm-2 subscribe-plane wpb_column column_container vc_column_container col child_column no-extra-padding inherit_tablet inherit_phone\"   data-padding-pos=\"all\" data-has-bg-color=\"false\" data-bg-color=\"\" data-bg-opacity=\"1\" data-animation=\"\" data-delay=\"0\" >\n\t\t<div class=\"vc_column-inner\" >\n\t\t<div class=\"wpb_wrapper\">\n\t\t\t<div class=\"img-with-aniamtion-wrap center\" data-max-width=\"150%\" data-max-width-mobile=\"default\" data-shadow=\"none\" data-animation=\"fade-in\" >\r\n      <div class=\"inner\">\r\n        <div class=\"hover-wrap\"> \r\n          <div class=\"hover-wrap-inner\">\r\n            <img decoding=\"async\" class=\"img-with-animation skip-lazy subscribe-plane\" data-delay=\"0\" height=\"100\" width=\"100\" data-animation=\"fade-in\" src=\"https:\/\/borderlessmag.org\/wordpress\/wp-content\/uploads\/2021\/09\/plane.png\" alt=\"\"  \/>\r\n         <\/div>\r\n      <\/div><\/div><\/div>\n\t\t<\/div> \n\t<\/div>\n\t<\/div> \n\n\t<div  class=\"vc_col-sm-5 wpb_column column_container vc_column_container col child_column no-extra-padding inherit_tablet inherit_phone\"   data-padding-pos=\"all\" data-has-bg-color=\"false\" data-bg-color=\"\" data-bg-opacity=\"1\" data-animation=\"\" data-delay=\"0\" >\n\t\t<div class=\"vc_column-inner\" >\n\t\t<div class=\"wpb_wrapper\">\n\t\t\t\n\t<div class=\"wpb_raw_code wpb_raw_html wpb_content_element\" >\n\t\t<div class=\"wpb_wrapper\">\n\t\t\t<style type=\"text\/css\">\n\t#mc_embed_signup<br \/><span data-mce-type=\"bookmark\" style=\"display: inline-block; width: 0px; overflow: hidden; line-height: 0;\" class=\"mce_SELRES_start\">\ufeff<\/span><br \/><\/style>\n<div id=\"mc_embed_signup\"><form id=\"mc-embedded-subscribe-form\" class=\"validate large\" action=\"https:\/\/borderlessmag.us15.list-manage.com\/subscribe\/post?u=ead6caf0aec3f75b98bd0c5a3&amp;id=9998efc574\" method=\"post\" name=\"mc-embedded-subscribe-form\" novalidate=\"\" target=\"_blank\">\n<div id=\"mc_embed_signup_scroll\">\n<div class=\"mc-emailbox\"><input id=\"mce-EMAIL\" class=\"email\" name=\"EMAIL\" required=\"\" type=\"email\" value=\"\" placeholder=\"Direcci\u00f3n de correo electr\u00f3nico\" \/><\/div>\n<!-- real people should not fill this in and expect good things - do not remove this or risk form bot signups-->\n<div style=\"position: absolute; left: -5000px;\" aria-hidden=\"true\"><input tabindex=\"-1\" name=\"b_ead6caf0aec3f75b98bd0c5a3_9998efc574\" type=\"text\" value=\"\" \/><\/div>\n<div class=\"mc-subscribe-btn\"><input id=\"mc-embedded-subscribe\" class=\"button\" name=\"subscribe\" type=\"submit\" value=\"Suscr\u00edbase a\" \/><\/div>\n<div><\/div>\n<\/div>\n<\/form><\/div>\n\t\t<\/div>\n\t<\/div>\n\n\t\t<\/div> \n\t<\/div>\n\t<\/div> \n<\/div><\/div>\n\t\t\t<\/div> \n\t\t<\/div>\n\t<\/div> \n<\/div><\/div><\/div>\n\t\t\t<\/div> \n\t\t<\/div>\n\t<\/div> \n<\/div><\/div>","protected":false},"excerpt":{"rendered":"La Ley de Libertad de Informaci\u00f3n permite solicitar y recibir documentos y datos de la administraci\u00f3n. Pero cuando se trata del sistema de inmigraci\u00f3n, puede ser dif\u00edcil saber a qui\u00e9n preguntar para obtener la informaci\u00f3n que se necesita. Borderless Magazine ha elaborado esta hoja de consejos para ayudar a periodistas y miembros de la comunidad a navegar por el sistema FOIA. Gracias a Little Village Solidarity Network y Organized Communities Against Deportation por contribuir con sus consejos. Y un agradecimiento muy especial a Maria Ines Zamudio, miembro de la junta de Borderless Magazine y organizadora del Chicago Headline Club FOIA Fest, por...","protected":false},"author":11,"featured_media":2249,"parent":0,"menu_order":0,"comment_status":"closed","ping_status":"closed","template":"","meta":{"inline_featured_image":false,"footnotes":""},"coauthors":[213],"class_list":["post-2239","page","type-page","status-publish","has-post-thumbnail"],"yoast_head":"<!-- This site is optimized with the Yoast SEO Premium plugin v27.3 (Yoast SEO v27.3) - https:\/\/yoast.com\/product\/yoast-seo-premium-wordpress\/ -->\n<title>FOIA Tips &#8211; Borderless Magazine NFP<\/title>\n<meta name=\"description\" content=\"FOIA Tips &#8211; Borderless Magazine NFP\" \/>\n<meta name=\"robots\" content=\"index, follow, max-snippet:-1, max-image-preview:large, max-video-preview:-1\" \/>\n<link rel=\"canonical\" href=\"https:\/\/borderlessmag.org\/es\/consejos-de-la-foia\/\" \/>\n<meta property=\"og:locale\" content=\"es_MX\" \/>\n<meta property=\"og:type\" content=\"article\" \/>\n<meta property=\"og:title\" content=\"FOIA Tips &#8211; Borderless Magazine NFP\" \/>\n<meta property=\"og:description\" content=\"FOIA Tips &#8211; Borderless Magazine NFP\" \/>\n<meta property=\"og:url\" content=\"https:\/\/borderlessmag.org\/es\/consejos-de-la-foia\/\" \/>\n<meta property=\"og:site_name\" content=\"Borderless Magazine NFP\" \/>\n<meta property=\"article:publisher\" content=\"https:\/\/www.facebook.com\/BorderlessMagazine\" \/>\n<meta property=\"article:modified_time\" content=\"2022-09-30T18:02:26+00:00\" \/>\n<meta property=\"og:image\" content=\"https:\/\/borderlessmag.org\/wordpress\/wp-content\/uploads\/2020\/02\/Green-statue-of-liberty-scaled.jpg\" \/>\n\t<meta property=\"og:image:width\" content=\"1920\" \/>\n\t<meta property=\"og:image:height\" content=\"1440\" \/>\n\t<meta property=\"og:image:type\" content=\"image\/jpeg\" \/>\n<meta name=\"twitter:card\" content=\"summary_large_image\" \/>\n<meta name=\"twitter:label1\" content=\"Tiempo de lectura\" \/>\n\t<meta name=\"twitter:data1\" content=\"3 minutos\" \/>\n\t<meta name=\"twitter:label2\" content=\"Written by\" \/>\n\t<meta name=\"twitter:data2\" content=\"Nissa Rhee\" \/>\n<script type=\"application\/ld+json\" class=\"yoast-schema-graph\">{\"@context\":\"https:\\\/\\\/schema.org\",\"@graph\":[{\"@type\":\"NewsArticle\",\"@id\":\"https:\\\/\\\/borderlessmag.org\\\/foia-tips\\\/#article\",\"isPartOf\":{\"@id\":\"https:\\\/\\\/borderlessmag.org\\\/foia-tips\\\/\"},\"author\":{\"name\":\"Borderless Magazine Staff\",\"@id\":\"https:\\\/\\\/borderlessmag.org\\\/#\\\/schema\\\/person\\\/494d06540b1771aee68324a4f83ee84b\"},\"headline\":\"FOIA Tips\",\"datePublished\":\"2020-02-25T19:45:53+00:00\",\"dateModified\":\"2022-09-30T18:02:26+00:00\",\"mainEntityOfPage\":{\"@id\":\"https:\\\/\\\/borderlessmag.org\\\/foia-tips\\\/\"},\"wordCount\":691,\"publisher\":{\"@id\":\"https:\\\/\\\/borderlessmag.org\\\/#organization\"},\"image\":{\"@id\":\"https:\\\/\\\/borderlessmag.org\\\/foia-tips\\\/#primaryimage\"},\"thumbnailUrl\":\"https:\\\/\\\/borderlessmag.org\\\/wordpress\\\/wp-content\\\/uploads\\\/2020\\\/02\\\/Green-statue-of-liberty-scaled.jpg\",\"inLanguage\":\"es\"},{\"@type\":\"WebPage\",\"@id\":\"https:\\\/\\\/borderlessmag.org\\\/foia-tips\\\/\",\"url\":\"https:\\\/\\\/borderlessmag.org\\\/foia-tips\\\/\",\"name\":\"FOIA Tips &#8211; Borderless Magazine NFP\",\"isPartOf\":{\"@id\":\"https:\\\/\\\/borderlessmag.org\\\/#website\"},\"primaryImageOfPage\":{\"@id\":\"https:\\\/\\\/borderlessmag.org\\\/foia-tips\\\/#primaryimage\"},\"image\":{\"@id\":\"https:\\\/\\\/borderlessmag.org\\\/foia-tips\\\/#primaryimage\"},\"thumbnailUrl\":\"https:\\\/\\\/borderlessmag.org\\\/wordpress\\\/wp-content\\\/uploads\\\/2020\\\/02\\\/Green-statue-of-liberty-scaled.jpg\",\"datePublished\":\"2020-02-25T19:45:53+00:00\",\"dateModified\":\"2022-09-30T18:02:26+00:00\",\"description\":\"FOIA Tips &#8211; Borderless Magazine NFP\",\"inLanguage\":\"es\",\"potentialAction\":[{\"@type\":\"ReadAction\",\"target\":[\"https:\\\/\\\/borderlessmag.org\\\/foia-tips\\\/\"]}]},{\"@type\":\"ImageObject\",\"inLanguage\":\"es\",\"@id\":\"https:\\\/\\\/borderlessmag.org\\\/foia-tips\\\/#primaryimage\",\"url\":\"https:\\\/\\\/borderlessmag.org\\\/wordpress\\\/wp-content\\\/uploads\\\/2020\\\/02\\\/Green-statue-of-liberty-scaled.jpg\",\"contentUrl\":\"https:\\\/\\\/borderlessmag.org\\\/wordpress\\\/wp-content\\\/uploads\\\/2020\\\/02\\\/Green-statue-of-liberty-scaled.jpg\"},{\"@type\":\"WebSite\",\"@id\":\"https:\\\/\\\/borderlessmag.org\\\/#website\",\"url\":\"https:\\\/\\\/borderlessmag.org\\\/\",\"name\":\"Borderless Magazine NFP\",\"description\":\"Stories about immigration and immigrants\",\"publisher\":{\"@id\":\"https:\\\/\\\/borderlessmag.org\\\/#organization\"},\"alternateName\":\"Borderless\",\"potentialAction\":[{\"@type\":\"SearchAction\",\"target\":{\"@type\":\"EntryPoint\",\"urlTemplate\":\"https:\\\/\\\/borderlessmag.org\\\/?s={search_term_string}\"},\"query-input\":{\"@type\":\"PropertyValueSpecification\",\"valueRequired\":true,\"valueName\":\"search_term_string\"}}],\"inLanguage\":\"es\"},{\"@type\":\"Organization\",\"@id\":\"https:\\\/\\\/borderlessmag.org\\\/#organization\",\"name\":\"Borderless Magazine NFP\",\"alternateName\":\"Borderless Mag\",\"url\":\"https:\\\/\\\/borderlessmag.org\\\/\",\"logo\":{\"@type\":\"ImageObject\",\"inLanguage\":\"es\",\"@id\":\"https:\\\/\\\/borderlessmag.org\\\/#\\\/schema\\\/logo\\\/image\\\/\",\"url\":\"https:\\\/\\\/borderlessmag.org\\\/wordpress\\\/wp-content\\\/uploads\\\/2025\\\/08\\\/BorderlessLogo_main_square.jpg\",\"contentUrl\":\"https:\\\/\\\/borderlessmag.org\\\/wordpress\\\/wp-content\\\/uploads\\\/2025\\\/08\\\/BorderlessLogo_main_square.jpg\",\"width\":696,\"height\":696,\"caption\":\"Borderless Magazine NFP\"},\"image\":{\"@id\":\"https:\\\/\\\/borderlessmag.org\\\/#\\\/schema\\\/logo\\\/image\\\/\"},\"sameAs\":[\"https:\\\/\\\/www.facebook.com\\\/BorderlessMagazine\",\"https:\\\/\\\/www.instagram.com\\\/borderless_mag\\\/\",\"https:\\\/\\\/www.tiktok.com\\\/@borderless_mag\"]},{\"@type\":\"Person\",\"@id\":\"https:\\\/\\\/borderlessmag.org\\\/#\\\/schema\\\/person\\\/494d06540b1771aee68324a4f83ee84b\",\"name\":\"Borderless Magazine Staff\",\"image\":{\"@type\":\"ImageObject\",\"inLanguage\":\"es\",\"@id\":\"https:\\\/\\\/secure.gravatar.com\\\/avatar\\\/73a36bdc4111db6c9a6fe479707fda14a1503b55989da2e353b9cf5ac0835687?s=96&d=mm&r=g3712cb91a44b036a2a2fc35f3c060522\",\"url\":\"https:\\\/\\\/secure.gravatar.com\\\/avatar\\\/73a36bdc4111db6c9a6fe479707fda14a1503b55989da2e353b9cf5ac0835687?s=96&d=mm&r=g\",\"contentUrl\":\"https:\\\/\\\/secure.gravatar.com\\\/avatar\\\/73a36bdc4111db6c9a6fe479707fda14a1503b55989da2e353b9cf5ac0835687?s=96&d=mm&r=g\",\"caption\":\"Borderless Magazine Staff\"},\"url\":\"https:\\\/\\\/borderlessmag.org\\\/es\\\/author\\\/borderless-magazine-staff\\\/\"}]}<\/script>\n<!-- \/ Yoast SEO Premium plugin. -->","yoast_head_json":{"title":"Consejos FOIA - Revista Borderless NFP","description":"Consejos FOIA - Revista Borderless NFP","robots":{"index":"index","follow":"follow","max-snippet":"max-snippet:-1","max-image-preview":"max-image-preview:large","max-video-preview":"max-video-preview:-1"},"canonical":"https:\/\/borderlessmag.org\/es\/consejos-de-la-foia\/","og_locale":"es_MX","og_type":"article","og_title":"FOIA Tips &#8211; Borderless Magazine NFP","og_description":"FOIA Tips &#8211; Borderless Magazine NFP","og_url":"https:\/\/borderlessmag.org\/es\/consejos-de-la-foia\/","og_site_name":"Borderless Magazine NFP","article_publisher":"https:\/\/www.facebook.com\/BorderlessMagazine","article_modified_time":"2022-09-30T18:02:26+00:00","og_image":[{"width":1920,"height":1440,"url":"https:\/\/borderlessmag.org\/wordpress\/wp-content\/uploads\/2020\/02\/Green-statue-of-liberty-scaled.jpg","type":"image\/jpeg"}],"twitter_card":"summary_large_image","twitter_misc":{"Tiempo de lectura":"3 minutos","Written by":"Nissa Rhee"},"schema":{"@context":"https:\/\/schema.org","@graph":[{"@type":"NewsArticle","@id":"https:\/\/borderlessmag.org\/foia-tips\/#article","isPartOf":{"@id":"https:\/\/borderlessmag.org\/foia-tips\/"},"author":{"name":"Borderless Magazine Staff","@id":"https:\/\/borderlessmag.org\/#\/schema\/person\/494d06540b1771aee68324a4f83ee84b"},"headline":"FOIA Tips","datePublished":"2020-02-25T19:45:53+00:00","dateModified":"2022-09-30T18:02:26+00:00","mainEntityOfPage":{"@id":"https:\/\/borderlessmag.org\/foia-tips\/"},"wordCount":691,"publisher":{"@id":"https:\/\/borderlessmag.org\/#organization"},"image":{"@id":"https:\/\/borderlessmag.org\/foia-tips\/#primaryimage"},"thumbnailUrl":"https:\/\/borderlessmag.org\/wordpress\/wp-content\/uploads\/2020\/02\/Green-statue-of-liberty-scaled.jpg","inLanguage":"es"},{"@type":"WebPage","@id":"https:\/\/borderlessmag.org\/foia-tips\/","url":"https:\/\/borderlessmag.org\/foia-tips\/","name":"Consejos FOIA - Revista Borderless NFP","isPartOf":{"@id":"https:\/\/borderlessmag.org\/#website"},"primaryImageOfPage":{"@id":"https:\/\/borderlessmag.org\/foia-tips\/#primaryimage"},"image":{"@id":"https:\/\/borderlessmag.org\/foia-tips\/#primaryimage"},"thumbnailUrl":"https:\/\/borderlessmag.org\/wordpress\/wp-content\/uploads\/2020\/02\/Green-statue-of-liberty-scaled.jpg","datePublished":"2020-02-25T19:45:53+00:00","dateModified":"2022-09-30T18:02:26+00:00","description":"Consejos FOIA - Revista Borderless NFP","inLanguage":"es","potentialAction":[{"@type":"ReadAction","target":["https:\/\/borderlessmag.org\/foia-tips\/"]}]},{"@type":"ImageObject","inLanguage":"es","@id":"https:\/\/borderlessmag.org\/foia-tips\/#primaryimage","url":"https:\/\/borderlessmag.org\/wordpress\/wp-content\/uploads\/2020\/02\/Green-statue-of-liberty-scaled.jpg","contentUrl":"https:\/\/borderlessmag.org\/wordpress\/wp-content\/uploads\/2020\/02\/Green-statue-of-liberty-scaled.jpg"},{"@type":"WebSite","@id":"https:\/\/borderlessmag.org\/#website","url":"https:\/\/borderlessmag.org\/","name":"Revista Borderless NFP","description":"Historias sobre inmigraci\u00f3n e inmigrantes","publisher":{"@id":"https:\/\/borderlessmag.org\/#organization"},"alternateName":"Borderless","potentialAction":[{"@type":"SearchAction","target":{"@type":"EntryPoint","urlTemplate":"https:\/\/borderlessmag.org\/?s={search_term_string}"},"query-input":{"@type":"PropertyValueSpecification","valueRequired":true,"valueName":"search_term_string"}}],"inLanguage":"es"},{"@type":"Organization","@id":"https:\/\/borderlessmag.org\/#organization","name":"Revista Borderless NFP","alternateName":"Borderless Mag","url":"https:\/\/borderlessmag.org\/","logo":{"@type":"ImageObject","inLanguage":"es","@id":"https:\/\/borderlessmag.org\/#\/schema\/logo\/image\/","url":"https:\/\/borderlessmag.org\/wordpress\/wp-content\/uploads\/2025\/08\/BorderlessLogo_main_square.jpg","contentUrl":"https:\/\/borderlessmag.org\/wordpress\/wp-content\/uploads\/2025\/08\/BorderlessLogo_main_square.jpg","width":696,"height":696,"caption":"Borderless Magazine NFP"},"image":{"@id":"https:\/\/borderlessmag.org\/#\/schema\/logo\/image\/"},"sameAs":["https:\/\/www.facebook.com\/BorderlessMagazine","https:\/\/www.instagram.com\/borderless_mag\/","https:\/\/www.tiktok.com\/@borderless_mag"]},{"@type":"Person","@id":"https:\/\/borderlessmag.org\/#\/schema\/person\/494d06540b1771aee68324a4f83ee84b","name":"Personal de Borderless Magazine","image":{"@type":"ImageObject","inLanguage":"es","@id":"https:\/\/secure.gravatar.com\/avatar\/73a36bdc4111db6c9a6fe479707fda14a1503b55989da2e353b9cf5ac0835687?s=96&d=mm&r=g3712cb91a44b036a2a2fc35f3c060522","url":"https:\/\/secure.gravatar.com\/avatar\/73a36bdc4111db6c9a6fe479707fda14a1503b55989da2e353b9cf5ac0835687?s=96&d=mm&r=g","contentUrl":"https:\/\/secure.gravatar.com\/avatar\/73a36bdc4111db6c9a6fe479707fda14a1503b55989da2e353b9cf5ac0835687?s=96&d=mm&r=g","caption":"Borderless Magazine Staff"},"url":"https:\/\/borderlessmag.org\/es\/author\/borderless-magazine-staff\/"}]}},"_links":{"self":[{"href":"https:\/\/borderlessmag.org\/es\/wp-json\/wp\/v2\/pages\/2239","targetHints":{"allow":["GET"]}}],"collection":[{"href":"https:\/\/borderlessmag.org\/es\/wp-json\/wp\/v2\/pages"}],"about":[{"href":"https:\/\/borderlessmag.org\/es\/wp-json\/wp\/v2\/types\/page"}],"author":[{"embeddable":true,"href":"https:\/\/borderlessmag.org\/es\/wp-json\/wp\/v2\/users\/11"}],"replies":[{"embeddable":true,"href":"https:\/\/borderlessmag.org\/es\/wp-json\/wp\/v2\/comments?post=2239"}],"version-history":[{"count":0,"href":"https:\/\/borderlessmag.org\/es\/wp-json\/wp\/v2\/pages\/2239\/revisions"}],"wp:featuredmedia":[{"embeddable":true,"href":"https:\/\/borderlessmag.org\/es\/wp-json\/wp\/v2\/media\/2249"}],"wp:attachment":[{"href":"https:\/\/borderlessmag.org\/es\/wp-json\/wp\/v2\/media?parent=2239"}],"wp:term":[{"taxonomy":"author","embeddable":true,"href":"https:\/\/borderlessmag.org\/es\/wp-json\/wp\/v2\/coauthors?post=2239"}],"curies":[{"name":"wp","href":"https:\/\/api.w.org\/{rel}","templated":true}]}}