{"id":2235,"date":"2020-02-25T19:24:34","date_gmt":"2020-02-25T19:24:34","guid":{"rendered":"http:\/\/borderlessmag.org\/?page_id=2235"},"modified":"2025-12-19T14:11:33","modified_gmt":"2025-12-19T20:11:33","slug":"contacto","status":"publish","type":"page","link":"https:\/\/borderlessmag.org\/es\/contact-us\/","title":{"rendered":"Contacte con nosotros"},"content":{"rendered":"<div id=\"fws_69eac7272d825\"  data-column-margin=\"default\" data-midnight=\"dark\" data-top-percent=\"2%\"  class=\"wpb_row vc_row-fluid vc_row\"  style=\"padding-top: calc(100vw * 0.02); padding-bottom: 0px; \"><div class=\"row-bg-wrap\" data-bg-animation=\"none\" data-bg-animation-delay=\"\" data-bg-overlay=\"false\"><div class=\"inner-wrap row-bg-layer\" ><div class=\"row-bg viewport-desktop\"  style=\"\"><\/div><\/div><\/div><div class=\"row_col_wrap_12 col span_12 dark left\">\n\t<div  class=\"vc_col-sm-12 wpb_column column_container vc_column_container col no-extra-padding inherit_tablet inherit_phone\"  data-padding-pos=\"all\" data-has-bg-color=\"false\" data-bg-color=\"\" data-bg-opacity=\"1\" data-animation=\"\" data-delay=\"0\" >\n\t\t<div class=\"vc_column-inner\" >\n\t\t\t<div class=\"wpb_wrapper\">\n\t\t\t\t\n<div class=\"wpb_text_column wpb_content_element\" >\n\t<p><strong>Aplicaci\u00f3n Signal<\/strong> (773) 200-7943<\/p>\n<p><strong>Oficina<\/strong> (312) 617-1228<\/p>\n<p><strong>Sugerencia <\/strong>(312) 617-1228<\/p>\n<p><strong>Correo electr\u00f3nico<\/strong>\u00a0<a href=\"mailto:info@borderlessmag.org\">info@borderlessmag.org<\/a><\/p>\n<p>Si desea ponerse en contacto con nosotros en relaci\u00f3n con una irregularidad o un tema delicado que merezca m\u00e1s atenci\u00f3n, estamos abiertos a hablar \"en segundo plano\" para reportajes, lo que significa que nunca utilizar\u00edamos su nombre en un reportaje ni dir\u00edamos a nadie que hemos hablado. P\u00f3ngase en contacto con nosotros.<\/p>\n<p><a href=\"https:\/\/www.guidestar.org\/profile\/shared\/eda1df53-d002-4af7-95c5-dbeb47972bef\" target=\"_blank\" rel=\"noopener\"><img decoding=\"async\" src=\"https:\/\/widgets.guidestar.org\/TransparencySeal\/9811343\" \/><\/a><\/p>\n<\/div>\n\n\n\n\n\t\t\t<\/div> \n\t\t<\/div>\n\t<\/div> \n<\/div><\/div>","protected":false},"excerpt":{"rendered":"Signal App (773) 200-7943 Oficina (312) 617-1228 L\u00ednea de informaci\u00f3n (312) 617-1228 Correo electr\u00f3nico info@borderlessmag.org Si desea ponerse en contacto con nosotros en relaci\u00f3n con una irregularidad o un asunto delicado que merezca m\u00e1s atenci\u00f3n, estamos abiertos a hablar \"en segundo plano\" para reportajes, lo que significa que nunca utilizar\u00edamos su nombre en un reportaje ni dir\u00edamos a nadie que hemos hablado. P\u00f3ngase en contacto con nosotros.","protected":false},"author":7,"featured_media":8441,"parent":0,"menu_order":0,"comment_status":"closed","ping_status":"closed","template":"","meta":{"inline_featured_image":false,"footnotes":""},"coauthors":[213],"class_list":["post-2235","page","type-page","status-publish","has-post-thumbnail"],"yoast_head":"<!-- This site is optimized with the Yoast SEO Premium plugin v27.3 (Yoast SEO v27.3) - https:\/\/yoast.com\/product\/yoast-seo-premium-wordpress\/ -->\n<title>Contact Us &#8211; Borderless Magazine NFP<\/title>\n<meta name=\"description\" content=\"Contact Us &#8211; Borderless Magazine NFP\" \/>\n<meta name=\"robots\" content=\"index, follow, max-snippet:-1, max-image-preview:large, max-video-preview:-1\" \/>\n<link rel=\"canonical\" href=\"https:\/\/borderlessmag.org\/es\/contacto\/\" \/>\n<meta property=\"og:locale\" content=\"es_MX\" \/>\n<meta property=\"og:type\" content=\"article\" \/>\n<meta property=\"og:title\" content=\"Contact Us &#8211; Borderless Magazine NFP\" \/>\n<meta property=\"og:description\" content=\"Contact Us &#8211; Borderless Magazine NFP\" \/>\n<meta property=\"og:url\" content=\"https:\/\/borderlessmag.org\/es\/contacto\/\" \/>\n<meta property=\"og:site_name\" content=\"Borderless Magazine NFP\" \/>\n<meta property=\"article:publisher\" content=\"https:\/\/www.facebook.com\/BorderlessMagazine\" \/>\n<meta property=\"article:modified_time\" content=\"2025-12-19T20:11:33+00:00\" \/>\n<meta property=\"og:image\" content=\"https:\/\/widgets.guidestar.org\/TransparencySeal\/9811343\" \/>\n<meta name=\"twitter:card\" content=\"summary_large_image\" \/>\n<meta name=\"twitter:label1\" content=\"Tiempo de lectura\" \/>\n\t<meta name=\"twitter:data1\" content=\"1 minuto\" \/>\n\t<meta name=\"twitter:label2\" content=\"Written by\" \/>\n\t<meta name=\"twitter:data2\" content=\"Nissa Rhee\" \/>\n<script type=\"application\/ld+json\" class=\"yoast-schema-graph\">{\"@context\":\"https:\\\/\\\/schema.org\",\"@graph\":[{\"@type\":\"NewsArticle\",\"@id\":\"https:\\\/\\\/borderlessmag.org\\\/contact-us\\\/#article\",\"isPartOf\":{\"@id\":\"https:\\\/\\\/borderlessmag.org\\\/contact-us\\\/\"},\"author\":{\"name\":\"Nissa Rhee\",\"@id\":\"https:\\\/\\\/borderlessmag.org\\\/#\\\/schema\\\/person\\\/9e1f6ef1d1399b3c22a3df50fa970740\"},\"headline\":\"Contact Us\",\"datePublished\":\"2020-02-25T19:24:34+00:00\",\"dateModified\":\"2025-12-19T20:11:33+00:00\",\"mainEntityOfPage\":{\"@id\":\"https:\\\/\\\/borderlessmag.org\\\/contact-us\\\/\"},\"wordCount\":235,\"publisher\":{\"@id\":\"https:\\\/\\\/borderlessmag.org\\\/#organization\"},\"image\":{\"@id\":\"https:\\\/\\\/borderlessmag.org\\\/contact-us\\\/#primaryimage\"},\"thumbnailUrl\":\"https:\\\/\\\/borderlessmag.org\\\/wordpress\\\/wp-content\\\/uploads\\\/2021\\\/12\\\/B-Logo.png\",\"inLanguage\":\"es\"},{\"@type\":\"WebPage\",\"@id\":\"https:\\\/\\\/borderlessmag.org\\\/contact-us\\\/\",\"url\":\"https:\\\/\\\/borderlessmag.org\\\/contact-us\\\/\",\"name\":\"Contact Us &#8211; Borderless Magazine NFP\",\"isPartOf\":{\"@id\":\"https:\\\/\\\/borderlessmag.org\\\/#website\"},\"primaryImageOfPage\":{\"@id\":\"https:\\\/\\\/borderlessmag.org\\\/contact-us\\\/#primaryimage\"},\"image\":{\"@id\":\"https:\\\/\\\/borderlessmag.org\\\/contact-us\\\/#primaryimage\"},\"thumbnailUrl\":\"https:\\\/\\\/borderlessmag.org\\\/wordpress\\\/wp-content\\\/uploads\\\/2021\\\/12\\\/B-Logo.png\",\"datePublished\":\"2020-02-25T19:24:34+00:00\",\"dateModified\":\"2025-12-19T20:11:33+00:00\",\"description\":\"Contact Us &#8211; Borderless Magazine NFP\",\"inLanguage\":\"es\",\"potentialAction\":[{\"@type\":\"ReadAction\",\"target\":[\"https:\\\/\\\/borderlessmag.org\\\/contact-us\\\/\"]}]},{\"@type\":\"ImageObject\",\"inLanguage\":\"es\",\"@id\":\"https:\\\/\\\/borderlessmag.org\\\/contact-us\\\/#primaryimage\",\"url\":\"https:\\\/\\\/borderlessmag.org\\\/wordpress\\\/wp-content\\\/uploads\\\/2021\\\/12\\\/B-Logo.png\",\"contentUrl\":\"https:\\\/\\\/borderlessmag.org\\\/wordpress\\\/wp-content\\\/uploads\\\/2021\\\/12\\\/B-Logo.png\"},{\"@type\":\"WebSite\",\"@id\":\"https:\\\/\\\/borderlessmag.org\\\/#website\",\"url\":\"https:\\\/\\\/borderlessmag.org\\\/\",\"name\":\"Borderless Magazine NFP\",\"description\":\"Stories about immigration and immigrants\",\"publisher\":{\"@id\":\"https:\\\/\\\/borderlessmag.org\\\/#organization\"},\"alternateName\":\"Borderless\",\"potentialAction\":[{\"@type\":\"SearchAction\",\"target\":{\"@type\":\"EntryPoint\",\"urlTemplate\":\"https:\\\/\\\/borderlessmag.org\\\/?s={search_term_string}\"},\"query-input\":{\"@type\":\"PropertyValueSpecification\",\"valueRequired\":true,\"valueName\":\"search_term_string\"}}],\"inLanguage\":\"es\"},{\"@type\":\"Organization\",\"@id\":\"https:\\\/\\\/borderlessmag.org\\\/#organization\",\"name\":\"Borderless Magazine NFP\",\"alternateName\":\"Borderless Mag\",\"url\":\"https:\\\/\\\/borderlessmag.org\\\/\",\"logo\":{\"@type\":\"ImageObject\",\"inLanguage\":\"es\",\"@id\":\"https:\\\/\\\/borderlessmag.org\\\/#\\\/schema\\\/logo\\\/image\\\/\",\"url\":\"https:\\\/\\\/borderlessmag.org\\\/wordpress\\\/wp-content\\\/uploads\\\/2025\\\/08\\\/BorderlessLogo_main_square.jpg\",\"contentUrl\":\"https:\\\/\\\/borderlessmag.org\\\/wordpress\\\/wp-content\\\/uploads\\\/2025\\\/08\\\/BorderlessLogo_main_square.jpg\",\"width\":696,\"height\":696,\"caption\":\"Borderless Magazine NFP\"},\"image\":{\"@id\":\"https:\\\/\\\/borderlessmag.org\\\/#\\\/schema\\\/logo\\\/image\\\/\"},\"sameAs\":[\"https:\\\/\\\/www.facebook.com\\\/BorderlessMagazine\",\"https:\\\/\\\/www.instagram.com\\\/borderless_mag\\\/\",\"https:\\\/\\\/www.tiktok.com\\\/@borderless_mag\"]},{\"@type\":\"Person\",\"@id\":\"https:\\\/\\\/borderlessmag.org\\\/#\\\/schema\\\/person\\\/9e1f6ef1d1399b3c22a3df50fa970740\",\"name\":\"Nissa Rhee\",\"image\":{\"@type\":\"ImageObject\",\"inLanguage\":\"es\",\"@id\":\"https:\\\/\\\/secure.gravatar.com\\\/avatar\\\/343701f977b46053f6602c06aae6fe8224c8310bb9e2931b66e3a2a9041f4306?s=96&d=mm&r=ga78406e3af194ed17f6d178b0e1e9952\",\"url\":\"https:\\\/\\\/secure.gravatar.com\\\/avatar\\\/343701f977b46053f6602c06aae6fe8224c8310bb9e2931b66e3a2a9041f4306?s=96&d=mm&r=g\",\"contentUrl\":\"https:\\\/\\\/secure.gravatar.com\\\/avatar\\\/343701f977b46053f6602c06aae6fe8224c8310bb9e2931b66e3a2a9041f4306?s=96&d=mm&r=g\",\"caption\":\"Nissa Rhee\"},\"description\":\"Nissa is a Peabody-award nominated journalist whose work has appeared in The Christian Science Monitor and Chicago magazine, among others. In her 15-year career, she has covered global issues as a producer at Chicago Public Radio, served as a foreign correspondent in South Korea and Vietnam, and reported on police abuse and gun violence in Chicago. In 2019, she received the Chicago Headline Club award for best online feature story. Previously, she served as a reporting fellow at the Dart Center for Journalism and Trauma and a juvenile justice reporting fellow at the John Jay College of Criminal Justice. She holds a bachelor\u2019s degree from the University of Chicago and a Master\u2019s degree in International Studies from the University of Queensland\",\"url\":\"https:\\\/\\\/borderlessmag.org\\\/es\\\/author\\\/nissa-rhee\\\/\"}]}<\/script>\n<!-- \/ Yoast SEO Premium plugin. -->","yoast_head_json":{"title":"Cont\u00e1ctenos - Borderless Magazine NFP","description":"Cont\u00e1ctenos - Borderless Magazine NFP","robots":{"index":"index","follow":"follow","max-snippet":"max-snippet:-1","max-image-preview":"max-image-preview:large","max-video-preview":"max-video-preview:-1"},"canonical":"https:\/\/borderlessmag.org\/es\/contacto\/","og_locale":"es_MX","og_type":"article","og_title":"Contact Us &#8211; Borderless Magazine NFP","og_description":"Contact Us &#8211; Borderless Magazine NFP","og_url":"https:\/\/borderlessmag.org\/es\/contacto\/","og_site_name":"Borderless Magazine NFP","article_publisher":"https:\/\/www.facebook.com\/BorderlessMagazine","article_modified_time":"2025-12-19T20:11:33+00:00","og_image":[{"url":"https:\/\/widgets.guidestar.org\/TransparencySeal\/9811343","type":"","width":"","height":""}],"twitter_card":"summary_large_image","twitter_misc":{"Tiempo de lectura":"1 minuto","Written by":"Nissa Rhee"},"schema":{"@context":"https:\/\/schema.org","@graph":[{"@type":"NewsArticle","@id":"https:\/\/borderlessmag.org\/contact-us\/#article","isPartOf":{"@id":"https:\/\/borderlessmag.org\/contact-us\/"},"author":{"name":"Nissa Rhee","@id":"https:\/\/borderlessmag.org\/#\/schema\/person\/9e1f6ef1d1399b3c22a3df50fa970740"},"headline":"Contact Us","datePublished":"2020-02-25T19:24:34+00:00","dateModified":"2025-12-19T20:11:33+00:00","mainEntityOfPage":{"@id":"https:\/\/borderlessmag.org\/contact-us\/"},"wordCount":235,"publisher":{"@id":"https:\/\/borderlessmag.org\/#organization"},"image":{"@id":"https:\/\/borderlessmag.org\/contact-us\/#primaryimage"},"thumbnailUrl":"https:\/\/borderlessmag.org\/wordpress\/wp-content\/uploads\/2021\/12\/B-Logo.png","inLanguage":"es"},{"@type":"WebPage","@id":"https:\/\/borderlessmag.org\/contact-us\/","url":"https:\/\/borderlessmag.org\/contact-us\/","name":"Cont\u00e1ctenos - Borderless Magazine NFP","isPartOf":{"@id":"https:\/\/borderlessmag.org\/#website"},"primaryImageOfPage":{"@id":"https:\/\/borderlessmag.org\/contact-us\/#primaryimage"},"image":{"@id":"https:\/\/borderlessmag.org\/contact-us\/#primaryimage"},"thumbnailUrl":"https:\/\/borderlessmag.org\/wordpress\/wp-content\/uploads\/2021\/12\/B-Logo.png","datePublished":"2020-02-25T19:24:34+00:00","dateModified":"2025-12-19T20:11:33+00:00","description":"Cont\u00e1ctenos - Borderless Magazine NFP","inLanguage":"es","potentialAction":[{"@type":"ReadAction","target":["https:\/\/borderlessmag.org\/contact-us\/"]}]},{"@type":"ImageObject","inLanguage":"es","@id":"https:\/\/borderlessmag.org\/contact-us\/#primaryimage","url":"https:\/\/borderlessmag.org\/wordpress\/wp-content\/uploads\/2021\/12\/B-Logo.png","contentUrl":"https:\/\/borderlessmag.org\/wordpress\/wp-content\/uploads\/2021\/12\/B-Logo.png"},{"@type":"WebSite","@id":"https:\/\/borderlessmag.org\/#website","url":"https:\/\/borderlessmag.org\/","name":"Revista Borderless NFP","description":"Historias sobre inmigraci\u00f3n e inmigrantes","publisher":{"@id":"https:\/\/borderlessmag.org\/#organization"},"alternateName":"Borderless","potentialAction":[{"@type":"SearchAction","target":{"@type":"EntryPoint","urlTemplate":"https:\/\/borderlessmag.org\/?s={search_term_string}"},"query-input":{"@type":"PropertyValueSpecification","valueRequired":true,"valueName":"search_term_string"}}],"inLanguage":"es"},{"@type":"Organization","@id":"https:\/\/borderlessmag.org\/#organization","name":"Revista Borderless NFP","alternateName":"Borderless Mag","url":"https:\/\/borderlessmag.org\/","logo":{"@type":"ImageObject","inLanguage":"es","@id":"https:\/\/borderlessmag.org\/#\/schema\/logo\/image\/","url":"https:\/\/borderlessmag.org\/wordpress\/wp-content\/uploads\/2025\/08\/BorderlessLogo_main_square.jpg","contentUrl":"https:\/\/borderlessmag.org\/wordpress\/wp-content\/uploads\/2025\/08\/BorderlessLogo_main_square.jpg","width":696,"height":696,"caption":"Borderless Magazine NFP"},"image":{"@id":"https:\/\/borderlessmag.org\/#\/schema\/logo\/image\/"},"sameAs":["https:\/\/www.facebook.com\/BorderlessMagazine","https:\/\/www.instagram.com\/borderless_mag\/","https:\/\/www.tiktok.com\/@borderless_mag"]},{"@type":"Person","@id":"https:\/\/borderlessmag.org\/#\/schema\/person\/9e1f6ef1d1399b3c22a3df50fa970740","name":"Nissa Rhee","image":{"@type":"ImageObject","inLanguage":"es","@id":"https:\/\/secure.gravatar.com\/avatar\/343701f977b46053f6602c06aae6fe8224c8310bb9e2931b66e3a2a9041f4306?s=96&d=mm&r=ga78406e3af194ed17f6d178b0e1e9952","url":"https:\/\/secure.gravatar.com\/avatar\/343701f977b46053f6602c06aae6fe8224c8310bb9e2931b66e3a2a9041f4306?s=96&d=mm&r=g","contentUrl":"https:\/\/secure.gravatar.com\/avatar\/343701f977b46053f6602c06aae6fe8224c8310bb9e2931b66e3a2a9041f4306?s=96&d=mm&r=g","caption":"Nissa Rhee"},"description":"Nissa es una periodista nominada al premio Peabody cuyo trabajo ha aparecido en The Christian Science Monitor y la revista Chicago, entre otros. En sus 15 a\u00f1os de carrera, ha cubierto temas globales como productora en Chicago Public Radio, ha sido corresponsal extranjera en Corea del Sur y Vietnam, y ha informado sobre abusos policiales y violencia armada en Chicago. En 2019, recibi\u00f3 el premio Chicago Headline Club al mejor reportaje en l\u00ednea. Anteriormente, fue becaria de reportaje en el Dart Center for Journalism and Trauma y becaria de reportaje sobre justicia juvenil en el John Jay College of Criminal Justice. Es licenciada por la Universidad de Chicago y tiene un m\u00e1ster en Estudios Internacionales por la Universidad de Queensland.","url":"https:\/\/borderlessmag.org\/es\/author\/nissa-rhee\/"}]}},"_links":{"self":[{"href":"https:\/\/borderlessmag.org\/es\/wp-json\/wp\/v2\/pages\/2235","targetHints":{"allow":["GET"]}}],"collection":[{"href":"https:\/\/borderlessmag.org\/es\/wp-json\/wp\/v2\/pages"}],"about":[{"href":"https:\/\/borderlessmag.org\/es\/wp-json\/wp\/v2\/types\/page"}],"author":[{"embeddable":true,"href":"https:\/\/borderlessmag.org\/es\/wp-json\/wp\/v2\/users\/7"}],"replies":[{"embeddable":true,"href":"https:\/\/borderlessmag.org\/es\/wp-json\/wp\/v2\/comments?post=2235"}],"version-history":[{"count":3,"href":"https:\/\/borderlessmag.org\/es\/wp-json\/wp\/v2\/pages\/2235\/revisions"}],"predecessor-version":[{"id":31541,"href":"https:\/\/borderlessmag.org\/es\/wp-json\/wp\/v2\/pages\/2235\/revisions\/31541"}],"wp:featuredmedia":[{"embeddable":true,"href":"https:\/\/borderlessmag.org\/es\/wp-json\/wp\/v2\/media\/8441"}],"wp:attachment":[{"href":"https:\/\/borderlessmag.org\/es\/wp-json\/wp\/v2\/media?parent=2235"}],"wp:term":[{"taxonomy":"author","embeddable":true,"href":"https:\/\/borderlessmag.org\/es\/wp-json\/wp\/v2\/coauthors?post=2235"}],"curies":[{"name":"wp","href":"https:\/\/api.w.org\/{rel}","templated":true}]}}