{"id":2232,"date":"2020-02-25T19:23:20","date_gmt":"2020-02-25T19:23:20","guid":{"rendered":"http:\/\/borderlessmag.org\/?page_id=2232"},"modified":"2021-12-20T17:04:58","modified_gmt":"2021-12-20T23:04:58","slug":"mision","status":"publish","type":"page","link":"https:\/\/borderlessmag.org\/es\/mission\/","title":{"rendered":"Nuestra misi\u00f3n"},"content":{"rendered":"<div id=\"fws_69e4a17b16b23\"  data-column-margin=\"default\" data-midnight=\"dark\" data-top-percent=\"2%\"  class=\"wpb_row vc_row-fluid vc_row\"  style=\"padding-top: calc(100vw * 0.02); padding-bottom: 0px; \"><div class=\"row-bg-wrap\" data-bg-animation=\"none\" data-bg-animation-delay=\"\" data-bg-overlay=\"false\"><div class=\"inner-wrap row-bg-layer\" ><div class=\"row-bg viewport-desktop\"  style=\"\"><\/div><\/div><\/div><div class=\"row_col_wrap_12 col span_12 dark left\">\n\t<div  class=\"vc_col-sm-12 wpb_column column_container vc_column_container col no-extra-padding inherit_tablet inherit_phone\"  data-padding-pos=\"all\" data-has-bg-color=\"false\" data-bg-color=\"\" data-bg-opacity=\"1\" data-animation=\"\" data-delay=\"0\" >\n\t\t<div class=\"vc_column-inner\" >\n\t\t\t<div class=\"wpb_wrapper\">\n\t\t\t\t\n<div class=\"wpb_text_column wpb_content_element\" >\n\t<p>Borderless Magazine NFP es un medio de comunicaci\u00f3n sin \u00e1nimo de lucro que reimagina el periodismo de inmigraci\u00f3n para un futuro m\u00e1s justo y equitativo.<\/p>\n<p>El trabajo de la organizaci\u00f3n sin \u00e1nimo de lucro se centra en:<\/p>\n<ul>\n<li>Reportajes: Borderless cubre temas laborales, de justicia y defensa que afectan a las comunidades inmigrantes del Medio Oeste a trav\u00e9s de una lente de equidad y resiliencia. En 2020, el 94% de nuestras historias fueron escritas, fotografiadas o ilustradas por personas procedentes de comunidades africanas, latinas, asi\u00e1ticas, ind\u00edgenas o de Oriente Medio, y el 45% se publicaron en un idioma distinto del ingl\u00e9s.<\/li>\n<li>Caminos: Borderless ofrece v\u00edas para que periodistas emergentes de comunidades inmigrantes y otras comunidades marginadas informen sobre inmigraci\u00f3n y aprendan de periodistas profesionales. Asesoramos a periodistas emergentes mediante una combinaci\u00f3n de pr\u00e1cticas remuneradas y no remuneradas, becas y proyectos puntuales. Nuestro galardonado equipo ofrece a los alumnos una formaci\u00f3n completa en entrevistas, redacci\u00f3n, investigaci\u00f3n y narraci\u00f3n visual.<\/li>\n<li>Laboratorio de informaci\u00f3n sobre inmigraci\u00f3n: Borderless ofrece a periodistas y redacciones las herramientas que necesitan para informar responsablemente sobre inmigraci\u00f3n. Esto incluye nuestro <a href=\"https:\/\/borderlessmag.org\/es\/segun-el-metodo\/\">M\u00e9todo As-Told-To<\/a>que ayuda a los periodistas a informar con inmigrantes para servir mejor a los lectores y a las comunidades que cubrimos. Ofrecemos talleres de formaci\u00f3n a redacciones y asociaciones de periodistas, damos a otros medios la oportunidad de volver a publicar nuestras historias y colaboramos con otros medios en proyectos informativos de mayor envergadura.<\/li>\n<\/ul>\n<p>Estos tres programas responden a las necesidades informativas y ling\u00fc\u00edsticas de los inmigrantes y pretenden crear un panorama medi\u00e1tico m\u00e1s representativo que incluya sus voces y experiencias.<\/p>\n<p>Borderless Magazine NFP es una organizaci\u00f3n ben\u00e9fica de la Secci\u00f3n 501(c) (3), EIN 83-1266434. Todas las donaciones se consideran deducibles de impuestos, salvo las limitaciones de deducibilidad aplicables a un contribuyente concreto.<\/p>\n<h3 id=\"history\">Historia<\/h3>\n<p>Fundado en 2017 como 90 Days, 90 Voices NFP por Sarah Conway, Alex Hern\u00e1ndez y Nissa Rhee, nuestro trabajo ha aparecido en la Radio P\u00fablica de Chicago, la Televisi\u00f3n P\u00fablica de Wisconsin y en Block Club Chicago. Somos los ganadores del premio \"Best Start-Up\" de la Sociedad de Periodistas Profesionales de Chicago y fuimos finalistas de los premios 2018 de la SPJ de Chicago al \"Mejor reportaje en profundidad en un peri\u00f3dico comunitario\" y al \"Mejor reportaje en profundidad o serie\" y de los premios 2019 a la \"Mejor ilustraci\u00f3n\".<\/p>\n<p>90 d\u00edas, 90 voces comenz\u00f3 como un proyecto de narraci\u00f3n que amplificaba las voces de los inmigrantes locales afectados por las pol\u00edticas nacionales, como la prohibici\u00f3n de viajar a los musulmanes. Dan Rowell se uni\u00f3 al proyecto al principio como ilustrador y luego como director art\u00edstico, y dise\u00f1aron el logotipo de 90 Days, 90 Voices. 90 Days, 90 Voices se constituy\u00f3 como organizaci\u00f3n sin \u00e1nimo de lucro en 2018 con el apoyo de los habitantes de Chicago que exig\u00edan m\u00e1s y mejores reportajes locales sobre inmigraci\u00f3n. Michelle Kanaar se uni\u00f3 al equipo ese a\u00f1o y ayud\u00f3 a cofundar Borderless Magazine. Sarah Conway parti\u00f3 de Borderless Magazine despu\u00e9s de tres a\u00f1os para unirse a City Bureau como su editora gerente de programas de informaci\u00f3n c\u00edvica en 2020.<\/p>\n<p>En octubre de 2019, cambiamos nuestro nombre a Borderless Magazine y lanzamos un sitio web independiente. Ahora publicamos historias cada semana en ingl\u00e9s, as\u00ed como en idiomas como espa\u00f1ol, \u00e1rabe, mandar\u00edn y filipino.<\/p>\n<h3 id=\"editorial-independence-policy\">Pol\u00edtica de independencia editorial<\/h3>\n<p>Somos miembros de la <a href=\"http:\/\/inn.org\" target=\"_blank\" rel=\"noopener\">Instituto de Noticias sobre las Organizaciones sin \u00c1nimo de Lucro<\/a> y suscribimos sus normas de independencia editorial:<\/p>\n<p>Nuestra organizaci\u00f3n conserva plena autoridad sobre el contenido editorial para proteger los mejores intereses period\u00edsticos y empresariales de nuestra organizaci\u00f3n. Mantenemos un cortafuegos entre las decisiones de cobertura informativa y las fuentes de todos los ingresos. La aceptaci\u00f3n de apoyo financiero no constituye una aprobaci\u00f3n impl\u00edcita o real de los donantes o de sus productos, servicios u opiniones.<\/p>\n<p>Aceptamos donaciones, subvenciones y patrocinios de particulares y organizaciones para el sostenimiento general de nuestras actividades, pero nuestras decisiones informativas se toman de forma independiente y no en funci\u00f3n del apoyo de los donantes.<\/p>\n<p>Nuestra organizaci\u00f3n puede considerar la posibilidad de hacer donaciones para apoyar la cobertura de temas concretos, pero mantiene el control editorial de la cobertura. No cederemos ning\u00fan derecho de revisi\u00f3n o influencia del contenido editorial, ni de distribuci\u00f3n no autorizada del contenido editorial.<\/p>\n<p>Nuestra organizaci\u00f3n har\u00e1 p\u00fablicos todos los donantes que aporten un total de $5.000 o m\u00e1s al a\u00f1o. Aceptaremos donaciones an\u00f3nimas para apoyo general s\u00f3lo si est\u00e1 claro que se han establecido suficientes salvaguardias de que el gasto de esa donaci\u00f3n se realiza de forma independiente por nuestra organizaci\u00f3n y de conformidad con las Normas de afiliaci\u00f3n de la INN.<\/p>\n<\/div>\n\n\n\n\n\t\t\t<\/div> \n\t\t<\/div>\n\t<\/div> \n<\/div><\/div>","protected":false},"excerpt":{"rendered":"Borderless Magazine NFP es un medio de comunicaci\u00f3n sin \u00e1nimo de lucro que reimagina el periodismo de inmigraci\u00f3n para un futuro m\u00e1s justo y equitativo. El trabajo de la organizaci\u00f3n se centra en Informar: Borderless cubre temas de trabajo, justicia y defensa que afectan a las comunidades inmigrantes del Medio Oeste a trav\u00e9s de una lente de equidad y resiliencia. En 2020, el 94% de nuestras historias fueron escritas, fotografiadas o ilustradas por personas procedentes de comunidades africanas, latinas, asi\u00e1ticas, ind\u00edgenas o de Oriente Medio, y el 45% de nuestras historias se publicaron en un idioma distinto del ingl\u00e9s. Caminos: Borderless ofrece v\u00edas para que periodistas emergentes de comunidades inmigrantes y otras comunidades marginadas informen sobre inmigraci\u00f3n y...","protected":false},"author":7,"featured_media":8441,"parent":0,"menu_order":0,"comment_status":"closed","ping_status":"closed","template":"","meta":{"inline_featured_image":false,"footnotes":""},"coauthors":[213],"class_list":["post-2232","page","type-page","status-publish","has-post-thumbnail"],"yoast_head":"<!-- This site is optimized with the Yoast SEO Premium plugin v27.3 (Yoast SEO v27.3) - https:\/\/yoast.com\/product\/yoast-seo-premium-wordpress\/ -->\n<title>Our Mission &#8211; Borderless Magazine NFP<\/title>\n<meta name=\"description\" content=\"Our Mission &#8211; Borderless Magazine NFP\" \/>\n<meta name=\"robots\" content=\"index, follow, max-snippet:-1, max-image-preview:large, max-video-preview:-1\" \/>\n<link rel=\"canonical\" href=\"https:\/\/borderlessmag.org\/es\/mision\/\" \/>\n<meta property=\"og:locale\" content=\"es_MX\" \/>\n<meta property=\"og:type\" content=\"article\" \/>\n<meta property=\"og:title\" content=\"Our Mission &#8211; Borderless Magazine NFP\" \/>\n<meta property=\"og:description\" content=\"Our Mission &#8211; Borderless Magazine NFP\" \/>\n<meta property=\"og:url\" content=\"https:\/\/borderlessmag.org\/es\/mision\/\" \/>\n<meta property=\"og:site_name\" content=\"Borderless Magazine NFP\" \/>\n<meta property=\"article:publisher\" content=\"https:\/\/www.facebook.com\/BorderlessMagazine\" \/>\n<meta property=\"article:modified_time\" content=\"2021-12-20T23:04:58+00:00\" \/>\n<meta property=\"og:image\" content=\"https:\/\/borderlessmag.org\/wordpress\/wp-content\/uploads\/2021\/12\/B-Logo.png\" \/>\n\t<meta property=\"og:image:width\" content=\"200\" \/>\n\t<meta property=\"og:image:height\" content=\"200\" \/>\n\t<meta property=\"og:image:type\" content=\"image\/png\" \/>\n<meta name=\"twitter:card\" content=\"summary_large_image\" \/>\n<meta name=\"twitter:label1\" content=\"Tiempo de lectura\" \/>\n\t<meta name=\"twitter:data1\" content=\"4 minutos\" \/>\n\t<meta name=\"twitter:label2\" content=\"Written by\" \/>\n\t<meta name=\"twitter:data2\" content=\"Nissa Rhee\" \/>\n<script type=\"application\/ld+json\" class=\"yoast-schema-graph\">{\"@context\":\"https:\\\/\\\/schema.org\",\"@graph\":[{\"@type\":\"NewsArticle\",\"@id\":\"https:\\\/\\\/borderlessmag.org\\\/mission\\\/#article\",\"isPartOf\":{\"@id\":\"https:\\\/\\\/borderlessmag.org\\\/mission\\\/\"},\"author\":{\"name\":\"Nissa Rhee\",\"@id\":\"https:\\\/\\\/borderlessmag.org\\\/#\\\/schema\\\/person\\\/9e1f6ef1d1399b3c22a3df50fa970740\"},\"headline\":\"Our Mission\",\"datePublished\":\"2020-02-25T19:23:20+00:00\",\"dateModified\":\"2021-12-20T23:04:58+00:00\",\"mainEntityOfPage\":{\"@id\":\"https:\\\/\\\/borderlessmag.org\\\/mission\\\/\"},\"wordCount\":803,\"publisher\":{\"@id\":\"https:\\\/\\\/borderlessmag.org\\\/#organization\"},\"image\":{\"@id\":\"https:\\\/\\\/borderlessmag.org\\\/mission\\\/#primaryimage\"},\"thumbnailUrl\":\"https:\\\/\\\/borderlessmag.org\\\/wordpress\\\/wp-content\\\/uploads\\\/2021\\\/12\\\/B-Logo.png\",\"inLanguage\":\"es\"},{\"@type\":\"WebPage\",\"@id\":\"https:\\\/\\\/borderlessmag.org\\\/mission\\\/\",\"url\":\"https:\\\/\\\/borderlessmag.org\\\/mission\\\/\",\"name\":\"Our Mission &#8211; Borderless Magazine NFP\",\"isPartOf\":{\"@id\":\"https:\\\/\\\/borderlessmag.org\\\/#website\"},\"primaryImageOfPage\":{\"@id\":\"https:\\\/\\\/borderlessmag.org\\\/mission\\\/#primaryimage\"},\"image\":{\"@id\":\"https:\\\/\\\/borderlessmag.org\\\/mission\\\/#primaryimage\"},\"thumbnailUrl\":\"https:\\\/\\\/borderlessmag.org\\\/wordpress\\\/wp-content\\\/uploads\\\/2021\\\/12\\\/B-Logo.png\",\"datePublished\":\"2020-02-25T19:23:20+00:00\",\"dateModified\":\"2021-12-20T23:04:58+00:00\",\"description\":\"Our Mission &#8211; Borderless Magazine NFP\",\"inLanguage\":\"es\",\"potentialAction\":[{\"@type\":\"ReadAction\",\"target\":[\"https:\\\/\\\/borderlessmag.org\\\/mission\\\/\"]}]},{\"@type\":\"ImageObject\",\"inLanguage\":\"es\",\"@id\":\"https:\\\/\\\/borderlessmag.org\\\/mission\\\/#primaryimage\",\"url\":\"https:\\\/\\\/borderlessmag.org\\\/wordpress\\\/wp-content\\\/uploads\\\/2021\\\/12\\\/B-Logo.png\",\"contentUrl\":\"https:\\\/\\\/borderlessmag.org\\\/wordpress\\\/wp-content\\\/uploads\\\/2021\\\/12\\\/B-Logo.png\"},{\"@type\":\"WebSite\",\"@id\":\"https:\\\/\\\/borderlessmag.org\\\/#website\",\"url\":\"https:\\\/\\\/borderlessmag.org\\\/\",\"name\":\"Borderless Magazine NFP\",\"description\":\"Stories about immigration and immigrants\",\"publisher\":{\"@id\":\"https:\\\/\\\/borderlessmag.org\\\/#organization\"},\"alternateName\":\"Borderless\",\"potentialAction\":[{\"@type\":\"SearchAction\",\"target\":{\"@type\":\"EntryPoint\",\"urlTemplate\":\"https:\\\/\\\/borderlessmag.org\\\/?s={search_term_string}\"},\"query-input\":{\"@type\":\"PropertyValueSpecification\",\"valueRequired\":true,\"valueName\":\"search_term_string\"}}],\"inLanguage\":\"es\"},{\"@type\":\"Organization\",\"@id\":\"https:\\\/\\\/borderlessmag.org\\\/#organization\",\"name\":\"Borderless Magazine NFP\",\"alternateName\":\"Borderless Mag\",\"url\":\"https:\\\/\\\/borderlessmag.org\\\/\",\"logo\":{\"@type\":\"ImageObject\",\"inLanguage\":\"es\",\"@id\":\"https:\\\/\\\/borderlessmag.org\\\/#\\\/schema\\\/logo\\\/image\\\/\",\"url\":\"https:\\\/\\\/borderlessmag.org\\\/wordpress\\\/wp-content\\\/uploads\\\/2025\\\/08\\\/BorderlessLogo_main_square.jpg\",\"contentUrl\":\"https:\\\/\\\/borderlessmag.org\\\/wordpress\\\/wp-content\\\/uploads\\\/2025\\\/08\\\/BorderlessLogo_main_square.jpg\",\"width\":696,\"height\":696,\"caption\":\"Borderless Magazine NFP\"},\"image\":{\"@id\":\"https:\\\/\\\/borderlessmag.org\\\/#\\\/schema\\\/logo\\\/image\\\/\"},\"sameAs\":[\"https:\\\/\\\/www.facebook.com\\\/BorderlessMagazine\",\"https:\\\/\\\/www.instagram.com\\\/borderless_mag\\\/\",\"https:\\\/\\\/www.tiktok.com\\\/@borderless_mag\"]},{\"@type\":\"Person\",\"@id\":\"https:\\\/\\\/borderlessmag.org\\\/#\\\/schema\\\/person\\\/9e1f6ef1d1399b3c22a3df50fa970740\",\"name\":\"Nissa Rhee\",\"image\":{\"@type\":\"ImageObject\",\"inLanguage\":\"es\",\"@id\":\"https:\\\/\\\/secure.gravatar.com\\\/avatar\\\/343701f977b46053f6602c06aae6fe8224c8310bb9e2931b66e3a2a9041f4306?s=96&d=mm&r=ga78406e3af194ed17f6d178b0e1e9952\",\"url\":\"https:\\\/\\\/secure.gravatar.com\\\/avatar\\\/343701f977b46053f6602c06aae6fe8224c8310bb9e2931b66e3a2a9041f4306?s=96&d=mm&r=g\",\"contentUrl\":\"https:\\\/\\\/secure.gravatar.com\\\/avatar\\\/343701f977b46053f6602c06aae6fe8224c8310bb9e2931b66e3a2a9041f4306?s=96&d=mm&r=g\",\"caption\":\"Nissa Rhee\"},\"description\":\"Nissa is a Peabody-award nominated journalist whose work has appeared in The Christian Science Monitor and Chicago magazine, among others. In her 15-year career, she has covered global issues as a producer at Chicago Public Radio, served as a foreign correspondent in South Korea and Vietnam, and reported on police abuse and gun violence in Chicago. In 2019, she received the Chicago Headline Club award for best online feature story. Previously, she served as a reporting fellow at the Dart Center for Journalism and Trauma and a juvenile justice reporting fellow at the John Jay College of Criminal Justice. She holds a bachelor\u2019s degree from the University of Chicago and a Master\u2019s degree in International Studies from the University of Queensland\",\"url\":\"https:\\\/\\\/borderlessmag.org\\\/es\\\/author\\\/nissa-rhee\\\/\"}]}<\/script>\n<!-- \/ Yoast SEO Premium plugin. -->","yoast_head_json":{"title":"Nuestra misi\u00f3n - Borderless Magazine NFP","description":"Nuestra misi\u00f3n - Borderless Magazine NFP","robots":{"index":"index","follow":"follow","max-snippet":"max-snippet:-1","max-image-preview":"max-image-preview:large","max-video-preview":"max-video-preview:-1"},"canonical":"https:\/\/borderlessmag.org\/es\/mision\/","og_locale":"es_MX","og_type":"article","og_title":"Our Mission &#8211; Borderless Magazine NFP","og_description":"Our Mission &#8211; Borderless Magazine NFP","og_url":"https:\/\/borderlessmag.org\/es\/mision\/","og_site_name":"Borderless Magazine NFP","article_publisher":"https:\/\/www.facebook.com\/BorderlessMagazine","article_modified_time":"2021-12-20T23:04:58+00:00","og_image":[{"width":200,"height":200,"url":"https:\/\/borderlessmag.org\/wordpress\/wp-content\/uploads\/2021\/12\/B-Logo.png","type":"image\/png"}],"twitter_card":"summary_large_image","twitter_misc":{"Tiempo de lectura":"4 minutos","Written by":"Nissa Rhee"},"schema":{"@context":"https:\/\/schema.org","@graph":[{"@type":"NewsArticle","@id":"https:\/\/borderlessmag.org\/mission\/#article","isPartOf":{"@id":"https:\/\/borderlessmag.org\/mission\/"},"author":{"name":"Nissa Rhee","@id":"https:\/\/borderlessmag.org\/#\/schema\/person\/9e1f6ef1d1399b3c22a3df50fa970740"},"headline":"Our Mission","datePublished":"2020-02-25T19:23:20+00:00","dateModified":"2021-12-20T23:04:58+00:00","mainEntityOfPage":{"@id":"https:\/\/borderlessmag.org\/mission\/"},"wordCount":803,"publisher":{"@id":"https:\/\/borderlessmag.org\/#organization"},"image":{"@id":"https:\/\/borderlessmag.org\/mission\/#primaryimage"},"thumbnailUrl":"https:\/\/borderlessmag.org\/wordpress\/wp-content\/uploads\/2021\/12\/B-Logo.png","inLanguage":"es"},{"@type":"WebPage","@id":"https:\/\/borderlessmag.org\/mission\/","url":"https:\/\/borderlessmag.org\/mission\/","name":"Nuestra misi\u00f3n - Borderless Magazine NFP","isPartOf":{"@id":"https:\/\/borderlessmag.org\/#website"},"primaryImageOfPage":{"@id":"https:\/\/borderlessmag.org\/mission\/#primaryimage"},"image":{"@id":"https:\/\/borderlessmag.org\/mission\/#primaryimage"},"thumbnailUrl":"https:\/\/borderlessmag.org\/wordpress\/wp-content\/uploads\/2021\/12\/B-Logo.png","datePublished":"2020-02-25T19:23:20+00:00","dateModified":"2021-12-20T23:04:58+00:00","description":"Nuestra misi\u00f3n - Borderless Magazine NFP","inLanguage":"es","potentialAction":[{"@type":"ReadAction","target":["https:\/\/borderlessmag.org\/mission\/"]}]},{"@type":"ImageObject","inLanguage":"es","@id":"https:\/\/borderlessmag.org\/mission\/#primaryimage","url":"https:\/\/borderlessmag.org\/wordpress\/wp-content\/uploads\/2021\/12\/B-Logo.png","contentUrl":"https:\/\/borderlessmag.org\/wordpress\/wp-content\/uploads\/2021\/12\/B-Logo.png"},{"@type":"WebSite","@id":"https:\/\/borderlessmag.org\/#website","url":"https:\/\/borderlessmag.org\/","name":"Revista Borderless NFP","description":"Historias sobre inmigraci\u00f3n e inmigrantes","publisher":{"@id":"https:\/\/borderlessmag.org\/#organization"},"alternateName":"Borderless","potentialAction":[{"@type":"SearchAction","target":{"@type":"EntryPoint","urlTemplate":"https:\/\/borderlessmag.org\/?s={search_term_string}"},"query-input":{"@type":"PropertyValueSpecification","valueRequired":true,"valueName":"search_term_string"}}],"inLanguage":"es"},{"@type":"Organization","@id":"https:\/\/borderlessmag.org\/#organization","name":"Revista Borderless NFP","alternateName":"Borderless Mag","url":"https:\/\/borderlessmag.org\/","logo":{"@type":"ImageObject","inLanguage":"es","@id":"https:\/\/borderlessmag.org\/#\/schema\/logo\/image\/","url":"https:\/\/borderlessmag.org\/wordpress\/wp-content\/uploads\/2025\/08\/BorderlessLogo_main_square.jpg","contentUrl":"https:\/\/borderlessmag.org\/wordpress\/wp-content\/uploads\/2025\/08\/BorderlessLogo_main_square.jpg","width":696,"height":696,"caption":"Borderless Magazine NFP"},"image":{"@id":"https:\/\/borderlessmag.org\/#\/schema\/logo\/image\/"},"sameAs":["https:\/\/www.facebook.com\/BorderlessMagazine","https:\/\/www.instagram.com\/borderless_mag\/","https:\/\/www.tiktok.com\/@borderless_mag"]},{"@type":"Person","@id":"https:\/\/borderlessmag.org\/#\/schema\/person\/9e1f6ef1d1399b3c22a3df50fa970740","name":"Nissa Rhee","image":{"@type":"ImageObject","inLanguage":"es","@id":"https:\/\/secure.gravatar.com\/avatar\/343701f977b46053f6602c06aae6fe8224c8310bb9e2931b66e3a2a9041f4306?s=96&d=mm&r=ga78406e3af194ed17f6d178b0e1e9952","url":"https:\/\/secure.gravatar.com\/avatar\/343701f977b46053f6602c06aae6fe8224c8310bb9e2931b66e3a2a9041f4306?s=96&d=mm&r=g","contentUrl":"https:\/\/secure.gravatar.com\/avatar\/343701f977b46053f6602c06aae6fe8224c8310bb9e2931b66e3a2a9041f4306?s=96&d=mm&r=g","caption":"Nissa Rhee"},"description":"Nissa es una periodista nominada al premio Peabody cuyo trabajo ha aparecido en The Christian Science Monitor y la revista Chicago, entre otros. En sus 15 a\u00f1os de carrera, ha cubierto temas globales como productora en Chicago Public Radio, ha sido corresponsal extranjera en Corea del Sur y Vietnam, y ha informado sobre abusos policiales y violencia armada en Chicago. En 2019, recibi\u00f3 el premio Chicago Headline Club al mejor reportaje en l\u00ednea. Anteriormente, fue becaria de reportaje en el Dart Center for Journalism and Trauma y becaria de reportaje sobre justicia juvenil en el John Jay College of Criminal Justice. Es licenciada por la Universidad de Chicago y tiene un m\u00e1ster en Estudios Internacionales por la Universidad de Queensland.","url":"https:\/\/borderlessmag.org\/es\/author\/nissa-rhee\/"}]}},"_links":{"self":[{"href":"https:\/\/borderlessmag.org\/es\/wp-json\/wp\/v2\/pages\/2232","targetHints":{"allow":["GET"]}}],"collection":[{"href":"https:\/\/borderlessmag.org\/es\/wp-json\/wp\/v2\/pages"}],"about":[{"href":"https:\/\/borderlessmag.org\/es\/wp-json\/wp\/v2\/types\/page"}],"author":[{"embeddable":true,"href":"https:\/\/borderlessmag.org\/es\/wp-json\/wp\/v2\/users\/7"}],"replies":[{"embeddable":true,"href":"https:\/\/borderlessmag.org\/es\/wp-json\/wp\/v2\/comments?post=2232"}],"version-history":[{"count":0,"href":"https:\/\/borderlessmag.org\/es\/wp-json\/wp\/v2\/pages\/2232\/revisions"}],"wp:featuredmedia":[{"embeddable":true,"href":"https:\/\/borderlessmag.org\/es\/wp-json\/wp\/v2\/media\/8441"}],"wp:attachment":[{"href":"https:\/\/borderlessmag.org\/es\/wp-json\/wp\/v2\/media?parent=2232"}],"wp:term":[{"taxonomy":"author","embeddable":true,"href":"https:\/\/borderlessmag.org\/es\/wp-json\/wp\/v2\/coauthors?post=2232"}],"curies":[{"name":"wp","href":"https:\/\/api.w.org\/{rel}","templated":true}]}}