{"id":1489,"date":"2019-10-23T08:56:24","date_gmt":"2019-10-23T08:56:24","guid":{"rendered":"http:\/\/borderlessmag.org\/?page_id=1489"},"modified":"2023-08-01T22:02:09","modified_gmt":"2023-08-02T03:02:09","slug":"simpatizantes","status":"publish","type":"page","link":"https:\/\/borderlessmag.org\/es\/supporters\/","title":{"rendered":"Partidarios"},"content":{"rendered":"<div id=\"fws_69e037f7b9f12\"  data-column-margin=\"default\" data-midnight=\"dark\" data-top-percent=\"2%\"  class=\"wpb_row vc_row-fluid vc_row vc_row-o-equal-height vc_row-flex\"  style=\"padding-top: calc(100vw * 0.02); padding-bottom: 0px; \"><div class=\"row-bg-wrap\" data-bg-animation=\"none\" data-bg-animation-delay=\"\" data-bg-overlay=\"false\"><div class=\"inner-wrap row-bg-layer\" ><div class=\"row-bg viewport-desktop\"  style=\"\"><\/div><\/div><\/div><div class=\"row_col_wrap_12 col span_12 dark left\">\n\t<div  class=\"vc_col-sm-12 wpb_column column_container vc_column_container col no-extra-padding inherit_tablet inherit_phone\"  data-padding-pos=\"all\" data-has-bg-color=\"false\" data-bg-color=\"\" data-bg-opacity=\"1\" data-animation=\"\" data-delay=\"0\" >\n\t\t<div class=\"vc_column-inner\" >\n\t\t\t<div class=\"wpb_wrapper\">\n\t\t\t\t\n<div class=\"wpb_text_column wpb_content_element\" >\n\t<h3 id=\"thank-you\">Gracias<\/h3>\n<p>Estamos muy agradecidos a las numerosas personas y organizaciones que apoyan nuestro trabajo y hacen posible nuestros programas de informaci\u00f3n, formaci\u00f3n de medios de comunicaci\u00f3n y tutor\u00eda.<\/p>\n<p>Borderless Magazine NFP es una organizaci\u00f3n con estatus 501c(3) y todas las donaciones son deducibles de impuestos. Nuestro EIN es 83-1266434.<\/p>\n<\/div>\n\n\n\n\n<div class=\"wpb_text_column wpb_content_element\" >\n\t<h4 id=\"thank-you-to-all-of-our-supporters-including\">Gracias a todos los que nos apoyan:<\/h4>\n<ul>\n<li><a href=\"https:\/\/borealisphilanthropy.org\/grantmaking\/racial-equity-in-journalism-fund\/\">Fondo para la Igualdad Racial en el Periodismo de Borealis Philanthropy<\/a><\/li>\n<li>Fundaci\u00f3n Chicago Headline Club<\/li>\n<li><a href=\"https:\/\/crossroadsfund.org\/\">Fondo Crossroads<\/a><\/li>\n<li><a href=\"https:\/\/www.facebook.com\/journalismproject\">Proyecto de periodismo en Facebook<\/a><\/li>\n<li><a href=\"https:\/\/fieldfoundation.org\/\">Fundaci\u00f3n Field<\/a><\/li>\n<li><a href=\"https:\/\/goodfolk.agency\/\">Agencia GoodFolk<\/a><\/li>\n<li><a href=\"https:\/\/www.groundliftmedia.com\/\">GroundLift Media<\/a><\/li>\n<li><a href=\"https:\/\/www.ilhumanities.org\/\">Humanidades de Illinois<\/a><\/li>\n<li><a href=\"https:\/\/www.iwmf.org\">International Women\u2019s Media Foundation<\/a><\/li>\n<li><a href=\"https:\/\/knightfoundation.org\/\"><span style=\"font-weight: 400;\">Fundaci\u00f3n John S. y James L. Knight<\/span><\/a><\/li>\n<li><a href=\"https:\/\/www.lenfestinstitute.org\/\">Instituto Lenfest de Periodismo<\/a><\/li>\n<li><a href=\"https:\/\/www.localmedia.org\/\">Asociaci\u00f3n de Medios de Comunicaci\u00f3n Locales<\/a><\/li>\n<li><a href=\"https:\/\/donate.mccormickfoundation.org\/\">Fundaci\u00f3n McCormick<\/a><\/li>\n<li><a href=\"https:\/\/pen.org\">PEN Am\u00e9rica<\/a><\/li>\n<li><a href=\"http:\/\/sjnnchicago.medill.northwestern.edu\/\">Nexo de noticias sobre justicia social<\/a><\/li>\n<\/ul>\n<h4 id=\"and-our-167-kickstarter-supporters-including\"><a href=\"https:\/\/www.kickstarter.com\/projects\/366321771\/asylum-city-stories-of-immigration-and-sanctuary\" target=\"_blank\" rel=\"noopener\">Y nuestros 167 partidarios de Kickstarter<\/a>, incluyendo:<\/h4>\n<table>\n<tbody>\n<tr>\n<td>Abdulghani AlKhayat<\/td>\n<td>Jerome y Janet McDonnell<\/td>\n<td>Mike Bacos<\/td>\n<\/tr>\n<tr>\n<td>Amelia Hruby<\/td>\n<td>Joe y Vicki Karlovsky<\/td>\n<td>Miles Kampf-Lassin<\/td>\n<\/tr>\n<tr>\n<td>Andrew Meriwether<\/td>\n<td>Joe Germuska<\/td>\n<td>Nicole Faust<\/td>\n<\/tr>\n<tr>\n<td>Angela Deane<\/td>\n<td>Jonathan Simmons<\/td>\n<td>Olivia Stovicek<\/td>\n<\/tr>\n<tr>\n<td>Anne-Marie Williams<\/td>\n<td>Julie M. Egeland<\/td>\n<td>Paul Ryan<\/td>\n<\/tr>\n<tr>\n<td>Aren Thompson<\/td>\n<td>Justin Williams<\/td>\n<td>ProyectoRosie.nyc<\/td>\n<\/tr>\n<tr>\n<td>Aryeh Bernstein<\/td>\n<td>Kalyn Belsha<\/td>\n<td>Rachel M.<\/td>\n<\/tr>\n<tr>\n<td>Bea Malsky<\/td>\n<td>Kari S Wenger<\/td>\n<td>Roman Lyskowski<\/td>\n<\/tr>\n<tr>\n<td>Benjamin Zack<\/td>\n<td>Kathy Tate-Bradish<\/td>\n<td>Ron y Beverly Thompson<\/td>\n<\/tr>\n<tr>\n<td>Bettina Chang<\/td>\n<td>Kavitha Selvaraj<\/td>\n<td>Ryan J. Smith<\/td>\n<\/tr>\n<tr>\n<td>Brenda K Stewart<\/td>\n<td>Kelly Viselman<\/td>\n<td>Sam Amenn<\/td>\n<\/tr>\n<tr>\n<td>Caitlin Archer-Helke<\/td>\n<td>Kristina Zaremba y Zach Lome<\/td>\n<td>Sean M. y Alli C.<\/td>\n<\/tr>\n<tr>\n<td>Danielle H.<\/td>\n<td>Laura Youngberg, Sociedad Iraqu\u00ed de Ayuda Mutua<\/td>\n<td>Sheila Solomon<\/td>\n<\/tr>\n<tr>\n<td>Deepak Tamasker<\/td>\n<td>Linda Mirza<\/td>\n<td>Tallon Ruen<\/td>\n<\/tr>\n<tr>\n<td>Dylan<\/td>\n<td>Margaret Tazioli<\/td>\n<td>Tania Karas<\/td>\n<\/tr>\n<tr>\n<td>Elaine Waxman<\/td>\n<td>Mari Cohen<\/td>\n<td>La familia Egeland<\/td>\n<\/tr>\n<tr>\n<td>Ellen Mayer<\/td>\n<td>Martha Bayne<\/td>\n<td>Thomas Maluck<\/td>\n<\/tr>\n<tr>\n<td>Gina M. Olson<\/td>\n<td>Megy Karydes<\/td>\n<td>Tim y Nancy Rowell<\/td>\n<\/tr>\n<tr>\n<td>Jason Martin, Universidad DePaul<\/td>\n<td>Michelle<\/td>\n<td>Will Gosner<\/td>\n<\/tr>\n<tr>\n<td>Jen Sabella<\/td>\n<td><\/td>\n<td>Will Guzzardi<\/td>\n<\/tr>\n<\/tbody>\n<\/table>\n<h3 id=\"donor-transparency\">Transparencia de los donantes<\/h3>\n<p>Estamos comprometidos con la transparencia en todos los aspectos de la financiaci\u00f3n de nuestra organizaci\u00f3n.<\/p>\n<p>Aceptar apoyo financiero no significa que respaldemos a los donantes o sus productos, servicios u opiniones.<\/p>\n<p>Aceptamos donaciones, subvenciones y patrocinios de particulares, organizaciones y fundaciones para contribuir a nuestras operaciones generales, la cobertura de temas espec\u00edficos y proyectos especiales. Nuestros juicios sobre las noticias se hacen de forma independiente, no basados en los donantes ni influidos por ellos. No concedemos a quienes nos apoyan derechos de cesi\u00f3n, revisi\u00f3n o edici\u00f3n de contenidos.<\/p>\n<p>Haremos p\u00fablicos todos los donantes que donen $5.000 o m\u00e1s al a\u00f1o. Como organizaci\u00f3n sin \u00e1nimo de lucro, evitaremos aceptar donaciones de fuentes an\u00f3nimas y no aceptaremos donaciones de entidades gubernamentales, partidos pol\u00edticos, cargos electos o candidatos que aspiren activamente a un cargo p\u00fablico. No aceptaremos donaciones de fuentes que, a juicio de nuestro consejo de administraci\u00f3n, presenten un conflicto de intereses con nuestro trabajo o comprometan nuestra independencia.<\/p>\n<\/div>\n\n\n\n\n\t\t\t<\/div> \n\t\t<\/div>\n\t<\/div> \n<\/div><\/div>","protected":false},"excerpt":{"rendered":"Gracias Agradecemos a las numerosas personas y organizaciones que apoyan nuestro trabajo y hacen posible nuestros programas de reportaje, formaci\u00f3n de medios de comunicaci\u00f3n y tutor\u00eda. Borderless Magazine NFP es una organizaci\u00f3n con estatus 501c(3) y todas las donaciones son deducibles de impuestos. Nuestro EIN es 83-1266434. Gracias a todos los que nos apoyan: Borealis Philanthropy's Racial Equity in Journalism Fund Chicago Headline Club Foundation Crossroads Fund Facebook Journalism Project Field Foundation GoodFolk Agency GroundLift Media Illinois Humanities International Women's Media Foundation John S. and James L. Knight Foundation The Lenfest Institute for Journalism Local Media Association McCormick Foundation PEN America Social Justice News...","protected":false},"author":10,"featured_media":8441,"parent":0,"menu_order":0,"comment_status":"closed","ping_status":"closed","template":"","meta":{"inline_featured_image":false,"footnotes":""},"coauthors":[210],"class_list":["post-1489","page","type-page","status-publish","has-post-thumbnail"],"yoast_head":"<!-- This site is optimized with the Yoast SEO Premium plugin v27.3 (Yoast SEO v27.3) - https:\/\/yoast.com\/product\/yoast-seo-premium-wordpress\/ -->\n<title>Supporters &#8211; Borderless Magazine NFP<\/title>\n<meta name=\"description\" content=\"Supporters &#8211; Borderless Magazine NFP\" \/>\n<meta name=\"robots\" content=\"index, follow, max-snippet:-1, max-image-preview:large, max-video-preview:-1\" \/>\n<link rel=\"canonical\" href=\"https:\/\/borderlessmag.org\/es\/simpatizantes\/\" \/>\n<meta property=\"og:locale\" content=\"es_MX\" \/>\n<meta property=\"og:type\" content=\"article\" \/>\n<meta property=\"og:title\" content=\"Supporters &#8211; Borderless Magazine NFP\" \/>\n<meta property=\"og:description\" content=\"Supporters &#8211; Borderless Magazine NFP\" \/>\n<meta property=\"og:url\" content=\"https:\/\/borderlessmag.org\/es\/simpatizantes\/\" \/>\n<meta property=\"og:site_name\" content=\"Borderless Magazine NFP\" \/>\n<meta property=\"article:publisher\" content=\"https:\/\/www.facebook.com\/BorderlessMagazine\" \/>\n<meta property=\"article:modified_time\" content=\"2023-08-02T03:02:09+00:00\" \/>\n<meta property=\"og:image\" content=\"https:\/\/borderlessmag.org\/wordpress\/wp-content\/uploads\/2019\/10\/cropped-cropped-Favicon.png\" \/>\n\t<meta property=\"og:image:width\" content=\"1\" \/>\n\t<meta property=\"og:image:height\" content=\"1\" \/>\n\t<meta property=\"og:image:type\" content=\"image\/png\" \/>\n<meta name=\"twitter:card\" content=\"summary_large_image\" \/>\n<meta name=\"twitter:label1\" content=\"Tiempo de lectura\" \/>\n\t<meta name=\"twitter:data1\" content=\"2 minutos\" \/>\n\t<meta name=\"twitter:label2\" content=\"Written by\" \/>\n\t<meta name=\"twitter:data2\" content=\"gf\" \/>\n<script type=\"application\/ld+json\" class=\"yoast-schema-graph\">{\"@context\":\"https:\\\/\\\/schema.org\",\"@graph\":[{\"@type\":\"NewsArticle\",\"@id\":\"https:\\\/\\\/borderlessmag.org\\\/supporters\\\/#article\",\"isPartOf\":{\"@id\":\"https:\\\/\\\/borderlessmag.org\\\/supporters\\\/\"},\"author\":{\"name\":\"gf\",\"@id\":\"https:\\\/\\\/borderlessmag.org\\\/#\\\/schema\\\/person\\\/8870b4031986632ca21529665a8f0be2\"},\"headline\":\"Supporters\",\"datePublished\":\"2019-10-23T08:56:24+00:00\",\"dateModified\":\"2023-08-02T03:02:09+00:00\",\"mainEntityOfPage\":{\"@id\":\"https:\\\/\\\/borderlessmag.org\\\/supporters\\\/\"},\"wordCount\":573,\"publisher\":{\"@id\":\"https:\\\/\\\/borderlessmag.org\\\/#organization\"},\"image\":{\"@id\":\"https:\\\/\\\/borderlessmag.org\\\/supporters\\\/#primaryimage\"},\"thumbnailUrl\":\"https:\\\/\\\/borderlessmag.org\\\/wordpress\\\/wp-content\\\/uploads\\\/2021\\\/12\\\/B-Logo.png\",\"inLanguage\":\"es\"},{\"@type\":\"WebPage\",\"@id\":\"https:\\\/\\\/borderlessmag.org\\\/supporters\\\/\",\"url\":\"https:\\\/\\\/borderlessmag.org\\\/supporters\\\/\",\"name\":\"Supporters &#8211; Borderless Magazine NFP\",\"isPartOf\":{\"@id\":\"https:\\\/\\\/borderlessmag.org\\\/#website\"},\"primaryImageOfPage\":{\"@id\":\"https:\\\/\\\/borderlessmag.org\\\/supporters\\\/#primaryimage\"},\"image\":{\"@id\":\"https:\\\/\\\/borderlessmag.org\\\/supporters\\\/#primaryimage\"},\"thumbnailUrl\":\"https:\\\/\\\/borderlessmag.org\\\/wordpress\\\/wp-content\\\/uploads\\\/2021\\\/12\\\/B-Logo.png\",\"datePublished\":\"2019-10-23T08:56:24+00:00\",\"dateModified\":\"2023-08-02T03:02:09+00:00\",\"description\":\"Supporters &#8211; Borderless Magazine NFP\",\"inLanguage\":\"es\",\"potentialAction\":[{\"@type\":\"ReadAction\",\"target\":[\"https:\\\/\\\/borderlessmag.org\\\/supporters\\\/\"]}]},{\"@type\":\"ImageObject\",\"inLanguage\":\"es\",\"@id\":\"https:\\\/\\\/borderlessmag.org\\\/supporters\\\/#primaryimage\",\"url\":\"https:\\\/\\\/borderlessmag.org\\\/wordpress\\\/wp-content\\\/uploads\\\/2021\\\/12\\\/B-Logo.png\",\"contentUrl\":\"https:\\\/\\\/borderlessmag.org\\\/wordpress\\\/wp-content\\\/uploads\\\/2021\\\/12\\\/B-Logo.png\"},{\"@type\":\"WebSite\",\"@id\":\"https:\\\/\\\/borderlessmag.org\\\/#website\",\"url\":\"https:\\\/\\\/borderlessmag.org\\\/\",\"name\":\"Borderless Magazine NFP\",\"description\":\"Stories about immigration and immigrants\",\"publisher\":{\"@id\":\"https:\\\/\\\/borderlessmag.org\\\/#organization\"},\"alternateName\":\"Borderless\",\"potentialAction\":[{\"@type\":\"SearchAction\",\"target\":{\"@type\":\"EntryPoint\",\"urlTemplate\":\"https:\\\/\\\/borderlessmag.org\\\/?s={search_term_string}\"},\"query-input\":{\"@type\":\"PropertyValueSpecification\",\"valueRequired\":true,\"valueName\":\"search_term_string\"}}],\"inLanguage\":\"es\"},{\"@type\":\"Organization\",\"@id\":\"https:\\\/\\\/borderlessmag.org\\\/#organization\",\"name\":\"Borderless Magazine NFP\",\"alternateName\":\"Borderless Mag\",\"url\":\"https:\\\/\\\/borderlessmag.org\\\/\",\"logo\":{\"@type\":\"ImageObject\",\"inLanguage\":\"es\",\"@id\":\"https:\\\/\\\/borderlessmag.org\\\/#\\\/schema\\\/logo\\\/image\\\/\",\"url\":\"https:\\\/\\\/borderlessmag.org\\\/wordpress\\\/wp-content\\\/uploads\\\/2025\\\/08\\\/BorderlessLogo_main_square.jpg\",\"contentUrl\":\"https:\\\/\\\/borderlessmag.org\\\/wordpress\\\/wp-content\\\/uploads\\\/2025\\\/08\\\/BorderlessLogo_main_square.jpg\",\"width\":696,\"height\":696,\"caption\":\"Borderless Magazine NFP\"},\"image\":{\"@id\":\"https:\\\/\\\/borderlessmag.org\\\/#\\\/schema\\\/logo\\\/image\\\/\"},\"sameAs\":[\"https:\\\/\\\/www.facebook.com\\\/BorderlessMagazine\",\"https:\\\/\\\/www.instagram.com\\\/borderless_mag\\\/\",\"https:\\\/\\\/www.tiktok.com\\\/@borderless_mag\"]},{\"@type\":\"Person\",\"@id\":\"https:\\\/\\\/borderlessmag.org\\\/#\\\/schema\\\/person\\\/8870b4031986632ca21529665a8f0be2\",\"name\":\"gf\",\"image\":{\"@type\":\"ImageObject\",\"inLanguage\":\"es\",\"@id\":\"https:\\\/\\\/secure.gravatar.com\\\/avatar\\\/01f24aa056594468558b23f3c2fffdda44ad99644246a0db06e8aae5939a8719?s=96&d=mm&r=ged4cd53cf363b0c54a7cf6d87bd2e856\",\"url\":\"https:\\\/\\\/secure.gravatar.com\\\/avatar\\\/01f24aa056594468558b23f3c2fffdda44ad99644246a0db06e8aae5939a8719?s=96&d=mm&r=g\",\"contentUrl\":\"https:\\\/\\\/secure.gravatar.com\\\/avatar\\\/01f24aa056594468558b23f3c2fffdda44ad99644246a0db06e8aae5939a8719?s=96&d=mm&r=g\",\"caption\":\"gf\"},\"url\":\"https:\\\/\\\/borderlessmag.org\\\/es\\\/author\\\/gf\\\/\"}]}<\/script>\n<!-- \/ Yoast SEO Premium plugin. -->","yoast_head_json":{"title":"Partidarios - Revista Borderless NFP","description":"Partidarios - Revista Borderless NFP","robots":{"index":"index","follow":"follow","max-snippet":"max-snippet:-1","max-image-preview":"max-image-preview:large","max-video-preview":"max-video-preview:-1"},"canonical":"https:\/\/borderlessmag.org\/es\/simpatizantes\/","og_locale":"es_MX","og_type":"article","og_title":"Supporters &#8211; Borderless Magazine NFP","og_description":"Supporters &#8211; Borderless Magazine NFP","og_url":"https:\/\/borderlessmag.org\/es\/simpatizantes\/","og_site_name":"Borderless Magazine NFP","article_publisher":"https:\/\/www.facebook.com\/BorderlessMagazine","article_modified_time":"2023-08-02T03:02:09+00:00","og_image":[{"url":"https:\/\/borderlessmag.org\/wordpress\/wp-content\/uploads\/2019\/10\/cropped-cropped-Favicon.png","width":1,"height":1,"type":"image\/png"}],"twitter_card":"summary_large_image","twitter_misc":{"Tiempo de lectura":"2 minutos","Written by":"gf"},"schema":{"@context":"https:\/\/schema.org","@graph":[{"@type":"NewsArticle","@id":"https:\/\/borderlessmag.org\/supporters\/#article","isPartOf":{"@id":"https:\/\/borderlessmag.org\/supporters\/"},"author":{"name":"gf","@id":"https:\/\/borderlessmag.org\/#\/schema\/person\/8870b4031986632ca21529665a8f0be2"},"headline":"Supporters","datePublished":"2019-10-23T08:56:24+00:00","dateModified":"2023-08-02T03:02:09+00:00","mainEntityOfPage":{"@id":"https:\/\/borderlessmag.org\/supporters\/"},"wordCount":573,"publisher":{"@id":"https:\/\/borderlessmag.org\/#organization"},"image":{"@id":"https:\/\/borderlessmag.org\/supporters\/#primaryimage"},"thumbnailUrl":"https:\/\/borderlessmag.org\/wordpress\/wp-content\/uploads\/2021\/12\/B-Logo.png","inLanguage":"es"},{"@type":"WebPage","@id":"https:\/\/borderlessmag.org\/supporters\/","url":"https:\/\/borderlessmag.org\/supporters\/","name":"Partidarios - Revista Borderless NFP","isPartOf":{"@id":"https:\/\/borderlessmag.org\/#website"},"primaryImageOfPage":{"@id":"https:\/\/borderlessmag.org\/supporters\/#primaryimage"},"image":{"@id":"https:\/\/borderlessmag.org\/supporters\/#primaryimage"},"thumbnailUrl":"https:\/\/borderlessmag.org\/wordpress\/wp-content\/uploads\/2021\/12\/B-Logo.png","datePublished":"2019-10-23T08:56:24+00:00","dateModified":"2023-08-02T03:02:09+00:00","description":"Partidarios - Revista Borderless NFP","inLanguage":"es","potentialAction":[{"@type":"ReadAction","target":["https:\/\/borderlessmag.org\/supporters\/"]}]},{"@type":"ImageObject","inLanguage":"es","@id":"https:\/\/borderlessmag.org\/supporters\/#primaryimage","url":"https:\/\/borderlessmag.org\/wordpress\/wp-content\/uploads\/2021\/12\/B-Logo.png","contentUrl":"https:\/\/borderlessmag.org\/wordpress\/wp-content\/uploads\/2021\/12\/B-Logo.png"},{"@type":"WebSite","@id":"https:\/\/borderlessmag.org\/#website","url":"https:\/\/borderlessmag.org\/","name":"Revista Borderless NFP","description":"Historias sobre inmigraci\u00f3n e inmigrantes","publisher":{"@id":"https:\/\/borderlessmag.org\/#organization"},"alternateName":"Borderless","potentialAction":[{"@type":"SearchAction","target":{"@type":"EntryPoint","urlTemplate":"https:\/\/borderlessmag.org\/?s={search_term_string}"},"query-input":{"@type":"PropertyValueSpecification","valueRequired":true,"valueName":"search_term_string"}}],"inLanguage":"es"},{"@type":"Organization","@id":"https:\/\/borderlessmag.org\/#organization","name":"Revista Borderless NFP","alternateName":"Borderless Mag","url":"https:\/\/borderlessmag.org\/","logo":{"@type":"ImageObject","inLanguage":"es","@id":"https:\/\/borderlessmag.org\/#\/schema\/logo\/image\/","url":"https:\/\/borderlessmag.org\/wordpress\/wp-content\/uploads\/2025\/08\/BorderlessLogo_main_square.jpg","contentUrl":"https:\/\/borderlessmag.org\/wordpress\/wp-content\/uploads\/2025\/08\/BorderlessLogo_main_square.jpg","width":696,"height":696,"caption":"Borderless Magazine NFP"},"image":{"@id":"https:\/\/borderlessmag.org\/#\/schema\/logo\/image\/"},"sameAs":["https:\/\/www.facebook.com\/BorderlessMagazine","https:\/\/www.instagram.com\/borderless_mag\/","https:\/\/www.tiktok.com\/@borderless_mag"]},{"@type":"Person","@id":"https:\/\/borderlessmag.org\/#\/schema\/person\/8870b4031986632ca21529665a8f0be2","name":"gf","image":{"@type":"ImageObject","inLanguage":"es","@id":"https:\/\/secure.gravatar.com\/avatar\/01f24aa056594468558b23f3c2fffdda44ad99644246a0db06e8aae5939a8719?s=96&d=mm&r=ged4cd53cf363b0c54a7cf6d87bd2e856","url":"https:\/\/secure.gravatar.com\/avatar\/01f24aa056594468558b23f3c2fffdda44ad99644246a0db06e8aae5939a8719?s=96&d=mm&r=g","contentUrl":"https:\/\/secure.gravatar.com\/avatar\/01f24aa056594468558b23f3c2fffdda44ad99644246a0db06e8aae5939a8719?s=96&d=mm&r=g","caption":"gf"},"url":"https:\/\/borderlessmag.org\/es\/author\/gf\/"}]}},"_links":{"self":[{"href":"https:\/\/borderlessmag.org\/es\/wp-json\/wp\/v2\/pages\/1489","targetHints":{"allow":["GET"]}}],"collection":[{"href":"https:\/\/borderlessmag.org\/es\/wp-json\/wp\/v2\/pages"}],"about":[{"href":"https:\/\/borderlessmag.org\/es\/wp-json\/wp\/v2\/types\/page"}],"author":[{"embeddable":true,"href":"https:\/\/borderlessmag.org\/es\/wp-json\/wp\/v2\/users\/10"}],"replies":[{"embeddable":true,"href":"https:\/\/borderlessmag.org\/es\/wp-json\/wp\/v2\/comments?post=1489"}],"version-history":[{"count":0,"href":"https:\/\/borderlessmag.org\/es\/wp-json\/wp\/v2\/pages\/1489\/revisions"}],"wp:featuredmedia":[{"embeddable":true,"href":"https:\/\/borderlessmag.org\/es\/wp-json\/wp\/v2\/media\/8441"}],"wp:attachment":[{"href":"https:\/\/borderlessmag.org\/es\/wp-json\/wp\/v2\/media?parent=1489"}],"wp:term":[{"taxonomy":"author","embeddable":true,"href":"https:\/\/borderlessmag.org\/es\/wp-json\/wp\/v2\/coauthors?post=1489"}],"curies":[{"name":"wp","href":"https:\/\/api.w.org\/{rel}","templated":true}]}}