{"id":1480,"date":"2019-10-23T08:51:06","date_gmt":"2019-10-23T08:51:06","guid":{"rendered":"http:\/\/borderlessmag.org\/?page_id=1480"},"modified":"2025-02-20T11:01:04","modified_gmt":"2025-02-20T17:01:04","slug":"acerca-de","status":"publish","type":"page","link":"https:\/\/borderlessmag.org\/es\/about\/","title":{"rendered":"Acerca de"},"content":{"rendered":"<div id=\"fws_69d0eb6dd600c\"  data-column-margin=\"default\" data-midnight=\"dark\" data-top-percent=\"2%\"  class=\"wpb_row vc_row-fluid vc_row\"  style=\"padding-top: calc(100vw * 0.02); padding-bottom: 0px; \"><div class=\"row-bg-wrap\" data-bg-animation=\"none\" data-bg-animation-delay=\"\" data-bg-overlay=\"false\"><div class=\"inner-wrap row-bg-layer\" ><div class=\"row-bg viewport-desktop\"  style=\"\"><\/div><\/div><\/div><div class=\"row_col_wrap_12 col span_12 dark left\">\n\t<div  class=\"vc_col-sm-12 wpb_column column_container vc_column_container col no-extra-padding inherit_tablet inherit_phone\"  data-padding-pos=\"all\" data-has-bg-color=\"false\" data-bg-color=\"\" data-bg-opacity=\"1\" data-animation=\"\" data-delay=\"0\" >\n\t\t<div class=\"vc_column-inner\" >\n\t\t\t<div class=\"wpb_wrapper\">\n\t\t\t\t<div class=\"img-with-aniamtion-wrap center\" data-max-width=\"100%\" data-max-width-mobile=\"default\" data-shadow=\"none\" data-animation=\"fade-in\" >\r\n      <div class=\"inner\">\r\n        <div class=\"hover-wrap\"> \r\n          <div class=\"hover-wrap-inner\">\r\n            <img decoding=\"async\" class=\"img-with-animation skip-lazy\" data-delay=\"0\" height=\"1280\" width=\"1920\" data-animation=\"fade-in\" src=\"https:\/\/borderlessmag.org\/wordpress\/wp-content\/uploads\/2025\/02\/2024_11_19-Aydali-Campa-Reporting_04.jpg\" alt=\"\" srcset=\"https:\/\/borderlessmag.org\/wordpress\/wp-content\/uploads\/2025\/02\/2024_11_19-Aydali-Campa-Reporting_04.jpg 1920w, https:\/\/borderlessmag.org\/wordpress\/wp-content\/uploads\/2025\/02\/2024_11_19-Aydali-Campa-Reporting_04-1536x1024.jpg 1536w, https:\/\/borderlessmag.org\/wordpress\/wp-content\/uploads\/2025\/02\/2024_11_19-Aydali-Campa-Reporting_04-18x12.jpg 18w, https:\/\/borderlessmag.org\/wordpress\/wp-content\/uploads\/2025\/02\/2024_11_19-Aydali-Campa-Reporting_04-150x100.jpg 150w, https:\/\/borderlessmag.org\/wordpress\/wp-content\/uploads\/2025\/02\/2024_11_19-Aydali-Campa-Reporting_04-240x160.jpg 240w, https:\/\/borderlessmag.org\/wordpress\/wp-content\/uploads\/2025\/02\/2024_11_19-Aydali-Campa-Reporting_04-300x200.jpg 300w, https:\/\/borderlessmag.org\/wordpress\/wp-content\/uploads\/2025\/02\/2024_11_19-Aydali-Campa-Reporting_04-600x400.jpg 600w, https:\/\/borderlessmag.org\/wordpress\/wp-content\/uploads\/2025\/02\/2024_11_19-Aydali-Campa-Reporting_04-900x600.jpg 900w, https:\/\/borderlessmag.org\/wordpress\/wp-content\/uploads\/2025\/02\/2024_11_19-Aydali-Campa-Reporting_04-1200x800.jpg 1200w, https:\/\/borderlessmag.org\/wordpress\/wp-content\/uploads\/2025\/02\/2024_11_19-Aydali-Campa-Reporting_04-1500x1000.jpg 1500w, https:\/\/borderlessmag.org\/wordpress\/wp-content\/uploads\/2025\/02\/2024_11_19-Aydali-Campa-Reporting_04-1245x830.jpg 1245w, https:\/\/borderlessmag.org\/wordpress\/wp-content\/uploads\/2025\/02\/2024_11_19-Aydali-Campa-Reporting_04-768x512.jpg 768w\" sizes=\"(min-width: 1450px) 75vw, (min-width: 1000px) 85vw, 100vw\" \/>\r\n         <\/div>\r\n      <\/div><span class=\"vc_figure-caption ccfic-text media-caption\">La reportera de Borderless Aydali Campa realiza una entrevista en Refugee One el pasado noviembre.<\/span><span class=\"media-credit\">\u00d3scar G\u00f3mez\/Borderless Magazine<\/span><\/div><\/div>\n\t\t\t<\/div> \n\t\t<\/div>\n\t<\/div> \n<\/div><\/div>\n\t\t<div id=\"fws_69d0eb6dd706b\"  data-column-margin=\"default\" data-midnight=\"dark\" data-top-percent=\"2%\"  class=\"wpb_row vc_row-fluid vc_row\"  style=\"padding-top: calc(100vw * 0.02); padding-bottom: 0px; \"><div class=\"row-bg-wrap\" data-bg-animation=\"none\" data-bg-animation-delay=\"\" data-bg-overlay=\"false\"><div class=\"inner-wrap row-bg-layer\" ><div class=\"row-bg viewport-desktop\"  style=\"\"><\/div><\/div><\/div><div class=\"row_col_wrap_12 col span_12 dark left\">\n\t<div  class=\"vc_col-sm-12 wpb_column column_container vc_column_container col no-extra-padding inherit_tablet inherit_phone\"  data-padding-pos=\"all\" data-has-bg-color=\"false\" data-bg-color=\"\" data-bg-opacity=\"1\" data-animation=\"\" data-delay=\"0\" >\n\t\t<div class=\"vc_column-inner\" >\n\t\t\t<div class=\"wpb_wrapper\">\n\t\t\t\t\n<div class=\"wpb_text_column wpb_content_element\" >\n\t<h3 id=\"mission-borderless-magazine-is-reimagining-immigration-journalism-for-a-more-just-and-equitable-future\">Misi\u00f3n: Borderless Magazine reimagina el periodismo de inmigraci\u00f3n para un futuro m\u00e1s justo y equitativo.<\/h3>\n<p>Surgimos de un proyecto de periodismo de respuesta r\u00e1pida llamado 90 Days, 90 Voices, que comenz\u00f3 como un blog de Medium en febrero de 2017. Con el apoyo de los habitantes de Chicago que exig\u00edan m\u00e1s y mejores reportajes locales sobre inmigraci\u00f3n, nos constituimos como organizaci\u00f3n sin \u00e1nimo de lucro y lanzamos Borderless Magazine en octubre de 2019.<\/p>\n<p>Somos un medio de comunicaci\u00f3n sin \u00e1nimo de lucro y no partidista:<\/p>\n<ul>\n<li>Reportajes y publicaciones en ingl\u00e9s y espa\u00f1ol<\/li>\n<li>Acompa\u00f1ar a periodistas emergentes en nuestro <a href=\"https:\/\/borderlessmag.org\/es\/wordpress\/vias\/\">Caminos<\/a> programa<\/li>\n<li>Proporcione a los periodistas de otros medios de comunicaci\u00f3n las herramientas que necesitan para informar con imparcialidad y precisi\u00f3n sobre cuestiones de inmigraci\u00f3n a trav\u00e9s de nuestro programa <a href=\"https:\/\/borderlessmag.org\/es\/wordpress\/laboratorio-de-informes-de-inmigracion\/\">Laboratorio de Informaci\u00f3n sobre Inmigraci\u00f3n<\/a><\/li>\n<\/ul>\n<p><span style=\"font-weight: 400;\">Borderless fue nombrado \"El futuro del periodismo\" en el Next Challenge nacional de 2024.<\/span><\/p>\n<h3 id=\"community-is-at-the-center-of-everything-we-do\">La comunidad est\u00e1 en el centro de todo lo que hacemos.<\/h3>\n<p>Incluido c\u00f3mo nos financiamos. Como medio de noticias sin \u00e1nimo de lucro y no partidista, <a href=\"https:\/\/borderlessmag.org\/es\/wordpress\/donar\/\">el apoyo financiero que recibimos de nuestros miembros<\/a> hace posible que no tengamos un muro de pago. Todos los art\u00edculos que publicamos se pueden leer gratis en nuestro sitio web.<\/p>\n<h3 id=\"want-to-join-us\">\u00bfQuieres unirte a nosotros?<\/h3>\n<ul>\n<li><a href=\"https:\/\/borderlessmag.org\/es\/#signup\">Suscr\u00edbase a nuestro bolet\u00edn<\/a> para no perderte ni una historia<\/li>\n<li><a href=\"https:\/\/borderlessmag.org\/es\/donar\/\">Hazte donante<\/a><\/li>\n<li>S\u00edguenos en <a href=\"https:\/\/www.instagram.com\/borderless_mag\">Instagram<\/a>, <a href=\"https:\/\/www.facebook.com\/BorderlessMagazine\">Facebook<\/a>, <a href=\"https:\/\/www.tiktok.com\/@borderless_mag?lang=en\">TikTok<\/a>y <a href=\"https:\/\/www.linkedin.com\/company\/borderlessmag\">LinkedIn<\/a><\/li>\n<li>M\u00e1s informaci\u00f3n <a href=\"https:\/\/borderlessmag.org\/es\/impacto\/\">nuestro impacto<\/a><\/li>\n<\/ul>\n<p>Borderless Magazine NFP es una organizaci\u00f3n con estatus 501c(3) y las donaciones son deducibles de impuestos en la medida que lo permita la ley. Nuestro EIN es 83-12664334.<\/p>\n<p><a href=\"https:\/\/www.guidestar.org\/profile\/shared\/eda1df53-d002-4af7-95c5-dbeb47972bef\" target=\"_blank\" rel=\"noopener\"><img decoding=\"async\" src=\"https:\/\/widgets.guidestar.org\/TransparencySeal\/9811343\" \/><\/a><\/p>\n<\/div>\n\n\n\n\n\t\t\t<\/div> \n\t\t<\/div>\n\t<\/div> \n<\/div><\/div>","protected":false},"excerpt":{"rendered":"La reportera de Borderless Aydali Campa realiza una entrevista en Refugee One el pasado noviembre.Oscar Gomez\/Borderless Magazine Misi\u00f3n: Borderless Magazine reimagina el periodismo de inmigraci\u00f3n para un futuro m\u00e1s justo y equitativo. Surgimos de un proyecto de periodismo de respuesta r\u00e1pida llamado 90 d\u00edas, 90 voces, que comenz\u00f3 como un blog de Medium en febrero de 2017. Con el apoyo de los habitantes de Chicago que exig\u00edan m\u00e1s y mejor informaci\u00f3n local sobre inmigraci\u00f3n, nos incorporamos como una organizaci\u00f3n sin fines de lucro y lanzamos Borderless Magazine en octubre de 2019. Como medio de noticias sin fines de lucro y no partidista, nosotros: Informamos y publicamos historias en ingl\u00e9s y espa\u00f1ol Mentoramos a periodistas emergentes en nuestro programa Pathways Damos...","protected":false},"author":11,"featured_media":8441,"parent":0,"menu_order":0,"comment_status":"closed","ping_status":"closed","template":"","meta":{"inline_featured_image":false,"footnotes":""},"coauthors":[207],"class_list":["post-1480","page","type-page","status-publish","has-post-thumbnail"],"yoast_head":"<!-- This site is optimized with the Yoast SEO Premium plugin v27.3 (Yoast SEO v27.3) - https:\/\/yoast.com\/product\/yoast-seo-premium-wordpress\/ -->\n<title>About &#8211; Borderless Magazine NFP<\/title>\n<meta name=\"description\" content=\"Borderless Magazine in a nonprofit, nonpartisan news outlet based in Chicago covering immigration and immigrants.\" \/>\n<meta name=\"robots\" content=\"index, follow, max-snippet:-1, max-image-preview:large, max-video-preview:-1\" \/>\n<link rel=\"canonical\" href=\"https:\/\/borderlessmag.org\/es\/acerca-de\/\" \/>\n<meta property=\"og:locale\" content=\"es_MX\" \/>\n<meta property=\"og:type\" content=\"article\" \/>\n<meta property=\"og:title\" content=\"About &#8211; Borderless Magazine NFP\" \/>\n<meta property=\"og:description\" content=\"About &#8211; Borderless Magazine NFP\" \/>\n<meta property=\"og:url\" content=\"https:\/\/borderlessmag.org\/es\/acerca-de\/\" \/>\n<meta property=\"og:site_name\" content=\"Borderless Magazine NFP\" \/>\n<meta property=\"article:publisher\" content=\"https:\/\/www.facebook.com\/BorderlessMagazine\" \/>\n<meta property=\"article:modified_time\" content=\"2025-02-20T17:01:04+00:00\" \/>\n<meta property=\"og:image\" content=\"https:\/\/widgets.guidestar.org\/TransparencySeal\/9811343\" \/>\n<meta name=\"twitter:card\" content=\"summary_large_image\" \/>\n<meta name=\"twitter:label1\" content=\"Tiempo de lectura\" \/>\n\t<meta name=\"twitter:data1\" content=\"5 minutos\" \/>\n\t<meta name=\"twitter:label2\" content=\"Written by\" \/>\n\t<meta name=\"twitter:data2\" content=\"Borderless Magazine Staff\" \/>\n<script type=\"application\/ld+json\" class=\"yoast-schema-graph\">{\"@context\":\"https:\\\/\\\/schema.org\",\"@graph\":[{\"@type\":\"NewsArticle\",\"@id\":\"https:\\\/\\\/borderlessmag.org\\\/about\\\/#article\",\"isPartOf\":{\"@id\":\"https:\\\/\\\/borderlessmag.org\\\/about\\\/\"},\"author\":{\"name\":\"Borderless Magazine Staff\",\"@id\":\"https:\\\/\\\/borderlessmag.org\\\/#\\\/schema\\\/person\\\/494d06540b1771aee68324a4f83ee84b\"},\"headline\":\"About\",\"datePublished\":\"2019-10-23T08:51:06+00:00\",\"dateModified\":\"2025-02-20T17:01:04+00:00\",\"mainEntityOfPage\":{\"@id\":\"https:\\\/\\\/borderlessmag.org\\\/about\\\/\"},\"wordCount\":590,\"publisher\":{\"@id\":\"https:\\\/\\\/borderlessmag.org\\\/#organization\"},\"image\":{\"@id\":\"https:\\\/\\\/borderlessmag.org\\\/about\\\/#primaryimage\"},\"thumbnailUrl\":\"https:\\\/\\\/borderlessmag.org\\\/wordpress\\\/wp-content\\\/uploads\\\/2021\\\/12\\\/B-Logo.png\",\"inLanguage\":\"es\"},{\"@type\":\"WebPage\",\"@id\":\"https:\\\/\\\/borderlessmag.org\\\/about\\\/\",\"url\":\"https:\\\/\\\/borderlessmag.org\\\/about\\\/\",\"name\":\"About &#8211; Borderless Magazine NFP\",\"isPartOf\":{\"@id\":\"https:\\\/\\\/borderlessmag.org\\\/#website\"},\"primaryImageOfPage\":{\"@id\":\"https:\\\/\\\/borderlessmag.org\\\/about\\\/#primaryimage\"},\"image\":{\"@id\":\"https:\\\/\\\/borderlessmag.org\\\/about\\\/#primaryimage\"},\"thumbnailUrl\":\"https:\\\/\\\/borderlessmag.org\\\/wordpress\\\/wp-content\\\/uploads\\\/2021\\\/12\\\/B-Logo.png\",\"datePublished\":\"2019-10-23T08:51:06+00:00\",\"dateModified\":\"2025-02-20T17:01:04+00:00\",\"description\":\"Borderless Magazine in a nonprofit, nonpartisan news outlet based in Chicago covering immigration and immigrants.\",\"inLanguage\":\"es\",\"potentialAction\":[{\"@type\":\"ReadAction\",\"target\":[\"https:\\\/\\\/borderlessmag.org\\\/about\\\/\"]}]},{\"@type\":\"ImageObject\",\"inLanguage\":\"es\",\"@id\":\"https:\\\/\\\/borderlessmag.org\\\/about\\\/#primaryimage\",\"url\":\"https:\\\/\\\/borderlessmag.org\\\/wordpress\\\/wp-content\\\/uploads\\\/2021\\\/12\\\/B-Logo.png\",\"contentUrl\":\"https:\\\/\\\/borderlessmag.org\\\/wordpress\\\/wp-content\\\/uploads\\\/2021\\\/12\\\/B-Logo.png\"},{\"@type\":\"WebSite\",\"@id\":\"https:\\\/\\\/borderlessmag.org\\\/#website\",\"url\":\"https:\\\/\\\/borderlessmag.org\\\/\",\"name\":\"Borderless Magazine NFP\",\"description\":\"Stories about immigration and immigrants\",\"publisher\":{\"@id\":\"https:\\\/\\\/borderlessmag.org\\\/#organization\"},\"alternateName\":\"Borderless\",\"potentialAction\":[{\"@type\":\"SearchAction\",\"target\":{\"@type\":\"EntryPoint\",\"urlTemplate\":\"https:\\\/\\\/borderlessmag.org\\\/?s={search_term_string}\"},\"query-input\":{\"@type\":\"PropertyValueSpecification\",\"valueRequired\":true,\"valueName\":\"search_term_string\"}}],\"inLanguage\":\"es\"},{\"@type\":\"Organization\",\"@id\":\"https:\\\/\\\/borderlessmag.org\\\/#organization\",\"name\":\"Borderless Magazine NFP\",\"alternateName\":\"Borderless Mag\",\"url\":\"https:\\\/\\\/borderlessmag.org\\\/\",\"logo\":{\"@type\":\"ImageObject\",\"inLanguage\":\"es\",\"@id\":\"https:\\\/\\\/borderlessmag.org\\\/#\\\/schema\\\/logo\\\/image\\\/\",\"url\":\"https:\\\/\\\/borderlessmag.org\\\/wordpress\\\/wp-content\\\/uploads\\\/2025\\\/08\\\/BorderlessLogo_main_square.jpg\",\"contentUrl\":\"https:\\\/\\\/borderlessmag.org\\\/wordpress\\\/wp-content\\\/uploads\\\/2025\\\/08\\\/BorderlessLogo_main_square.jpg\",\"width\":696,\"height\":696,\"caption\":\"Borderless Magazine NFP\"},\"image\":{\"@id\":\"https:\\\/\\\/borderlessmag.org\\\/#\\\/schema\\\/logo\\\/image\\\/\"},\"sameAs\":[\"https:\\\/\\\/www.facebook.com\\\/BorderlessMagazine\",\"https:\\\/\\\/www.instagram.com\\\/borderless_mag\\\/\",\"https:\\\/\\\/www.tiktok.com\\\/@borderless_mag\"]},{\"@type\":\"Person\",\"@id\":\"https:\\\/\\\/borderlessmag.org\\\/#\\\/schema\\\/person\\\/494d06540b1771aee68324a4f83ee84b\",\"name\":\"Borderless Magazine Staff\",\"image\":{\"@type\":\"ImageObject\",\"inLanguage\":\"es\",\"@id\":\"https:\\\/\\\/secure.gravatar.com\\\/avatar\\\/73a36bdc4111db6c9a6fe479707fda14a1503b55989da2e353b9cf5ac0835687?s=96&d=mm&r=g3712cb91a44b036a2a2fc35f3c060522\",\"url\":\"https:\\\/\\\/secure.gravatar.com\\\/avatar\\\/73a36bdc4111db6c9a6fe479707fda14a1503b55989da2e353b9cf5ac0835687?s=96&d=mm&r=g\",\"contentUrl\":\"https:\\\/\\\/secure.gravatar.com\\\/avatar\\\/73a36bdc4111db6c9a6fe479707fda14a1503b55989da2e353b9cf5ac0835687?s=96&d=mm&r=g\",\"caption\":\"Borderless Magazine Staff\"},\"url\":\"https:\\\/\\\/borderlessmag.org\\\/es\\\/author\\\/borderless-magazine-staff\\\/\"}]}<\/script>\n<!-- \/ Yoast SEO Premium plugin. -->","yoast_head_json":{"title":"Acerca de - Borderless Magazine NFP","description":"Borderless Magazine es un medio de comunicaci\u00f3n sin \u00e1nimo de lucro y no partidista, con sede en Chicago, dedicado a la inmigraci\u00f3n y los inmigrantes.","robots":{"index":"index","follow":"follow","max-snippet":"max-snippet:-1","max-image-preview":"max-image-preview:large","max-video-preview":"max-video-preview:-1"},"canonical":"https:\/\/borderlessmag.org\/es\/acerca-de\/","og_locale":"es_MX","og_type":"article","og_title":"About &#8211; Borderless Magazine NFP","og_description":"About &#8211; Borderless Magazine NFP","og_url":"https:\/\/borderlessmag.org\/es\/acerca-de\/","og_site_name":"Borderless Magazine NFP","article_publisher":"https:\/\/www.facebook.com\/BorderlessMagazine","article_modified_time":"2025-02-20T17:01:04+00:00","og_image":[{"url":"https:\/\/widgets.guidestar.org\/TransparencySeal\/9811343","type":"","width":"","height":""}],"twitter_card":"summary_large_image","twitter_misc":{"Tiempo de lectura":"5 minutos","Written by":"Borderless Magazine Staff"},"schema":{"@context":"https:\/\/schema.org","@graph":[{"@type":"NewsArticle","@id":"https:\/\/borderlessmag.org\/about\/#article","isPartOf":{"@id":"https:\/\/borderlessmag.org\/about\/"},"author":{"name":"Borderless Magazine Staff","@id":"https:\/\/borderlessmag.org\/#\/schema\/person\/494d06540b1771aee68324a4f83ee84b"},"headline":"About","datePublished":"2019-10-23T08:51:06+00:00","dateModified":"2025-02-20T17:01:04+00:00","mainEntityOfPage":{"@id":"https:\/\/borderlessmag.org\/about\/"},"wordCount":590,"publisher":{"@id":"https:\/\/borderlessmag.org\/#organization"},"image":{"@id":"https:\/\/borderlessmag.org\/about\/#primaryimage"},"thumbnailUrl":"https:\/\/borderlessmag.org\/wordpress\/wp-content\/uploads\/2021\/12\/B-Logo.png","inLanguage":"es"},{"@type":"WebPage","@id":"https:\/\/borderlessmag.org\/about\/","url":"https:\/\/borderlessmag.org\/about\/","name":"Acerca de - Borderless Magazine NFP","isPartOf":{"@id":"https:\/\/borderlessmag.org\/#website"},"primaryImageOfPage":{"@id":"https:\/\/borderlessmag.org\/about\/#primaryimage"},"image":{"@id":"https:\/\/borderlessmag.org\/about\/#primaryimage"},"thumbnailUrl":"https:\/\/borderlessmag.org\/wordpress\/wp-content\/uploads\/2021\/12\/B-Logo.png","datePublished":"2019-10-23T08:51:06+00:00","dateModified":"2025-02-20T17:01:04+00:00","description":"Borderless Magazine es un medio de comunicaci\u00f3n sin \u00e1nimo de lucro y no partidista, con sede en Chicago, dedicado a la inmigraci\u00f3n y los inmigrantes.","inLanguage":"es","potentialAction":[{"@type":"ReadAction","target":["https:\/\/borderlessmag.org\/about\/"]}]},{"@type":"ImageObject","inLanguage":"es","@id":"https:\/\/borderlessmag.org\/about\/#primaryimage","url":"https:\/\/borderlessmag.org\/wordpress\/wp-content\/uploads\/2021\/12\/B-Logo.png","contentUrl":"https:\/\/borderlessmag.org\/wordpress\/wp-content\/uploads\/2021\/12\/B-Logo.png"},{"@type":"WebSite","@id":"https:\/\/borderlessmag.org\/#website","url":"https:\/\/borderlessmag.org\/","name":"Revista Borderless NFP","description":"Historias sobre inmigraci\u00f3n e inmigrantes","publisher":{"@id":"https:\/\/borderlessmag.org\/#organization"},"alternateName":"Borderless","potentialAction":[{"@type":"SearchAction","target":{"@type":"EntryPoint","urlTemplate":"https:\/\/borderlessmag.org\/?s={search_term_string}"},"query-input":{"@type":"PropertyValueSpecification","valueRequired":true,"valueName":"search_term_string"}}],"inLanguage":"es"},{"@type":"Organization","@id":"https:\/\/borderlessmag.org\/#organization","name":"Revista Borderless NFP","alternateName":"Borderless Mag","url":"https:\/\/borderlessmag.org\/","logo":{"@type":"ImageObject","inLanguage":"es","@id":"https:\/\/borderlessmag.org\/#\/schema\/logo\/image\/","url":"https:\/\/borderlessmag.org\/wordpress\/wp-content\/uploads\/2025\/08\/BorderlessLogo_main_square.jpg","contentUrl":"https:\/\/borderlessmag.org\/wordpress\/wp-content\/uploads\/2025\/08\/BorderlessLogo_main_square.jpg","width":696,"height":696,"caption":"Borderless Magazine NFP"},"image":{"@id":"https:\/\/borderlessmag.org\/#\/schema\/logo\/image\/"},"sameAs":["https:\/\/www.facebook.com\/BorderlessMagazine","https:\/\/www.instagram.com\/borderless_mag\/","https:\/\/www.tiktok.com\/@borderless_mag"]},{"@type":"Person","@id":"https:\/\/borderlessmag.org\/#\/schema\/person\/494d06540b1771aee68324a4f83ee84b","name":"Personal de Borderless Magazine","image":{"@type":"ImageObject","inLanguage":"es","@id":"https:\/\/secure.gravatar.com\/avatar\/73a36bdc4111db6c9a6fe479707fda14a1503b55989da2e353b9cf5ac0835687?s=96&d=mm&r=g3712cb91a44b036a2a2fc35f3c060522","url":"https:\/\/secure.gravatar.com\/avatar\/73a36bdc4111db6c9a6fe479707fda14a1503b55989da2e353b9cf5ac0835687?s=96&d=mm&r=g","contentUrl":"https:\/\/secure.gravatar.com\/avatar\/73a36bdc4111db6c9a6fe479707fda14a1503b55989da2e353b9cf5ac0835687?s=96&d=mm&r=g","caption":"Borderless Magazine Staff"},"url":"https:\/\/borderlessmag.org\/es\/author\/borderless-magazine-staff\/"}]}},"_links":{"self":[{"href":"https:\/\/borderlessmag.org\/es\/wp-json\/wp\/v2\/pages\/1480","targetHints":{"allow":["GET"]}}],"collection":[{"href":"https:\/\/borderlessmag.org\/es\/wp-json\/wp\/v2\/pages"}],"about":[{"href":"https:\/\/borderlessmag.org\/es\/wp-json\/wp\/v2\/types\/page"}],"author":[{"embeddable":true,"href":"https:\/\/borderlessmag.org\/es\/wp-json\/wp\/v2\/users\/11"}],"replies":[{"embeddable":true,"href":"https:\/\/borderlessmag.org\/es\/wp-json\/wp\/v2\/comments?post=1480"}],"version-history":[{"count":4,"href":"https:\/\/borderlessmag.org\/es\/wp-json\/wp\/v2\/pages\/1480\/revisions"}],"predecessor-version":[{"id":25433,"href":"https:\/\/borderlessmag.org\/es\/wp-json\/wp\/v2\/pages\/1480\/revisions\/25433"}],"wp:featuredmedia":[{"embeddable":true,"href":"https:\/\/borderlessmag.org\/es\/wp-json\/wp\/v2\/media\/8441"}],"wp:attachment":[{"href":"https:\/\/borderlessmag.org\/es\/wp-json\/wp\/v2\/media?parent=1480"}],"wp:term":[{"taxonomy":"author","embeddable":true,"href":"https:\/\/borderlessmag.org\/es\/wp-json\/wp\/v2\/coauthors?post=1480"}],"curies":[{"name":"wp","href":"https:\/\/api.w.org\/{rel}","templated":true}]}}